{"id":2098,"date":"2017-04-20T10:56:15","date_gmt":"2017-04-20T08:56:15","guid":{"rendered":"https:\/\/speedlogistik.com\/veri-isleme\/"},"modified":"2025-10-11T18:13:20","modified_gmt":"2025-10-11T16:13:20","slug":"veri-isleme","status":"publish","type":"page","link":"https:\/\/speedlogistik.com\/tr\/veri-isleme\/","title":{"rendered":"VERI I\u015eLEME"},"content":{"rendered":"[et_pb_section fb_built=&#8221;1&#8243; fullwidth=&#8221;on&#8221; _builder_version=&#8221;4.16&#8243; background_color=&#8221;#0065a6&#8243; global_colors_info=&#8221;{}&#8221;][et_pb_fullwidth_header title=&#8221;VERI I\u015eLEME&#8221; text_orientation=&#8221;center&#8221; content_max_width=&#8221;none&#8221; admin_label=&#8221;TRATTAMENTO DATI Intestazione a Larghezza Piena&#8221; _builder_version=&#8221;4.16&#8243; title_font_size=&#8221;40px&#8221; background_color=&#8221;rgba(255, 255, 255, 0)&#8221; title_font_size_tablet=&#8221;25px&#8221; title_font_size_phone=&#8221;&#8221; title_font_size_last_edited=&#8221;on|tablet&#8221; button_one_letter_spacing_hover=&#8221;0&#8243; button_two_letter_spacing_hover=&#8221;0&#8243; global_colors_info=&#8221;{}&#8221; button_one_text_size__hover_enabled=&#8221;off&#8221; button_two_text_size__hover_enabled=&#8221;off&#8221; button_one_text_color__hover_enabled=&#8221;off&#8221; button_two_text_color__hover_enabled=&#8221;off&#8221; button_one_border_width__hover_enabled=&#8221;off&#8221; button_two_border_width__hover_enabled=&#8221;off&#8221; button_one_border_color__hover_enabled=&#8221;off&#8221; button_two_border_color__hover_enabled=&#8221;off&#8221; button_one_border_radius__hover_enabled=&#8221;off&#8221; button_two_border_radius__hover_enabled=&#8221;off&#8221; button_one_letter_spacing__hover_enabled=&#8221;on&#8221; button_one_letter_spacing__hover=&#8221;0&#8243; button_two_letter_spacing__hover_enabled=&#8221;on&#8221; button_two_letter_spacing__hover=&#8221;0&#8243; button_one_bg_color__hover_enabled=&#8221;off&#8221; button_two_bg_color__hover_enabled=&#8221;off&#8221;][\/et_pb_fullwidth_header][\/et_pb_section][et_pb_section fb_built=&#8221;1&#8243; admin_label=&#8221;section&#8221; _builder_version=&#8221;4.16&#8243; custom_padding=&#8221;0px|0px|0px|0px&#8221; global_colors_info=&#8221;{}&#8221;][et_pb_row admin_label=&#8221;s\u0131ra&#8221; _builder_version=&#8221;4.16&#8243; background_size=&#8221;initial&#8221; background_position=&#8221;top_left&#8221; background_repeat=&#8221;repeat&#8221; global_colors_info=&#8221;{}&#8221;][et_pb_column type=&#8221;4_4&#8243; _builder_version=&#8221;4.16&#8243; custom_padding=&#8221;|||&#8221; global_colors_info=&#8221;{}&#8221; custom_padding__hover=&#8221;|||&#8221;][et_pb_text _builder_version=&#8221;4.20.4&#8243; background_size=&#8221;initial&#8221; background_position=&#8221;top_left&#8221; background_repeat=&#8221;repeat&#8221; text_orientation=&#8221;justified&#8221; hover_enabled=&#8221;0&#8243; border_style=&#8221;solid&#8221; global_colors_info=&#8221;{}&#8221; sticky_enabled=&#8221;0&#8243;]\n<p class=\"p1\"><b>G\u0130ZL\u0130L\u0130K POL\u0130T\u0130KASI<\/b><\/p>\n<p class=\"p1\">2016\/679 say\u0131l\u0131 AB Y\u00f6netmeli\u011fi&#8217;nin (bundan b\u00f6yle GDPR olarak an\u0131lacakt\u0131r) 13. Maddesi uyar\u0131nca sa\u011flanan bilgiler<\/p>\n<p class=\"p3\"><b>\u00d6ns\u00f6z<\/b><\/p>\n<p class=\"p3\" style=\"text-align: justify;\">A\u015fa\u011f\u0131da imzas\u0131 bulunan \u015firket i\u00e7in ki\u015fisel veriler b\u00fcy\u00fck de\u011fer ta\u015f\u0131yan ve korunmalar\u0131n\u0131 sa\u011flamak i\u00e7in prosed\u00fcrler ve davran\u0131\u015flar benimsenerek korunmas\u0131 gereken bir varl\u0131\u011f\u0131 temsil etmektedir. Bu nedenle, ilgili taraflara kar\u015f\u0131 \u015feffafl\u0131k, verilerinin i\u015flenmesine ili\u015fkin temel bilgilerin muhataplara sunulmas\u0131n\u0131 ama\u00e7layan etkili ileti\u015fim ara\u00e7lar\u0131 arac\u0131l\u0131\u011f\u0131yla izlenen birincil hedeftir. Bu nedenle bu bilgilendirme bildirimi, ilgili taraflara mevcut gizlilik d\u00fczenlemelerinin gerektirdi\u011fi t\u00fcm unsurlar\u0131n yan\u0131 s\u0131ra payda\u015flara uygun g\u00fcvenilirlik garantileri sa\u011flamay\u0131 ama\u00e7lamaktad\u0131r. <b><\/b><\/p>\n<p class=\"p3\"><b>Genel Bilgiler <\/b><\/p>\n<p class=\"p3\">Veri sahipleri, t\u00fcm i\u015fleme alanlar\u0131 i\u00e7in ge\u00e7erli olan a\u015fa\u011f\u0131daki genel profiller hakk\u0131nda bilgilendirilir (GDPR Madde 4, c.1):<\/p>\n<ul class=\"ul1\">\n<li class=\"li3\"><span class=\"s1\"><\/span>t\u00fcm veriler mevcut gizlilik d\u00fczenlemelerine (Reg.UE 2016\/679 ve D.Lgs.196\/2003, D.Lgs.101\/2018 ile de\u011fi\u015ftirilmi\u015f ve tamamlanm\u0131\u015ft\u0131r) uygun olarak i\u015flenir;<\/li>\n<li class=\"li3\"><span class=\"s1\"><\/span>t\u00fcm veriler, GDPR&#8217;nin 5. maddesinde belirtilen genel ilkelere uygun olarak, veri sahibine kar\u015f\u0131 yasal, do\u011fru ve \u015feffaf bir \u015fekilde i\u015flenir;<\/li>\n<li class=\"li3\"><span class=\"s1\"><\/span>Veri kayb\u0131n\u0131, yasa d\u0131\u015f\u0131 veya yanl\u0131\u015f kullan\u0131m\u0131 ve yetkisiz eri\u015fimi \u00f6nlemek i\u00e7in \u00f6zel g\u00fcvenlik \u00f6nlemleri al\u0131n\u0131r (GDPR, Madde 32).<\/li>\n<\/ul>\n<p class=\"p3\"><b>Veri kontrol\u00f6r\u00fc<\/b><\/p>\n<p class=\"p3\" style=\"text-align: justify;\">Veri Kontrol\u00f6r\u00fc, gizlilikle ilgili herhangi bir talep i\u00e7in veya a\u015fa\u011f\u0131da listelenen haklar\u0131 kullanmak i\u00e7in a\u015fa\u011f\u0131daki adreslerden ileti\u015fime ge\u00e7ilebilecek olan a\u015fa\u011f\u0131da imzas\u0131 bulunan \u015firkettir (vekil yasal temsilcisinin \u015fahs\u0131nda):<\/p>\n<p class=\"p3\"><strong>VERI\u0307 KORUMA G\u00d6REVLI\u0307SI\u0307<\/strong><\/p>\n<p class=\"p3\">\u0130sim: <strong>Galli Data Service Srl<\/strong><\/p>\n<p class=\"p3\">E-posta: <strong><span style=\"color: #0000ff;\"><a href=\"mailto:dpo@gallidataservice.com\" target=\"_blank\" rel=\"noopener\" style=\"color: ##0065a6;\">dpo@gallidataservice.com<\/a><\/span><br \/><\/strong><\/p>\n<p class=\"p3\"><b>Veri sahiplerinin haklar\u0131<\/b><\/p>\n<ul class=\"ul1\">\n<li class=\"li3\"><span class=\"s1\"><\/span>kendisiyle ilgili ki\u015fisel verilerin bulunmas\u0131n\u0131 ve bunlara eri\u015filmesini talep etme hakk\u0131 (Madde 15 &#8216;Eri\u015fim hakk\u0131&#8217;)<\/li>\n<li class=\"li3\"><span class=\"s1\"><\/span>Yanl\u0131\u015f veya eksik verilerin d\u00fczeltilmesini\/eklenmesini talep etme hakk\u0131 (Madde 16 &#8216;D\u00fczeltme hakk\u0131&#8217;)<\/li>\n<li class=\"li3\"><span class=\"s1\"><\/span>Hakl\u0131 nedenlerin bulunmas\u0131 halinde verilerin silinmesini talep etme hakk\u0131 (Madde 17 &#8216;Silme Hakk\u0131&#8217;)<\/li>\n<li class=\"li3\"><span class=\"s1\"><\/span>i\u015flemenin k\u0131s\u0131tlanmas\u0131n\u0131 talep etme hakk\u0131 (Madde 18 &#8216;K\u0131s\u0131tlama hakk\u0131&#8217;)<\/li>\n<li class=\"li3\"><span class=\"s1\"><\/span>kendisiyle ilgili verileri yap\u0131land\u0131r\u0131lm\u0131\u015f bir formatta alma hakk\u0131 (Madde 20 &#8216;Ta\u015f\u0131nabilirlik Hakk\u0131&#8217;)<\/li>\n<li class=\"li3\"><span class=\"s1\"><\/span>profil olu\u015fturma da dahil olmak \u00fczere i\u015fleme ve otomatik karar alma s\u00fcre\u00e7lerine itiraz etme hakk\u0131 (Madde 21, 22)<\/li>\n<li class=\"li3\"><span class=\"s1\"><\/span>daha \u00f6nce verilmi\u015f bir onay\u0131 iptal etme hakk\u0131;<\/li>\n<li class=\"li3\"><span class=\"s1\"><\/span>Yan\u0131t al\u0131nmamas\u0131 halinde Veri Koruma Kurumu&#8217;na \u015fikayette bulunma hakk\u0131.<\/li>\n<\/ul>\n<p class=\"p3\">A\u015fa\u011f\u0131daki \u00f6zel bilgiler a\u015fa\u011f\u0131da verilmi\u015ftir:<\/p>\n<ol>\n<li><span class=\"s2\"><\/span><strong>bu web sitesinin i\u015fletilmesiyle ilgili veri i\u015fleme <\/strong><\/li>\n<li><span class=\"s2\"><\/span><strong>Kontrol\u00f6r\u00fcn m\u00fc\u015fterilerinin\/tedarik\u00e7ilerinin verilerinin i\u015flenmesi<\/strong><\/li>\n<\/ol>\n<p class=\"p3\"><b>M\u00dc\u015eTER\u0130 VE TEDAR\u0130K\u00c7\u0130LERLE \u0130L\u0130\u015eK\u0130LERE \u0130L\u0130\u015eK\u0130N VER\u0130 \u0130\u015eLEMLER\u0130 <\/b>(mevcut ve potansiyel)<\/p>\n<p class=\"p3\"><b>\u0130\u015fleme nesnesi<\/b><\/p>\n<p class=\"p3\" style=\"text-align: justify;\">\u015eirket, m\u00fc\u015fterilerin\/tedarik\u00e7ilerin ki\u015fisel kimlik verilerini (\u00f6rn. ad, soyad, \u015firket ad\u0131, ki\u015fisel\/mali veriler, adres, telefon numaras\u0131, e-posta, banka ve \u00f6deme referanslar\u0131) ve hizmetlerin sa\u011flanmas\u0131 ba\u011flam\u0131nda elde edilen ve kullan\u0131lan operasyonel irtibatlar\u0131n\u0131 (ad, soyad ve ileti\u015fim verileri) i\u015fler.<\/p>\n<p class=\"p3\"><b>\u0130\u015flemenin amac\u0131 ve yasal dayana\u011f\u0131<\/b><\/p>\n<p class=\"p3\">Veriler \u015fu ama\u00e7larla i\u015flenmektedir:<\/p>\n<ul class=\"ul1\">\n<li class=\"li3\"><span class=\"s1\"><\/span>S\u00f6zle\u015fmeye dayal\u0131\/profesyonel ili\u015fkileri sonu\u00e7land\u0131rmak ve ilgili hizmetleri sa\u011flamak;<\/li>\n<li class=\"li3\"><span class=\"s1\"><\/span>Mevcut ili\u015fkilerden do\u011fan s\u00f6zle\u015fme \u00f6ncesi, s\u00f6zle\u015fmeden do\u011fan ve mali y\u00fck\u00fcml\u00fcl\u00fcklerin yerine getirilmesi ve bunlarla ilgili gerekli ileti\u015fimin y\u00fcr\u00fct\u00fclmesi;<\/li>\n<li class=\"li3\"><span class=\"s1\"><\/span>Kanun, y\u00f6netmelik, AB mevzuat\u0131 veya Kurumun bir emri taraf\u0131ndan belirlenen y\u00fck\u00fcml\u00fcl\u00fcklere uymak;<\/li>\n<li class=\"li3\"><span class=\"s1\"><\/span>me\u015fru bir menfaatin yan\u0131 s\u0131ra Kontrol\u00f6r\u00fcn bir hakk\u0131n\u0131n kullan\u0131lmas\u0131 (\u00f6rne\u011fin mahkemede savunma hakk\u0131, kredi pozisyonlar\u0131n\u0131n korunmas\u0131; ola\u011fan dahili operasyonel, y\u00f6netim ve muhasebe gereklilikleri).<\/li>\n<\/ul>\n<p class=\"p3\" style=\"text-align: justify;\">Bu verilerin sa\u011flanmamas\u0131 Veri Sorumlusu ile bir ili\u015fki kurulmas\u0131n\u0131 imkans\u0131z hale getirecektir. Yukar\u0131da belirtilen ama\u00e7lar, Madde 6, paragraf b,c,f uyar\u0131nca, i\u015flemenin yasall\u0131\u011f\u0131 i\u00e7in uygun yasal dayanaklar\u0131 temsil eder. Verilerin farkl\u0131 ama\u00e7larla (\u00f6rne\u011fin pazarlama ileti\u015fimi, foto\u011fraf\/video i\u00e7eri\u011fi \u00fcretimi vb.) i\u015flenmesi ama\u00e7lan\u0131yorsa, ilgili taraflardan \u00f6zel onaylar\u0131 istenecektir.<\/p>\n<p class=\"p1\"><b>\u0130\u015fleme y\u00f6ntemleri ve saklama s\u00fcresi<\/b><\/p>\n<p class=\"p1\" style=\"text-align: justify;\">Ki\u015fisel verilerin i\u015flenmesi, GDPR Madde 4 no. 2)&#8217;de belirtilen i\u015flemler arac\u0131l\u0131\u011f\u0131yla ger\u00e7ekle\u015ftirilir, yani: toplama, kaydetme, d\u00fczenleme, depolama, dan\u0131\u015fma, i\u015fleme, de\u011fi\u015ftirme, se\u00e7me, \u00e7\u0131karma, kar\u015f\u0131la\u015ft\u0131rma, kullanma, ara ba\u011flant\u0131, engelleme, ileti\u015fim, verilerin silinmesi ve imha edilmesi. Ki\u015fisel veriler hem ka\u011f\u0131t \u00fczerinde hem de elektronik olarak i\u015flenecektir. Veri Sorumlusu, ki\u015fisel verileri toplanma ama\u00e7lar\u0131n\u0131 ve ilgili yasal y\u00fck\u00fcml\u00fcl\u00fckleri yerine getirmek i\u00e7in gerekli olan s\u00fcre boyunca i\u015fleyecektir (idari belgeleri ve i\u015f yaz\u0131\u015fmalar\u0131n\u0131 saklama y\u00fck\u00fcml\u00fcl\u00fcklerine at\u0131fta bulunan uzatma hari\u00e7 olmak \u00fczere, normalde veri sahibi ile olan ili\u015fkiye denk gelir).<\/p>\n<p class=\"p1\"><b>Tedavi kapsam\u0131 <\/b><\/p>\n<p class=\"p1\" style=\"text-align: justify;\">Veriler, GDPR&#8217;nin 29. Maddesi uyar\u0131nca usul\u00fcne uygun olarak yetkilendirilmi\u015f ve e\u011fitilmi\u015f dahili ki\u015filer taraf\u0131ndan i\u015flenir. Ki\u015fisel verilerin ileti\u015fim kapsam\u0131n\u0131 talep etmek, \u00f6zerk veri i\u015fleyicileri veya kontrol\u00f6rleri olarak faaliyet g\u00f6steren herhangi bir d\u0131\u015f \u00f6znenin (\u00f6rne\u011fin dan\u0131\u015fmanlar, teknisyenler, bankac\u0131l\u0131k kurumlar\u0131, nakliyeciler vb.) Veriler, \u00e7e\u015fitli \u015fekillerde kontrol edilen\/ba\u011flant\u0131l\u0131 herhangi bir \u015firkete if\u015fa edilebilir. Veriler AB d\u0131\u015f\u0131nda yay\u0131lmaya veya aktar\u0131lmaya tabi de\u011fildir (AB d\u0131\u015f\u0131na yaln\u0131zca GDPR&#8217;nin V. B\u00f6l\u00fcm\u00fcnde belirtilen ve veri sahiplerinin korunma d\u00fczeyinin tehlikeye at\u0131lmamas\u0131n\u0131 sa\u011flamay\u0131 ama\u00e7layan ko\u015fullara uygun olarak aktar\u0131labilirler <i>&#8220;Md.45 Yeterlilik karar\u0131 temelinde transfer, Md.46 Yeterli g\u00fcvencelere tabi transfer, Md.47 Ba\u011flay\u0131c\u0131 kurumsal kurallar, Md.49 \u00d6zel derogasyonlar&#8221;. <\/i>). Veriler, veri sahibi i\u00e7in \u00f6nemli sonu\u00e7lar do\u011furan otomatik s\u00fcre\u00e7lere tabi de\u011fildir.<\/p>\n<p class=\"p1\"><b>https:\/\/speedlogturkey.eu\/<\/b><b><span class=\"Apple-converted-space\"> <\/span><\/b><\/p>\n<p class=\"p1\"><span class=\"s1\">Site Speedlog Turkey \u015firketine bir ba\u011flant\u0131 i\u00e7ermektedir; Speedlogistik Srl&#8217;nin ortak bir \u015firketidir ve \u00f6zerk bir veri denetleyicisi olarak hareket eder, bu nedenle l\u00fctfen ba\u011flant\u0131l\u0131 sitede yay\u0131nlanan ve mevcut olan kendi bilgilerini okuyun.<\/span><\/p>\n<p class=\"p1\"><b>POLI\u0307TI\u0307KA G\u00dcNCELLEMESI\u0307<\/b><\/p>\n<p class=\"p1\" style=\"text-align: justify;\">L\u00fctfen bu bilgilendirme bildiriminin, referans mevzuat ve i\u00e7tihatlarla ilgili olarak da periyodik revizyona tabi olabilece\u011fini unutmay\u0131n. \u00d6nemli de\u011fi\u015fiklikler olmas\u0131 durumunda, uygun bir s\u00fcre i\u00e7in sitenin ana sayfas\u0131nda uygun bir bildirim yap\u0131lacakt\u0131r. \u0130lgili taraf her durumda bu politikaya periyodik olarak ba\u015fvurmaya davet edilir.<\/p>\n[\/et_pb_text][\/et_pb_column][\/et_pb_row][\/et_pb_section][et_pb_section fb_built=&#8221;1&#8243; fullwidth=&#8221;on&#8221; _builder_version=&#8221;4.16&#8243; background_color=&#8221;#0065a6&#8243; global_colors_info=&#8221;{}&#8221;][et_pb_fullwidth_header content_max_width=&#8221;none&#8221; admin_label=&#8221;MODULO SEPARATORE Intestazione a Larghezza Piena&#8221; _builder_version=&#8221;4.16&#8243; background_color=&#8221;rgba(255, 255, 255, 0)&#8221; background_layout=&#8221;light&#8221; global_colors_info=&#8221;{}&#8221; button_one_text_size__hover_enabled=&#8221;off&#8221; button_two_text_size__hover_enabled=&#8221;off&#8221; button_one_text_color__hover_enabled=&#8221;off&#8221; button_two_text_color__hover_enabled=&#8221;off&#8221; button_one_border_width__hover_enabled=&#8221;off&#8221; button_two_border_width__hover_enabled=&#8221;off&#8221; button_one_border_color__hover_enabled=&#8221;off&#8221; button_two_border_color__hover_enabled=&#8221;off&#8221; button_one_border_radius__hover_enabled=&#8221;off&#8221; button_two_border_radius__hover_enabled=&#8221;off&#8221; button_one_letter_spacing__hover_enabled=&#8221;off&#8221; button_two_letter_spacing__hover_enabled=&#8221;off&#8221; button_one_bg_color__hover_enabled=&#8221;off&#8221; button_two_bg_color__hover_enabled=&#8221;off&#8221;][\/et_pb_fullwidth_header][\/et_pb_section]\n","protected":false},"excerpt":{"rendered":"<p>G\u0130ZL\u0130L\u0130K POL\u0130T\u0130KASI 2016\/679 say\u0131l\u0131 AB Y\u00f6netmeli\u011fi&#8217;nin (bundan b\u00f6yle GDPR olarak an\u0131lacakt\u0131r) 13. Maddesi uyar\u0131nca sa\u011flanan bilgiler \u00d6ns\u00f6z A\u015fa\u011f\u0131da imzas\u0131 bulunan \u015firket i\u00e7in ki\u015fisel veriler b\u00fcy\u00fck de\u011fer ta\u015f\u0131yan ve korunmalar\u0131n\u0131 sa\u011flamak i\u00e7in prosed\u00fcrler ve davran\u0131\u015flar benimsenerek korunmas\u0131 gereken bir varl\u0131\u011f\u0131 temsil etmektedir. Bu nedenle, ilgili taraflara kar\u015f\u0131 \u015feffafl\u0131k, verilerinin i\u015flenmesine ili\u015fkin temel bilgilerin muhataplara sunulmas\u0131n\u0131 ama\u00e7layan [&hellip;]<\/p>\n","protected":false},"author":1,"featured_media":0,"parent":0,"menu_order":0,"comment_status":"closed","ping_status":"closed","template":"","meta":{"_et_pb_use_builder":"on","_et_pb_old_content":"","_et_gb_content_width":"","footnotes":""},"class_list":["post-2098","page","type-page","status-publish","hentry"],"yoast_head":"<!-- This site is optimized with the Yoast SEO plugin v26.7 - https:\/\/yoast.com\/wordpress\/plugins\/seo\/ -->\n<title>VERI\u0307 I\u0307\u015eLEME, BI\u0307LGI\u0307 VE GI\u0307ZLI\u0307LI\u0307K<\/title>\n<meta name=\"description\" content=\"VER\u0130 \u0130\u015eLEME VE G\u0130ZL\u0130L\u0130K: 31\/12\/1996 tarihli ve 675 say\u0131l\u0131 ve 30\/06\/03 tarihli ve 196 say\u0131l\u0131 kanunlara uygun gizlilik politikas\u0131.\" \/>\n<meta name=\"robots\" content=\"index, follow, max-snippet:-1, max-image-preview:large, max-video-preview:-1\" \/>\n<link rel=\"canonical\" href=\"https:\/\/speedlogistik.com\/tr\/veri-isleme\/\" \/>\n<meta property=\"og:locale\" content=\"tr_TR\" \/>\n<meta property=\"og:type\" content=\"article\" \/>\n<meta property=\"og:title\" content=\"VERI\u0307 I\u0307\u015eLEME, BI\u0307LGI\u0307 VE GI\u0307ZLI\u0307LI\u0307K\" \/>\n<meta property=\"og:description\" content=\"VER\u0130 \u0130\u015eLEME VE G\u0130ZL\u0130L\u0130K: 31\/12\/1996 tarihli ve 675 say\u0131l\u0131 ve 30\/06\/03 tarihli ve 196 say\u0131l\u0131 kanunlara uygun gizlilik politikas\u0131.\" \/>\n<meta property=\"og:url\" content=\"https:\/\/speedlogistik.com\/tr\/veri-isleme\/\" \/>\n<meta property=\"og:site_name\" content=\"speedlogistik.com\" \/>\n<meta property=\"article:publisher\" content=\"https:\/\/www.facebook.com\/speedlogistik\/\" \/>\n<meta property=\"article:modified_time\" content=\"2025-10-11T16:13:20+00:00\" \/>\n<meta name=\"twitter:card\" content=\"summary_large_image\" \/>\n<meta name=\"twitter:label1\" content=\"Est. reading time\" \/>\n\t<meta name=\"twitter:data1\" content=\"7 minutes\" \/>\n<script type=\"application\/ld+json\" class=\"yoast-schema-graph\">{\"@context\":\"https:\/\/schema.org\",\"@graph\":[{\"@type\":\"WebPage\",\"@id\":\"https:\/\/speedlogistik.com\/tr\/veri-isleme\/\",\"url\":\"https:\/\/speedlogistik.com\/tr\/veri-isleme\/\",\"name\":\"VERI\u0307 I\u0307\u015eLEME, BI\u0307LGI\u0307 VE GI\u0307ZLI\u0307LI\u0307K\",\"isPartOf\":{\"@id\":\"https:\/\/speedlogistik.com\/tr\/#website\"},\"datePublished\":\"2017-04-20T08:56:15+00:00\",\"dateModified\":\"2025-10-11T16:13:20+00:00\",\"description\":\"VER\u0130 \u0130\u015eLEME VE G\u0130ZL\u0130L\u0130K: 31\/12\/1996 tarihli ve 675 say\u0131l\u0131 ve 30\/06\/03 tarihli ve 196 say\u0131l\u0131 kanunlara uygun gizlilik politikas\u0131.\",\"breadcrumb\":{\"@id\":\"https:\/\/speedlogistik.com\/tr\/veri-isleme\/#breadcrumb\"},\"inLanguage\":\"tr-TR\",\"potentialAction\":[{\"@type\":\"ReadAction\",\"target\":[\"https:\/\/speedlogistik.com\/tr\/veri-isleme\/\"]}]},{\"@type\":\"BreadcrumbList\",\"@id\":\"https:\/\/speedlogistik.com\/tr\/veri-isleme\/#breadcrumb\",\"itemListElement\":[{\"@type\":\"ListItem\",\"position\":1,\"name\":\"Home\",\"item\":\"https:\/\/speedlogistik.com\/tr\/\"},{\"@type\":\"ListItem\",\"position\":2,\"name\":\"VERI I\u015eLEME\"}]},{\"@type\":\"WebSite\",\"@id\":\"https:\/\/speedlogistik.com\/tr\/#website\",\"url\":\"https:\/\/speedlogistik.com\/tr\/\",\"name\":\"speedlogistik.com\",\"description\":\"Logistica e Distribuzione\",\"publisher\":{\"@id\":\"https:\/\/speedlogistik.com\/tr\/#organization\"},\"potentialAction\":[{\"@type\":\"SearchAction\",\"target\":{\"@type\":\"EntryPoint\",\"urlTemplate\":\"https:\/\/speedlogistik.com\/tr\/?s={search_term_string}\"},\"query-input\":{\"@type\":\"PropertyValueSpecification\",\"valueRequired\":true,\"valueName\":\"search_term_string\"}}],\"inLanguage\":\"tr-TR\"},{\"@type\":\"Organization\",\"@id\":\"https:\/\/speedlogistik.com\/tr\/#organization\",\"name\":\"SPEEDLOGISTIK\",\"url\":\"https:\/\/speedlogistik.com\/tr\/\",\"logo\":{\"@type\":\"ImageObject\",\"inLanguage\":\"tr-TR\",\"@id\":\"https:\/\/speedlogistik.com\/tr\/#\/schema\/logo\/image\/\",\"url\":\"https:\/\/speedlogistik.com\/wp-content\/uploads\/2017\/04\/logoSpeedlogistikdefinitivoconfrecceescrittasotto.jpg\",\"contentUrl\":\"https:\/\/speedlogistik.com\/wp-content\/uploads\/2017\/04\/logoSpeedlogistikdefinitivoconfrecceescrittasotto.jpg\",\"width\":557,\"height\":394,\"caption\":\"SPEEDLOGISTIK\"},\"image\":{\"@id\":\"https:\/\/speedlogistik.com\/tr\/#\/schema\/logo\/image\/\"},\"sameAs\":[\"https:\/\/www.facebook.com\/speedlogistik\/\",\"https:\/\/www.linkedin.com\/company-beta\/11134127\/\"]}]}<\/script>\n<!-- \/ Yoast SEO plugin. -->","yoast_head_json":{"title":"VERI\u0307 I\u0307\u015eLEME, BI\u0307LGI\u0307 VE GI\u0307ZLI\u0307LI\u0307K","description":"VER\u0130 \u0130\u015eLEME VE G\u0130ZL\u0130L\u0130K: 31\/12\/1996 tarihli ve 675 say\u0131l\u0131 ve 30\/06\/03 tarihli ve 196 say\u0131l\u0131 kanunlara uygun gizlilik politikas\u0131.","robots":{"index":"index","follow":"follow","max-snippet":"max-snippet:-1","max-image-preview":"max-image-preview:large","max-video-preview":"max-video-preview:-1"},"canonical":"https:\/\/speedlogistik.com\/tr\/veri-isleme\/","og_locale":"tr_TR","og_type":"article","og_title":"VERI\u0307 I\u0307\u015eLEME, BI\u0307LGI\u0307 VE GI\u0307ZLI\u0307LI\u0307K","og_description":"VER\u0130 \u0130\u015eLEME VE G\u0130ZL\u0130L\u0130K: 31\/12\/1996 tarihli ve 675 say\u0131l\u0131 ve 30\/06\/03 tarihli ve 196 say\u0131l\u0131 kanunlara uygun gizlilik politikas\u0131.","og_url":"https:\/\/speedlogistik.com\/tr\/veri-isleme\/","og_site_name":"speedlogistik.com","article_publisher":"https:\/\/www.facebook.com\/speedlogistik\/","article_modified_time":"2025-10-11T16:13:20+00:00","twitter_card":"summary_large_image","twitter_misc":{"Est. reading time":"7 minutes"},"schema":{"@context":"https:\/\/schema.org","@graph":[{"@type":"WebPage","@id":"https:\/\/speedlogistik.com\/tr\/veri-isleme\/","url":"https:\/\/speedlogistik.com\/tr\/veri-isleme\/","name":"VERI\u0307 I\u0307\u015eLEME, BI\u0307LGI\u0307 VE GI\u0307ZLI\u0307LI\u0307K","isPartOf":{"@id":"https:\/\/speedlogistik.com\/tr\/#website"},"datePublished":"2017-04-20T08:56:15+00:00","dateModified":"2025-10-11T16:13:20+00:00","description":"VER\u0130 \u0130\u015eLEME VE G\u0130ZL\u0130L\u0130K: 31\/12\/1996 tarihli ve 675 say\u0131l\u0131 ve 30\/06\/03 tarihli ve 196 say\u0131l\u0131 kanunlara uygun gizlilik politikas\u0131.","breadcrumb":{"@id":"https:\/\/speedlogistik.com\/tr\/veri-isleme\/#breadcrumb"},"inLanguage":"tr-TR","potentialAction":[{"@type":"ReadAction","target":["https:\/\/speedlogistik.com\/tr\/veri-isleme\/"]}]},{"@type":"BreadcrumbList","@id":"https:\/\/speedlogistik.com\/tr\/veri-isleme\/#breadcrumb","itemListElement":[{"@type":"ListItem","position":1,"name":"Home","item":"https:\/\/speedlogistik.com\/tr\/"},{"@type":"ListItem","position":2,"name":"VERI I\u015eLEME"}]},{"@type":"WebSite","@id":"https:\/\/speedlogistik.com\/tr\/#website","url":"https:\/\/speedlogistik.com\/tr\/","name":"speedlogistik.com","description":"Logistica e Distribuzione","publisher":{"@id":"https:\/\/speedlogistik.com\/tr\/#organization"},"potentialAction":[{"@type":"SearchAction","target":{"@type":"EntryPoint","urlTemplate":"https:\/\/speedlogistik.com\/tr\/?s={search_term_string}"},"query-input":{"@type":"PropertyValueSpecification","valueRequired":true,"valueName":"search_term_string"}}],"inLanguage":"tr-TR"},{"@type":"Organization","@id":"https:\/\/speedlogistik.com\/tr\/#organization","name":"SPEEDLOGISTIK","url":"https:\/\/speedlogistik.com\/tr\/","logo":{"@type":"ImageObject","inLanguage":"tr-TR","@id":"https:\/\/speedlogistik.com\/tr\/#\/schema\/logo\/image\/","url":"https:\/\/speedlogistik.com\/wp-content\/uploads\/2017\/04\/logoSpeedlogistikdefinitivoconfrecceescrittasotto.jpg","contentUrl":"https:\/\/speedlogistik.com\/wp-content\/uploads\/2017\/04\/logoSpeedlogistikdefinitivoconfrecceescrittasotto.jpg","width":557,"height":394,"caption":"SPEEDLOGISTIK"},"image":{"@id":"https:\/\/speedlogistik.com\/tr\/#\/schema\/logo\/image\/"},"sameAs":["https:\/\/www.facebook.com\/speedlogistik\/","https:\/\/www.linkedin.com\/company-beta\/11134127\/"]}]}},"_links":{"self":[{"href":"https:\/\/speedlogistik.com\/tr\/wp-json\/wp\/v2\/pages\/2098","targetHints":{"allow":["GET"]}}],"collection":[{"href":"https:\/\/speedlogistik.com\/tr\/wp-json\/wp\/v2\/pages"}],"about":[{"href":"https:\/\/speedlogistik.com\/tr\/wp-json\/wp\/v2\/types\/page"}],"author":[{"embeddable":true,"href":"https:\/\/speedlogistik.com\/tr\/wp-json\/wp\/v2\/users\/1"}],"replies":[{"embeddable":true,"href":"https:\/\/speedlogistik.com\/tr\/wp-json\/wp\/v2\/comments?post=2098"}],"version-history":[{"count":0,"href":"https:\/\/speedlogistik.com\/tr\/wp-json\/wp\/v2\/pages\/2098\/revisions"}],"wp:attachment":[{"href":"https:\/\/speedlogistik.com\/tr\/wp-json\/wp\/v2\/media?parent=2098"}],"curies":[{"name":"wp","href":"https:\/\/api.w.org\/{rel}","templated":true}]}}