{"id":1729,"date":"2023-02-15T10:01:34","date_gmt":"2023-02-15T09:01:34","guid":{"rendered":"https:\/\/speedlogistik.com\/vergi-beyanname-temsilciligi\/"},"modified":"2024-09-11T15:32:34","modified_gmt":"2024-09-11T13:32:34","slug":"vergi-beyanname-temsilciligi","status":"publish","type":"page","link":"https:\/\/speedlogistik.com\/tr\/vergi-beyanname-temsilciligi\/","title":{"rendered":"VERG\u0130 BEYANNAME TEMS\u0130LC\u0130L\u0130\u011e\u0130"},"content":{"rendered":"[et_pb_section fb_built=&#8221;1&#8243; fullwidth=&#8221;on&#8221; _builder_version=&#8221;4.19.5&#8243; global_colors_info=&#8221;{}&#8221;][et_pb_fullwidth_slider _builder_version=&#8221;4.20.4&#8243; custom_padding=&#8221;|||&#8221; custom_padding_tablet=&#8221;|||&#8221; custom_padding_phone=&#8221;|||&#8221; hover_enabled=&#8221;0&#8243; box_shadow_style=&#8221;preset6&#8243; box_shadow_blur=&#8221;10px&#8221; box_shadow_color=&#8221;rgba(0,0,0,0.1)&#8221; remove_inner_shadow=&#8221;off&#8221; hide_content_on_mobile=&#8221;off&#8221; hide_cta_on_mobile=&#8221;off&#8221; show_inner_shadow=&#8221;on&#8221; button_letter_spacing_hover=&#8221;0&#8243; global_colors_info=&#8221;{}&#8221; button_text_size__hover_enabled=&#8221;off&#8221; button_one_text_size__hover_enabled=&#8221;off&#8221; button_two_text_size__hover_enabled=&#8221;off&#8221; button_text_color__hover_enabled=&#8221;off&#8221; button_one_text_color__hover_enabled=&#8221;off&#8221; button_two_text_color__hover_enabled=&#8221;off&#8221; button_border_width__hover_enabled=&#8221;off&#8221; button_one_border_width__hover_enabled=&#8221;off&#8221; button_two_border_width__hover_enabled=&#8221;off&#8221; button_border_color__hover_enabled=&#8221;off&#8221; button_one_border_color__hover_enabled=&#8221;off&#8221; button_two_border_color__hover_enabled=&#8221;off&#8221; button_border_radius__hover_enabled=&#8221;off&#8221; button_one_border_radius__hover_enabled=&#8221;off&#8221; button_two_border_radius__hover_enabled=&#8221;off&#8221; button_letter_spacing__hover_enabled=&#8221;on&#8221; button_letter_spacing__hover=&#8221;0&#8243; button_one_letter_spacing__hover_enabled=&#8221;off&#8221; button_two_letter_spacing__hover_enabled=&#8221;off&#8221; button_bg_color__hover_enabled=&#8221;off&#8221; button_one_bg_color__hover_enabled=&#8221;off&#8221; button_two_bg_color__hover_enabled=&#8221;off&#8221; sticky_enabled=&#8221;0&#8243;][et_pb_slide heading=&#8221;VERG\u0130 BEYANNAME TEMS\u0130LC\u0130L\u0130\u011e\u0130&#8221; use_bg_overlay=&#8221;off&#8221; use_text_overlay=&#8221;on&#8221; text_overlay_color=&#8221;rgba(0,101,166,0.77)&#8221; _builder_version=&#8221;4.20.4&#8243; header_font=&#8221;|on|||&#8221; header_font_size=&#8221;40&#8243; body_font=&#8221;||||&#8221; background_color=&#8221;#ffffff&#8221; background_image=&#8221;https:\/\/speedlogistik.com\/wp-content\/uploads\/2024\/09\/Rappresentanza-Fiscale-scaled.jpeg&#8221; background_enable_image=&#8221;on&#8221; background_repeat=&#8221;repeat&#8221; button_icon_placement=&#8221;right&#8221; button_on_hover=&#8221;on&#8221; hover_enabled=&#8221;0&#8243; header_font_size_tablet=&#8221;25&#8243; header_font_size_phone=&#8221;25&#8243; header_font_size_last_edited=&#8221;on|tablet&#8221; global_colors_info=&#8221;{}&#8221; button_text_size__hover_enabled=&#8221;off&#8221; button_one_text_size__hover_enabled=&#8221;off&#8221; button_two_text_size__hover_enabled=&#8221;off&#8221; button_text_color__hover_enabled=&#8221;off&#8221; button_one_text_color__hover_enabled=&#8221;off&#8221; button_two_text_color__hover_enabled=&#8221;off&#8221; button_border_width__hover_enabled=&#8221;off&#8221; button_one_border_width__hover_enabled=&#8221;off&#8221; button_two_border_width__hover_enabled=&#8221;off&#8221; button_border_color__hover_enabled=&#8221;off&#8221; button_one_border_color__hover_enabled=&#8221;off&#8221; button_two_border_color__hover_enabled=&#8221;off&#8221; button_border_radius__hover_enabled=&#8221;off&#8221; button_one_border_radius__hover_enabled=&#8221;off&#8221; button_two_border_radius__hover_enabled=&#8221;off&#8221; button_letter_spacing__hover_enabled=&#8221;off&#8221; button_one_letter_spacing__hover_enabled=&#8221;off&#8221; button_two_letter_spacing__hover_enabled=&#8221;off&#8221; button_bg_color__hover_enabled=&#8221;off&#8221; button_one_bg_color__hover_enabled=&#8221;off&#8221; button_two_bg_color__hover_enabled=&#8221;off&#8221; sticky_transition=&#8221;on&#8221; title_text=&#8221;EU flags at modern office building with people&#8221; sticky_enabled=&#8221;0&#8243;][\/et_pb_slide][\/et_pb_fullwidth_slider][\/et_pb_section][et_pb_section fb_built=&#8221;1&#8243; _builder_version=&#8221;4.16&#8243; custom_padding=&#8221;0px|0px|0px|0px&#8221; global_colors_info=&#8221;{}&#8221;][et_pb_row _builder_version=&#8221;4.16&#8243; background_size=&#8221;initial&#8221; background_position=&#8221;top_left&#8221; background_repeat=&#8221;repeat&#8221; custom_padding=&#8221;27px|0px|27px|0px&#8221; global_colors_info=&#8221;{}&#8221;][et_pb_column type=&#8221;4_4&#8243; _builder_version=&#8221;4.16&#8243; custom_padding=&#8221;|||&#8221; global_colors_info=&#8221;{}&#8221; custom_padding__hover=&#8221;|||&#8221;][et_pb_text admin_label=&#8221;SERVIZI INTRASTAT Testo&#8221; _builder_version=&#8221;4.19.5&#8243; background_size=&#8221;initial&#8221; background_position=&#8221;top_left&#8221; background_repeat=&#8221;repeat&#8221; text_orientation=&#8221;center&#8221; module_alignment=&#8221;center&#8221; border_style=&#8221;solid&#8221; global_colors_info=&#8221;{}&#8221;]\n<h2><span style=\"color: #e52b38;\">VERG\u0130 BEYANNAME TEMS\u0130LC\u0130L\u0130\u011e\u0130<\/span><\/h2>\n<p>Yabanc\u0131 kurulu\u015flar\u0131n <span style=\"color: #0065a6;\"><strong>Vergi Temsilcili\u011fi Hizmetleri<\/strong><\/span>.<\/p>\n[\/et_pb_text][\/et_pb_column][\/et_pb_row][\/et_pb_section][et_pb_section fb_built=&#8221;1&#8243; _builder_version=&#8221;4.16&#8243; background_color=&#8221;#0065a6&#8243; global_colors_info=&#8221;{}&#8221;][et_pb_row _builder_version=&#8221;4.16&#8243; background_size=&#8221;initial&#8221; background_position=&#8221;top_left&#8221; background_repeat=&#8221;repeat&#8221; global_colors_info=&#8221;{}&#8221;][et_pb_column type=&#8221;4_4&#8243; _builder_version=&#8221;4.16&#8243; custom_padding=&#8221;|||&#8221; global_colors_info=&#8221;{}&#8221; custom_padding__hover=&#8221;|||&#8221;][et_pb_text admin_label=&#8221;I SERVIZI INTRASTAT comprendono Testo&#8221; _builder_version=&#8221;4.19.5&#8243; text_text_color=&#8221;#ffffff&#8221; header_text_color=&#8221;#ffffff&#8221; background_size=&#8221;initial&#8221; background_position=&#8221;top_left&#8221; background_repeat=&#8221;repeat&#8221; background_layout=&#8221;dark&#8221; global_colors_info=&#8221;{}&#8221;]\n<h4><strong>VERG\u0130 TEMS\u0130LC\u0130L\u0130\u011e\u0130 H\u0130ZMETLER\u0130 \u015funlar\u0131 i\u00e7erir:<\/strong><\/h4>\n<ul>\n<li>\n<p><strong>Vergi temsilcisinin atanmas\u0131 i\u00e7in sunulan destek.<\/strong><\/p>\n<\/li>\n<li>\n<p><strong>Belgelerin ve faturalar\u0131n kontrol\u00fc.<\/strong><\/p>\n<\/li>\n<li>\n<p><strong>Temsil alt\u0131nda ithalat\/ihracat i\u015flemlerine destek.<\/strong><\/p>\n<\/li>\n<li>\n<p><strong>Temsil olarak sunulan e-ticaret deste\u011fi.<\/strong><\/p>\n<\/li>\n<li>\n<p><strong>Vergi temsilcisi ile olan ileti\u015fimde kesintisiz destek.<\/strong><\/p>\n<\/li>\n<\/ul>\n[\/et_pb_text][\/et_pb_column][\/et_pb_row][\/et_pb_section]\n","protected":false},"excerpt":{"rendered":"<p>VERG\u0130 BEYANNAME TEMS\u0130LC\u0130L\u0130\u011e\u0130 Yabanc\u0131 kurulu\u015flar\u0131n Vergi Temsilcili\u011fi Hizmetleri.VERG\u0130 TEMS\u0130LC\u0130L\u0130\u011e\u0130 H\u0130ZMETLER\u0130 \u015funlar\u0131 i\u00e7erir: Vergi temsilcisinin atanmas\u0131 i\u00e7in sunulan destek. Belgelerin ve faturalar\u0131n kontrol\u00fc. Temsil alt\u0131nda ithalat\/ihracat i\u015flemlerine destek. Temsil olarak sunulan e-ticaret deste\u011fi. Vergi temsilcisi ile olan ileti\u015fimde kesintisiz destek.<\/p>\n","protected":false},"author":1,"featured_media":0,"parent":0,"menu_order":0,"comment_status":"closed","ping_status":"closed","template":"","meta":{"_et_pb_use_builder":"on","_et_pb_old_content":"","_et_gb_content_width":"","footnotes":""},"class_list":["post-1729","page","type-page","status-publish","hentry"],"yoast_head":"<!-- This site is optimized with the Yoast SEO plugin v26.7 - https:\/\/yoast.com\/wordpress\/plugins\/seo\/ -->\n<title>VERG\u0130 BEYANNAME TEMS\u0130LC\u0130L\u0130\u011e\u0130 - speedlogistik.com<\/title>\n<meta name=\"robots\" content=\"index, follow, max-snippet:-1, max-image-preview:large, max-video-preview:-1\" \/>\n<link rel=\"canonical\" href=\"https:\/\/speedlogistik.com\/tr\/vergi-beyanname-temsilciligi\/\" \/>\n<meta property=\"og:locale\" content=\"tr_TR\" \/>\n<meta property=\"og:type\" content=\"article\" \/>\n<meta property=\"og:title\" content=\"VERG\u0130 BEYANNAME TEMS\u0130LC\u0130L\u0130\u011e\u0130 - speedlogistik.com\" \/>\n<meta property=\"og:description\" content=\"VERG\u0130 BEYANNAME TEMS\u0130LC\u0130L\u0130\u011e\u0130 Yabanc\u0131 kurulu\u015flar\u0131n Vergi Temsilcili\u011fi Hizmetleri.VERG\u0130 TEMS\u0130LC\u0130L\u0130\u011e\u0130 H\u0130ZMETLER\u0130 \u015funlar\u0131 i\u00e7erir: Vergi temsilcisinin atanmas\u0131 i\u00e7in sunulan destek. Belgelerin ve faturalar\u0131n kontrol\u00fc. Temsil alt\u0131nda ithalat\/ihracat i\u015flemlerine destek. Temsil olarak sunulan e-ticaret deste\u011fi. Vergi temsilcisi ile olan ileti\u015fimde kesintisiz destek.\" \/>\n<meta property=\"og:url\" content=\"https:\/\/speedlogistik.com\/tr\/vergi-beyanname-temsilciligi\/\" \/>\n<meta property=\"og:site_name\" content=\"speedlogistik.com\" \/>\n<meta property=\"article:publisher\" content=\"https:\/\/www.facebook.com\/speedlogistik\/\" \/>\n<meta property=\"article:modified_time\" content=\"2024-09-11T13:32:34+00:00\" \/>\n<meta name=\"twitter:card\" content=\"summary_large_image\" \/>\n<meta name=\"twitter:label1\" content=\"Est. reading time\" \/>\n\t<meta name=\"twitter:data1\" content=\"4 minutes\" \/>\n<script type=\"application\/ld+json\" class=\"yoast-schema-graph\">{\"@context\":\"https:\/\/schema.org\",\"@graph\":[{\"@type\":\"WebPage\",\"@id\":\"https:\/\/speedlogistik.com\/tr\/vergi-beyanname-temsilciligi\/\",\"url\":\"https:\/\/speedlogistik.com\/tr\/vergi-beyanname-temsilciligi\/\",\"name\":\"VERG\u0130 BEYANNAME TEMS\u0130LC\u0130L\u0130\u011e\u0130 - speedlogistik.com\",\"isPartOf\":{\"@id\":\"https:\/\/speedlogistik.com\/tr\/#website\"},\"datePublished\":\"2023-02-15T09:01:34+00:00\",\"dateModified\":\"2024-09-11T13:32:34+00:00\",\"breadcrumb\":{\"@id\":\"https:\/\/speedlogistik.com\/tr\/vergi-beyanname-temsilciligi\/#breadcrumb\"},\"inLanguage\":\"tr-TR\",\"potentialAction\":[{\"@type\":\"ReadAction\",\"target\":[\"https:\/\/speedlogistik.com\/tr\/vergi-beyanname-temsilciligi\/\"]}]},{\"@type\":\"BreadcrumbList\",\"@id\":\"https:\/\/speedlogistik.com\/tr\/vergi-beyanname-temsilciligi\/#breadcrumb\",\"itemListElement\":[{\"@type\":\"ListItem\",\"position\":1,\"name\":\"Home\",\"item\":\"https:\/\/speedlogistik.com\/tr\/\"},{\"@type\":\"ListItem\",\"position\":2,\"name\":\"VERG\u0130 BEYANNAME TEMS\u0130LC\u0130L\u0130\u011e\u0130\"}]},{\"@type\":\"WebSite\",\"@id\":\"https:\/\/speedlogistik.com\/tr\/#website\",\"url\":\"https:\/\/speedlogistik.com\/tr\/\",\"name\":\"speedlogistik.com\",\"description\":\"Logistica e Distribuzione\",\"publisher\":{\"@id\":\"https:\/\/speedlogistik.com\/tr\/#organization\"},\"potentialAction\":[{\"@type\":\"SearchAction\",\"target\":{\"@type\":\"EntryPoint\",\"urlTemplate\":\"https:\/\/speedlogistik.com\/tr\/?s={search_term_string}\"},\"query-input\":{\"@type\":\"PropertyValueSpecification\",\"valueRequired\":true,\"valueName\":\"search_term_string\"}}],\"inLanguage\":\"tr-TR\"},{\"@type\":\"Organization\",\"@id\":\"https:\/\/speedlogistik.com\/tr\/#organization\",\"name\":\"SPEEDLOGISTIK\",\"url\":\"https:\/\/speedlogistik.com\/tr\/\",\"logo\":{\"@type\":\"ImageObject\",\"inLanguage\":\"tr-TR\",\"@id\":\"https:\/\/speedlogistik.com\/tr\/#\/schema\/logo\/image\/\",\"url\":\"https:\/\/speedlogistik.com\/wp-content\/uploads\/2017\/04\/logoSpeedlogistikdefinitivoconfrecceescrittasotto.jpg\",\"contentUrl\":\"https:\/\/speedlogistik.com\/wp-content\/uploads\/2017\/04\/logoSpeedlogistikdefinitivoconfrecceescrittasotto.jpg\",\"width\":557,\"height\":394,\"caption\":\"SPEEDLOGISTIK\"},\"image\":{\"@id\":\"https:\/\/speedlogistik.com\/tr\/#\/schema\/logo\/image\/\"},\"sameAs\":[\"https:\/\/www.facebook.com\/speedlogistik\/\",\"https:\/\/www.linkedin.com\/company-beta\/11134127\/\"]}]}<\/script>\n<!-- \/ Yoast SEO plugin. -->","yoast_head_json":{"title":"VERG\u0130 BEYANNAME TEMS\u0130LC\u0130L\u0130\u011e\u0130 - speedlogistik.com","robots":{"index":"index","follow":"follow","max-snippet":"max-snippet:-1","max-image-preview":"max-image-preview:large","max-video-preview":"max-video-preview:-1"},"canonical":"https:\/\/speedlogistik.com\/tr\/vergi-beyanname-temsilciligi\/","og_locale":"tr_TR","og_type":"article","og_title":"VERG\u0130 BEYANNAME TEMS\u0130LC\u0130L\u0130\u011e\u0130 - speedlogistik.com","og_description":"VERG\u0130 BEYANNAME TEMS\u0130LC\u0130L\u0130\u011e\u0130 Yabanc\u0131 kurulu\u015flar\u0131n Vergi Temsilcili\u011fi Hizmetleri.VERG\u0130 TEMS\u0130LC\u0130L\u0130\u011e\u0130 H\u0130ZMETLER\u0130 \u015funlar\u0131 i\u00e7erir: Vergi temsilcisinin atanmas\u0131 i\u00e7in sunulan destek. Belgelerin ve faturalar\u0131n kontrol\u00fc. Temsil alt\u0131nda ithalat\/ihracat i\u015flemlerine destek. Temsil olarak sunulan e-ticaret deste\u011fi. Vergi temsilcisi ile olan ileti\u015fimde kesintisiz destek.","og_url":"https:\/\/speedlogistik.com\/tr\/vergi-beyanname-temsilciligi\/","og_site_name":"speedlogistik.com","article_publisher":"https:\/\/www.facebook.com\/speedlogistik\/","article_modified_time":"2024-09-11T13:32:34+00:00","twitter_card":"summary_large_image","twitter_misc":{"Est. reading time":"4 minutes"},"schema":{"@context":"https:\/\/schema.org","@graph":[{"@type":"WebPage","@id":"https:\/\/speedlogistik.com\/tr\/vergi-beyanname-temsilciligi\/","url":"https:\/\/speedlogistik.com\/tr\/vergi-beyanname-temsilciligi\/","name":"VERG\u0130 BEYANNAME TEMS\u0130LC\u0130L\u0130\u011e\u0130 - speedlogistik.com","isPartOf":{"@id":"https:\/\/speedlogistik.com\/tr\/#website"},"datePublished":"2023-02-15T09:01:34+00:00","dateModified":"2024-09-11T13:32:34+00:00","breadcrumb":{"@id":"https:\/\/speedlogistik.com\/tr\/vergi-beyanname-temsilciligi\/#breadcrumb"},"inLanguage":"tr-TR","potentialAction":[{"@type":"ReadAction","target":["https:\/\/speedlogistik.com\/tr\/vergi-beyanname-temsilciligi\/"]}]},{"@type":"BreadcrumbList","@id":"https:\/\/speedlogistik.com\/tr\/vergi-beyanname-temsilciligi\/#breadcrumb","itemListElement":[{"@type":"ListItem","position":1,"name":"Home","item":"https:\/\/speedlogistik.com\/tr\/"},{"@type":"ListItem","position":2,"name":"VERG\u0130 BEYANNAME TEMS\u0130LC\u0130L\u0130\u011e\u0130"}]},{"@type":"WebSite","@id":"https:\/\/speedlogistik.com\/tr\/#website","url":"https:\/\/speedlogistik.com\/tr\/","name":"speedlogistik.com","description":"Logistica e Distribuzione","publisher":{"@id":"https:\/\/speedlogistik.com\/tr\/#organization"},"potentialAction":[{"@type":"SearchAction","target":{"@type":"EntryPoint","urlTemplate":"https:\/\/speedlogistik.com\/tr\/?s={search_term_string}"},"query-input":{"@type":"PropertyValueSpecification","valueRequired":true,"valueName":"search_term_string"}}],"inLanguage":"tr-TR"},{"@type":"Organization","@id":"https:\/\/speedlogistik.com\/tr\/#organization","name":"SPEEDLOGISTIK","url":"https:\/\/speedlogistik.com\/tr\/","logo":{"@type":"ImageObject","inLanguage":"tr-TR","@id":"https:\/\/speedlogistik.com\/tr\/#\/schema\/logo\/image\/","url":"https:\/\/speedlogistik.com\/wp-content\/uploads\/2017\/04\/logoSpeedlogistikdefinitivoconfrecceescrittasotto.jpg","contentUrl":"https:\/\/speedlogistik.com\/wp-content\/uploads\/2017\/04\/logoSpeedlogistikdefinitivoconfrecceescrittasotto.jpg","width":557,"height":394,"caption":"SPEEDLOGISTIK"},"image":{"@id":"https:\/\/speedlogistik.com\/tr\/#\/schema\/logo\/image\/"},"sameAs":["https:\/\/www.facebook.com\/speedlogistik\/","https:\/\/www.linkedin.com\/company-beta\/11134127\/"]}]}},"_links":{"self":[{"href":"https:\/\/speedlogistik.com\/tr\/wp-json\/wp\/v2\/pages\/1729","targetHints":{"allow":["GET"]}}],"collection":[{"href":"https:\/\/speedlogistik.com\/tr\/wp-json\/wp\/v2\/pages"}],"about":[{"href":"https:\/\/speedlogistik.com\/tr\/wp-json\/wp\/v2\/types\/page"}],"author":[{"embeddable":true,"href":"https:\/\/speedlogistik.com\/tr\/wp-json\/wp\/v2\/users\/1"}],"replies":[{"embeddable":true,"href":"https:\/\/speedlogistik.com\/tr\/wp-json\/wp\/v2\/comments?post=1729"}],"version-history":[{"count":0,"href":"https:\/\/speedlogistik.com\/tr\/wp-json\/wp\/v2\/pages\/1729\/revisions"}],"wp:attachment":[{"href":"https:\/\/speedlogistik.com\/tr\/wp-json\/wp\/v2\/media?parent=1729"}],"curies":[{"name":"wp","href":"https:\/\/api.w.org\/{rel}","templated":true}]}}