{"id":1578,"date":"2020-07-14T10:54:02","date_gmt":"2020-07-14T08:54:02","guid":{"rendered":"https:\/\/speedlogistik.com\/kalite-kontrol-laboratuvari\/"},"modified":"2023-02-09T09:24:50","modified_gmt":"2023-02-09T08:24:50","slug":"kalite-kontrol-laboratuvari","status":"publish","type":"page","link":"https:\/\/speedlogistik.com\/tr\/kalite-kontrol-laboratuvari\/","title":{"rendered":"KAL\u0130TE KONTROL LABORATUVARI"},"content":{"rendered":"[et_pb_section fb_built=&#8221;1&#8243; fullwidth=&#8221;on&#8221; _builder_version=&#8221;3.22&#8243;][et_pb_fullwidth_slider _builder_version=&#8221;4.5.0&#8243; custom_padding=&#8221;|||&#8221; custom_padding_tablet=&#8221;|||&#8221; custom_padding_phone=&#8221;|||&#8221; box_shadow_style=&#8221;preset6&#8243; box_shadow_blur=&#8221;10px&#8221; box_shadow_color=&#8221;rgba(0,0,0,0.1)&#8221; show_inner_shadow=&#8221;on&#8221; button_text_size__hover_enabled=&#8221;off&#8221; button_one_text_size__hover_enabled=&#8221;off&#8221; button_two_text_size__hover_enabled=&#8221;off&#8221; button_text_color__hover_enabled=&#8221;off&#8221; button_one_text_color__hover_enabled=&#8221;off&#8221; button_two_text_color__hover_enabled=&#8221;off&#8221; button_border_width__hover_enabled=&#8221;off&#8221; button_one_border_width__hover_enabled=&#8221;off&#8221; button_two_border_width__hover_enabled=&#8221;off&#8221; button_border_color__hover_enabled=&#8221;off&#8221; button_one_border_color__hover_enabled=&#8221;off&#8221; button_two_border_color__hover_enabled=&#8221;off&#8221; button_border_radius__hover_enabled=&#8221;off&#8221; button_one_border_radius__hover_enabled=&#8221;off&#8221; button_two_border_radius__hover_enabled=&#8221;off&#8221; button_letter_spacing__hover_enabled=&#8221;off&#8221; button_one_letter_spacing__hover_enabled=&#8221;off&#8221; button_two_letter_spacing__hover_enabled=&#8221;off&#8221; button_bg_color__hover_enabled=&#8221;off&#8221; button_one_bg_color__hover_enabled=&#8221;off&#8221; button_two_bg_color__hover_enabled=&#8221;off&#8221;][et_pb_slide heading=&#8221;KAL\u0130TE KONTROL LABORATUVARI&#8221; use_bg_overlay=&#8221;off&#8221; use_text_overlay=&#8221;on&#8221; text_overlay_color=&#8221;rgba(0,101,166,0.77)&#8221; _builder_version=&#8221;4.5.0&#8243; header_font=&#8221;|on|||&#8221; header_font_size=&#8221;40&#8243; body_font=&#8221;||||&#8221; background_color=&#8221;#ffffff&#8221; background_image=&#8221;https:\/\/speedlogistik.com\/wp-content\/uploads\/2020\/07\/Quality-Lab-002.jpg&#8221; background_enable_image=&#8221;on&#8221; background_repeat=&#8221;repeat&#8221; button_icon_placement=&#8221;right&#8221; button_on_hover=&#8221;on&#8221; header_font_size_tablet=&#8221;25&#8243; header_font_size_phone=&#8221;25&#8243; header_font_size_last_edited=&#8221;on|phone&#8221; button_text_size__hover_enabled=&#8221;off&#8221; button_one_text_size__hover_enabled=&#8221;off&#8221; button_two_text_size__hover_enabled=&#8221;off&#8221; button_text_color__hover_enabled=&#8221;off&#8221; button_one_text_color__hover_enabled=&#8221;off&#8221; button_two_text_color__hover_enabled=&#8221;off&#8221; button_border_width__hover_enabled=&#8221;off&#8221; button_one_border_width__hover_enabled=&#8221;off&#8221; button_two_border_width__hover_enabled=&#8221;off&#8221; button_border_color__hover_enabled=&#8221;off&#8221; button_one_border_color__hover_enabled=&#8221;off&#8221; button_two_border_color__hover_enabled=&#8221;off&#8221; button_border_radius__hover_enabled=&#8221;off&#8221; button_one_border_radius__hover_enabled=&#8221;off&#8221; button_two_border_radius__hover_enabled=&#8221;off&#8221; button_letter_spacing__hover_enabled=&#8221;off&#8221; button_one_letter_spacing__hover_enabled=&#8221;off&#8221; button_two_letter_spacing__hover_enabled=&#8221;off&#8221; button_bg_color__hover_enabled=&#8221;off&#8221; button_one_bg_color__hover_enabled=&#8221;off&#8221; button_two_bg_color__hover_enabled=&#8221;off&#8221;][\/et_pb_slide][\/et_pb_fullwidth_slider][\/et_pb_section][et_pb_section fb_built=&#8221;1&#8243; _builder_version=&#8221;3.22&#8243; custom_padding=&#8221;0px|0px|0px|0px&#8221;][et_pb_row _builder_version=&#8221;3.25&#8243; background_size=&#8221;initial&#8221; background_position=&#8221;top_left&#8221; background_repeat=&#8221;repeat&#8221; custom_padding=&#8221;27px|0px|27px|0px&#8221;][et_pb_column type=&#8221;4_4&#8243; _builder_version=&#8221;3.25&#8243; custom_padding=&#8221;|||&#8221; custom_padding__hover=&#8221;|||&#8221;][et_pb_text admin_label=&#8221;GESTIONE WMS E LAVORAZIONI ACCESSORIE Testo&#8221; _builder_version=&#8221;4.5.0&#8243; background_size=&#8221;initial&#8221; background_position=&#8221;top_left&#8221; background_repeat=&#8221;repeat&#8221; text_orientation=&#8221;justified&#8221;]\n<h2 style=\"text-align: center;\"><span style=\"color: #e52b38;\">KAL\u0130TE KONTROL<\/span> <span style=\"color: #0065a6;\">LABORATUVARI<\/span><\/h2>\n<p style=\"text-align: justify;\">T\u00fcm mallar, deponuza veya do\u011frudan son m\u00fc\u015fterilerinize iade edilene kadar depomuzda \u00f6zenle ve yetkinlikle teslim al\u0131n\u0131r ve i\u015flenir.<\/p>\n<p style=\"text-align: justify;\">Gelen mallar kontrol edildikten ve katalogland\u0131ktan sonra, m\u00fc\u015fteri taraf\u0131ndan talep edilen i\u015flemleri ger\u00e7ekle\u015ftiriyoruz.<\/p>\n<p style=\"text-align: justify;\">\u00d6nde gelen ulusal ve uluslararas\u0131 ayakkab\u0131 ve moda \u015firketlerinin hizmetinde 50 y\u0131ll\u0131k deneyim.<\/p>\n[\/et_pb_text][\/et_pb_column][\/et_pb_row][\/et_pb_section][et_pb_section fb_built=&#8221;1&#8243; _builder_version=&#8221;3.22&#8243; background_color=&#8221;#0065a6&#8243; custom_padding=&#8221;0px|0px|0px|0px&#8221;][et_pb_row column_structure=&#8221;1_2,1_2&#8243; _builder_version=&#8221;3.25&#8243; background_size=&#8221;initial&#8221; background_position=&#8221;top_left&#8221; background_repeat=&#8221;repeat&#8221;][et_pb_column type=&#8221;1_2&#8243; _builder_version=&#8221;3.25&#8243; custom_padding=&#8221;|||&#8221; custom_padding__hover=&#8221;|||&#8221;][et_pb_toggle title=&#8221;Kalite Kontrol ve \u0130ade Yenileme &#8221; closed_toggle_text_color=&#8221;#0065a6&#8243; icon_color=&#8221;#0065a6&#8243; admin_label=&#8221;Area di Quarantena Toggle&#8221; _builder_version=&#8221;4.5.1&#8243; title_text_color=&#8221;#0065a6&#8243; title_font=&#8221;|on|||&#8221; background_size=&#8221;initial&#8221; background_position=&#8221;top_left&#8221; background_repeat=&#8221;repeat&#8221;]\n<h4 style=\"text-align: justify;\"><strong>Hizmetler<\/strong><\/h4>\n<ul>\n<li style=\"text-align: justify;\"><strong>Kalite Kontrol, Sat\u0131\u015f \u00d6ncesi ve Sonras\u0131<\/strong><\/li>\n<li style=\"text-align: justify;\"><strong>Boyut ve Teknik Veri Kontrol\u00fc<\/strong><\/li>\n<li style=\"text-align: justify;\"><strong>Kusur Kontrol\u00fc<\/strong><\/li>\n<li style=\"text-align: justify;\">Terbiye <strong>ve<\/strong> Y\u00fcceltme: d\u00fczeltme, cilalama, f\u0131r\u00e7alama, d\u00fczeltici krem ve cila uygulamas\u0131, genel temizlik, \u00fcst ipliklerin perdahlanmas\u0131, kusurlar\u0131n onar\u0131m\u0131, canland\u0131r\u0131c\u0131\/opakla\u015ft\u0131r\u0131c\u0131\/k\u00fcf \u00f6nleyici\/taban koruyucu\/su itici uygulamas\u0131, ezik, kabar\u0131k, buru\u015fuk ve karde derilerin i\u015flenmesi, oksitlenmi\u015f ku\u015fg\u00f6z\u00fc ve aksesuarlar\u0131n i\u015flenmesi, ba\u011fc\u0131k ve ba\u011flant\u0131lar\u0131n de\u011fi\u015ftirilmesi.<\/li>\n<li style=\"text-align: justify;\"><strong>Ambalaj<\/strong>, beyaz ka\u011f\u0131t ve stick uygulamas\u0131, etiketler, kolyeler, piktogramlar.<\/li>\n<\/ul>\n<p style=\"text-align: justify;\"><strong><em>Yenileme, \u00dcr\u00fcn\u00fc Kurtarmak ve Geli\u015ftirmektir.<\/em><\/strong><\/p>\n[\/et_pb_toggle][\/et_pb_column][et_pb_column type=&#8221;1_2&#8243; _builder_version=&#8221;3.25&#8243; custom_padding=&#8221;|||&#8221; custom_padding__hover=&#8221;|||&#8221;][et_pb_toggle title=&#8221;\u00d6rnek Y\u00f6netim&#8221; closed_toggle_text_color=&#8221;#0065a6&#8243; icon_color=&#8221;#0065a6&#8243; admin_label=&#8221;Lavorazioni Accessorie Toggle&#8221; _builder_version=&#8221;4.5.1&#8243; title_text_color=&#8221;#0065a6&#8243; title_font=&#8221;|on|||&#8221; background_size=&#8221;initial&#8221; background_position=&#8221;top_left&#8221; background_repeat=&#8221;repeat&#8221;]\n<h4><strong>Hizmetler<\/strong><\/h4>\n<ul>\n<li><strong>E\u015fle\u015ftirilmemi\u015f numunelerin teslim al\u0131nmas\u0131<\/strong><\/li>\n<li><strong>Teknik Veri Kontrol\u00fc<\/strong><\/li>\n<li><strong>Tek Ayakkab\u0131 Kayd\u0131<\/strong><\/li>\n<li><strong>Sol\/sa\u011f ayak ve e\u015fya tan\u0131mlama<\/strong><\/li>\n<li><strong>Barkod Tan\u0131mlay\u0131c\u0131y\u0131 Yazd\u0131r<\/strong><\/li>\n<li><strong>E\u015flenmi\u015f Depo H\u00fccrelerinde Konumland\u0131rma<\/strong><\/li>\n<li><strong>Birle\u015ftirme S\u00fcre\u00e7leri<\/strong><\/li>\n<li><strong>Ayakkab\u0131 Toplama ve Kalite Kontrol<\/strong><\/li>\n<li><strong>Kaplin ve Ambalaj \u00d6rnekleri<\/strong><\/li>\n<\/ul>\n<p><strong><em>Numune Y\u00f6netimi \u00dcr\u00fcn\u00fc Kurtar\u0131yor ve Geli\u015ftiriyor.<\/em><\/strong><\/p>\n[\/et_pb_toggle][\/et_pb_column][\/et_pb_row][et_pb_row column_structure=&#8221;1_2,1_2&#8243; _builder_version=&#8221;3.25&#8243; background_size=&#8221;initial&#8221; background_position=&#8221;top_left&#8221; background_repeat=&#8221;repeat&#8221;][et_pb_column type=&#8221;1_2&#8243; _builder_version=&#8221;3.25&#8243; custom_padding=&#8221;|||&#8221; custom_padding__hover=&#8221;|||&#8221;][et_pb_video src=&#8221;https:\/\/www.youtube.com\/watch?v=Ibrk5NGe8YM&#8221; thumbnail_overlay_color=&#8221;rgba(0,0,0,0.6)&#8221; _builder_version=&#8221;4.5.1&#8243; _module_preset=&#8221;default&#8221; hover_enabled=&#8221;0&#8243;][\/et_pb_video][\/et_pb_column][et_pb_column type=&#8221;1_2&#8243; _builder_version=&#8221;3.25&#8243; custom_padding=&#8221;|||&#8221; custom_padding__hover=&#8221;|||&#8221;][et_pb_video src=&#8221;https:\/\/www.youtube.com\/watch?v=wJPGBhFPQrM&#8221; thumbnail_overlay_color=&#8221;rgba(0,0,0,0.6)&#8221; _builder_version=&#8221;4.5.1&#8243; _module_preset=&#8221;default&#8221;][\/et_pb_video][\/et_pb_column][\/et_pb_row][et_pb_row column_structure=&#8221;1_4,1_4,1_4,1_4&#8243; _builder_version=&#8221;4.5.0&#8243; _module_preset=&#8221;default&#8221;][et_pb_column type=&#8221;1_4&#8243; _builder_version=&#8221;4.5.0&#8243; _module_preset=&#8221;default&#8221;][et_pb_image src=&#8221;https:\/\/speedlogistik.com\/wp-content\/uploads\/2020\/07\/QualityLab010.jpg&#8221; title_text=&#8221;QualityLab010&#8243; _builder_version=&#8221;4.5.0&#8243; _module_preset=&#8221;default&#8221;][\/et_pb_image][\/et_pb_column][et_pb_column type=&#8221;1_4&#8243; _builder_version=&#8221;4.5.0&#8243; _module_preset=&#8221;default&#8221;][et_pb_image src=&#8221;https:\/\/speedlogistik.com\/wp-content\/uploads\/2020\/07\/QualityLab009.jpg&#8221; title_text=&#8221;QualityLab009&#8243; _builder_version=&#8221;4.5.0&#8243; _module_preset=&#8221;default&#8221;][\/et_pb_image][\/et_pb_column][et_pb_column type=&#8221;1_4&#8243; _builder_version=&#8221;4.5.0&#8243; _module_preset=&#8221;default&#8221;][et_pb_image src=&#8221;https:\/\/speedlogistik.com\/wp-content\/uploads\/2020\/07\/QualityLabcapovolto008.jpg&#8221; title_text=&#8221;QualityLabcaption008&#8243; _builder_version=&#8221;4.5.0&#8243; _module_preset=&#8221;default&#8221;][\/et_pb_image][\/et_pb_column][et_pb_column type=&#8221;1_4&#8243; _builder_version=&#8221;4.5.0&#8243; _module_preset=&#8221;default&#8221;][et_pb_image src=&#8221;https:\/\/speedlogistik.com\/wp-content\/uploads\/2020\/07\/QualityLab013.jpg&#8221; title_text=&#8221;QualityLab013&#8243; _builder_version=&#8221;4.5.0&#8243; _module_preset=&#8221;default&#8221;][\/et_pb_image][\/et_pb_column][\/et_pb_row][\/et_pb_section]\n","protected":false},"excerpt":{"rendered":"<p>KAL\u0130TE KONTROL LABORATUVARI T\u00fcm mallar, deponuza veya do\u011frudan son m\u00fc\u015fterilerinize iade edilene kadar depomuzda \u00f6zenle ve yetkinlikle teslim al\u0131n\u0131r ve i\u015flenir. Gelen mallar kontrol edildikten ve katalogland\u0131ktan sonra, m\u00fc\u015fteri taraf\u0131ndan talep edilen i\u015flemleri ger\u00e7ekle\u015ftiriyoruz. \u00d6nde gelen ulusal ve uluslararas\u0131 ayakkab\u0131 ve moda \u015firketlerinin hizmetinde 50 y\u0131ll\u0131k deneyim.Hizmetler Kalite Kontrol, Sat\u0131\u015f \u00d6ncesi ve Sonras\u0131 Boyut ve [&hellip;]<\/p>\n","protected":false},"author":1,"featured_media":0,"parent":0,"menu_order":0,"comment_status":"closed","ping_status":"closed","template":"","meta":{"_et_pb_use_builder":"on","_et_pb_old_content":"","_et_gb_content_width":"","footnotes":""},"class_list":["post-1578","page","type-page","status-publish","hentry"],"yoast_head":"<!-- This site is optimized with the Yoast SEO plugin v26.7 - https:\/\/yoast.com\/wordpress\/plugins\/seo\/ -->\n<title>KAL\u0130TE KONTROL LABORATUVARI - speedlogistik.com<\/title>\n<meta name=\"robots\" content=\"index, follow, max-snippet:-1, max-image-preview:large, max-video-preview:-1\" \/>\n<link rel=\"canonical\" href=\"https:\/\/speedlogistik.com\/tr\/kalite-kontrol-laboratuvari\/\" \/>\n<meta property=\"og:locale\" content=\"tr_TR\" \/>\n<meta property=\"og:type\" content=\"article\" \/>\n<meta property=\"og:title\" content=\"KAL\u0130TE KONTROL LABORATUVARI - speedlogistik.com\" \/>\n<meta property=\"og:description\" content=\"KAL\u0130TE KONTROL LABORATUVARI T\u00fcm mallar, deponuza veya do\u011frudan son m\u00fc\u015fterilerinize iade edilene kadar depomuzda \u00f6zenle ve yetkinlikle teslim al\u0131n\u0131r ve i\u015flenir. Gelen mallar kontrol edildikten ve katalogland\u0131ktan sonra, m\u00fc\u015fteri taraf\u0131ndan talep edilen i\u015flemleri ger\u00e7ekle\u015ftiriyoruz. \u00d6nde gelen ulusal ve uluslararas\u0131 ayakkab\u0131 ve moda \u015firketlerinin hizmetinde 50 y\u0131ll\u0131k deneyim.Hizmetler Kalite Kontrol, Sat\u0131\u015f \u00d6ncesi ve Sonras\u0131 Boyut ve [&hellip;]\" \/>\n<meta property=\"og:url\" content=\"https:\/\/speedlogistik.com\/tr\/kalite-kontrol-laboratuvari\/\" \/>\n<meta property=\"og:site_name\" content=\"speedlogistik.com\" \/>\n<meta property=\"article:publisher\" content=\"https:\/\/www.facebook.com\/speedlogistik\/\" \/>\n<meta property=\"article:modified_time\" content=\"2023-02-09T08:24:50+00:00\" \/>\n<meta name=\"twitter:card\" content=\"summary_large_image\" \/>\n<meta name=\"twitter:label1\" content=\"Est. reading time\" \/>\n\t<meta name=\"twitter:data1\" content=\"6 minutes\" \/>\n<script type=\"application\/ld+json\" class=\"yoast-schema-graph\">{\"@context\":\"https:\/\/schema.org\",\"@graph\":[{\"@type\":\"WebPage\",\"@id\":\"https:\/\/speedlogistik.com\/tr\/kalite-kontrol-laboratuvari\/\",\"url\":\"https:\/\/speedlogistik.com\/tr\/kalite-kontrol-laboratuvari\/\",\"name\":\"KAL\u0130TE KONTROL LABORATUVARI - speedlogistik.com\",\"isPartOf\":{\"@id\":\"https:\/\/speedlogistik.com\/tr\/#website\"},\"datePublished\":\"2020-07-14T08:54:02+00:00\",\"dateModified\":\"2023-02-09T08:24:50+00:00\",\"breadcrumb\":{\"@id\":\"https:\/\/speedlogistik.com\/tr\/kalite-kontrol-laboratuvari\/#breadcrumb\"},\"inLanguage\":\"tr-TR\",\"potentialAction\":[{\"@type\":\"ReadAction\",\"target\":[\"https:\/\/speedlogistik.com\/tr\/kalite-kontrol-laboratuvari\/\"]}]},{\"@type\":\"BreadcrumbList\",\"@id\":\"https:\/\/speedlogistik.com\/tr\/kalite-kontrol-laboratuvari\/#breadcrumb\",\"itemListElement\":[{\"@type\":\"ListItem\",\"position\":1,\"name\":\"Home\",\"item\":\"https:\/\/speedlogistik.com\/tr\/\"},{\"@type\":\"ListItem\",\"position\":2,\"name\":\"KAL\u0130TE KONTROL LABORATUVARI\"}]},{\"@type\":\"WebSite\",\"@id\":\"https:\/\/speedlogistik.com\/tr\/#website\",\"url\":\"https:\/\/speedlogistik.com\/tr\/\",\"name\":\"speedlogistik.com\",\"description\":\"Logistica e Distribuzione\",\"publisher\":{\"@id\":\"https:\/\/speedlogistik.com\/tr\/#organization\"},\"potentialAction\":[{\"@type\":\"SearchAction\",\"target\":{\"@type\":\"EntryPoint\",\"urlTemplate\":\"https:\/\/speedlogistik.com\/tr\/?s={search_term_string}\"},\"query-input\":{\"@type\":\"PropertyValueSpecification\",\"valueRequired\":true,\"valueName\":\"search_term_string\"}}],\"inLanguage\":\"tr-TR\"},{\"@type\":\"Organization\",\"@id\":\"https:\/\/speedlogistik.com\/tr\/#organization\",\"name\":\"SPEEDLOGISTIK\",\"url\":\"https:\/\/speedlogistik.com\/tr\/\",\"logo\":{\"@type\":\"ImageObject\",\"inLanguage\":\"tr-TR\",\"@id\":\"https:\/\/speedlogistik.com\/tr\/#\/schema\/logo\/image\/\",\"url\":\"https:\/\/speedlogistik.com\/wp-content\/uploads\/2017\/04\/logoSpeedlogistikdefinitivoconfrecceescrittasotto.jpg\",\"contentUrl\":\"https:\/\/speedlogistik.com\/wp-content\/uploads\/2017\/04\/logoSpeedlogistikdefinitivoconfrecceescrittasotto.jpg\",\"width\":557,\"height\":394,\"caption\":\"SPEEDLOGISTIK\"},\"image\":{\"@id\":\"https:\/\/speedlogistik.com\/tr\/#\/schema\/logo\/image\/\"},\"sameAs\":[\"https:\/\/www.facebook.com\/speedlogistik\/\",\"https:\/\/www.linkedin.com\/company-beta\/11134127\/\"]}]}<\/script>\n<!-- \/ Yoast SEO plugin. -->","yoast_head_json":{"title":"KAL\u0130TE KONTROL LABORATUVARI - speedlogistik.com","robots":{"index":"index","follow":"follow","max-snippet":"max-snippet:-1","max-image-preview":"max-image-preview:large","max-video-preview":"max-video-preview:-1"},"canonical":"https:\/\/speedlogistik.com\/tr\/kalite-kontrol-laboratuvari\/","og_locale":"tr_TR","og_type":"article","og_title":"KAL\u0130TE KONTROL LABORATUVARI - speedlogistik.com","og_description":"KAL\u0130TE KONTROL LABORATUVARI T\u00fcm mallar, deponuza veya do\u011frudan son m\u00fc\u015fterilerinize iade edilene kadar depomuzda \u00f6zenle ve yetkinlikle teslim al\u0131n\u0131r ve i\u015flenir. Gelen mallar kontrol edildikten ve katalogland\u0131ktan sonra, m\u00fc\u015fteri taraf\u0131ndan talep edilen i\u015flemleri ger\u00e7ekle\u015ftiriyoruz. \u00d6nde gelen ulusal ve uluslararas\u0131 ayakkab\u0131 ve moda \u015firketlerinin hizmetinde 50 y\u0131ll\u0131k deneyim.Hizmetler Kalite Kontrol, Sat\u0131\u015f \u00d6ncesi ve Sonras\u0131 Boyut ve [&hellip;]","og_url":"https:\/\/speedlogistik.com\/tr\/kalite-kontrol-laboratuvari\/","og_site_name":"speedlogistik.com","article_publisher":"https:\/\/www.facebook.com\/speedlogistik\/","article_modified_time":"2023-02-09T08:24:50+00:00","twitter_card":"summary_large_image","twitter_misc":{"Est. reading time":"6 minutes"},"schema":{"@context":"https:\/\/schema.org","@graph":[{"@type":"WebPage","@id":"https:\/\/speedlogistik.com\/tr\/kalite-kontrol-laboratuvari\/","url":"https:\/\/speedlogistik.com\/tr\/kalite-kontrol-laboratuvari\/","name":"KAL\u0130TE KONTROL LABORATUVARI - speedlogistik.com","isPartOf":{"@id":"https:\/\/speedlogistik.com\/tr\/#website"},"datePublished":"2020-07-14T08:54:02+00:00","dateModified":"2023-02-09T08:24:50+00:00","breadcrumb":{"@id":"https:\/\/speedlogistik.com\/tr\/kalite-kontrol-laboratuvari\/#breadcrumb"},"inLanguage":"tr-TR","potentialAction":[{"@type":"ReadAction","target":["https:\/\/speedlogistik.com\/tr\/kalite-kontrol-laboratuvari\/"]}]},{"@type":"BreadcrumbList","@id":"https:\/\/speedlogistik.com\/tr\/kalite-kontrol-laboratuvari\/#breadcrumb","itemListElement":[{"@type":"ListItem","position":1,"name":"Home","item":"https:\/\/speedlogistik.com\/tr\/"},{"@type":"ListItem","position":2,"name":"KAL\u0130TE KONTROL LABORATUVARI"}]},{"@type":"WebSite","@id":"https:\/\/speedlogistik.com\/tr\/#website","url":"https:\/\/speedlogistik.com\/tr\/","name":"speedlogistik.com","description":"Logistica e Distribuzione","publisher":{"@id":"https:\/\/speedlogistik.com\/tr\/#organization"},"potentialAction":[{"@type":"SearchAction","target":{"@type":"EntryPoint","urlTemplate":"https:\/\/speedlogistik.com\/tr\/?s={search_term_string}"},"query-input":{"@type":"PropertyValueSpecification","valueRequired":true,"valueName":"search_term_string"}}],"inLanguage":"tr-TR"},{"@type":"Organization","@id":"https:\/\/speedlogistik.com\/tr\/#organization","name":"SPEEDLOGISTIK","url":"https:\/\/speedlogistik.com\/tr\/","logo":{"@type":"ImageObject","inLanguage":"tr-TR","@id":"https:\/\/speedlogistik.com\/tr\/#\/schema\/logo\/image\/","url":"https:\/\/speedlogistik.com\/wp-content\/uploads\/2017\/04\/logoSpeedlogistikdefinitivoconfrecceescrittasotto.jpg","contentUrl":"https:\/\/speedlogistik.com\/wp-content\/uploads\/2017\/04\/logoSpeedlogistikdefinitivoconfrecceescrittasotto.jpg","width":557,"height":394,"caption":"SPEEDLOGISTIK"},"image":{"@id":"https:\/\/speedlogistik.com\/tr\/#\/schema\/logo\/image\/"},"sameAs":["https:\/\/www.facebook.com\/speedlogistik\/","https:\/\/www.linkedin.com\/company-beta\/11134127\/"]}]}},"_links":{"self":[{"href":"https:\/\/speedlogistik.com\/tr\/wp-json\/wp\/v2\/pages\/1578","targetHints":{"allow":["GET"]}}],"collection":[{"href":"https:\/\/speedlogistik.com\/tr\/wp-json\/wp\/v2\/pages"}],"about":[{"href":"https:\/\/speedlogistik.com\/tr\/wp-json\/wp\/v2\/types\/page"}],"author":[{"embeddable":true,"href":"https:\/\/speedlogistik.com\/tr\/wp-json\/wp\/v2\/users\/1"}],"replies":[{"embeddable":true,"href":"https:\/\/speedlogistik.com\/tr\/wp-json\/wp\/v2\/comments?post=1578"}],"version-history":[{"count":0,"href":"https:\/\/speedlogistik.com\/tr\/wp-json\/wp\/v2\/pages\/1578\/revisions"}],"wp:attachment":[{"href":"https:\/\/speedlogistik.com\/tr\/wp-json\/wp\/v2\/media?parent=1578"}],"curies":[{"name":"wp","href":"https:\/\/api.w.org\/{rel}","templated":true}]}}