{"id":1487,"date":"2017-04-20T10:31:45","date_gmt":"2017-04-20T08:31:45","guid":{"rendered":"https:\/\/speedlogistik.com\/cerez-politikasi\/"},"modified":"2025-10-11T17:52:57","modified_gmt":"2025-10-11T15:52:57","slug":"cerez-politikasi","status":"publish","type":"page","link":"https:\/\/speedlogistik.com\/tr\/cerez-politikasi\/","title":{"rendered":"\u00c7EREZ POLI\u0307TI\u0307KASI"},"content":{"rendered":"[et_pb_section fb_built=&#8221;1&#8243; fullwidth=&#8221;on&#8221; _builder_version=&#8221;4.16&#8243; background_color=&#8221;#0065a6&#8243; global_colors_info=&#8221;{}&#8221;][et_pb_fullwidth_header title=&#8221;\u00c7EREZ POLI\u0307TI\u0307KASI&#8221; text_orientation=&#8221;center&#8221; content_max_width=&#8221;none&#8221; admin_label=&#8221;COOKIES POLICY Intestazione a Larghezza Piena&#8221; _builder_version=&#8221;4.16&#8243; title_font_size=&#8221;40px&#8221; background_color=&#8221;rgba(255, 255, 255, 0)&#8221; title_font_size_tablet=&#8221;25px&#8221; title_font_size_phone=&#8221;&#8221; title_font_size_last_edited=&#8221;on|tablet&#8221; button_one_letter_spacing_hover=&#8221;0&#8243; button_two_letter_spacing_hover=&#8221;0&#8243; global_colors_info=&#8221;{}&#8221; button_one_text_size__hover_enabled=&#8221;off&#8221; button_two_text_size__hover_enabled=&#8221;off&#8221; button_one_text_color__hover_enabled=&#8221;off&#8221; button_two_text_color__hover_enabled=&#8221;off&#8221; button_one_border_width__hover_enabled=&#8221;off&#8221; button_two_border_width__hover_enabled=&#8221;off&#8221; button_one_border_color__hover_enabled=&#8221;off&#8221; button_two_border_color__hover_enabled=&#8221;off&#8221; button_one_border_radius__hover_enabled=&#8221;off&#8221; button_two_border_radius__hover_enabled=&#8221;off&#8221; button_one_letter_spacing__hover_enabled=&#8221;on&#8221; button_one_letter_spacing__hover=&#8221;0&#8243; button_two_letter_spacing__hover_enabled=&#8221;on&#8221; button_two_letter_spacing__hover=&#8221;0&#8243; button_one_bg_color__hover_enabled=&#8221;off&#8221; button_two_bg_color__hover_enabled=&#8221;off&#8221;][\/et_pb_fullwidth_header][\/et_pb_section][et_pb_section fb_built=&#8221;1&#8243; admin_label=&#8221;section&#8221; _builder_version=&#8221;4.16&#8243; custom_padding=&#8221;0px|0px|0px|0px&#8221; global_colors_info=&#8221;{}&#8221;][et_pb_row admin_label=&#8221;s\u0131ra&#8221; _builder_version=&#8221;4.16&#8243; background_size=&#8221;initial&#8221; background_position=&#8221;top_left&#8221; background_repeat=&#8221;repeat&#8221; global_colors_info=&#8221;{}&#8221;][et_pb_column type=&#8221;4_4&#8243; _builder_version=&#8221;4.16&#8243; custom_padding=&#8221;|||&#8221; global_colors_info=&#8221;{}&#8221; custom_padding__hover=&#8221;|||&#8221;][et_pb_text _builder_version=&#8221;4.20.4&#8243; background_size=&#8221;initial&#8221; background_position=&#8221;top_left&#8221; background_repeat=&#8221;repeat&#8221; text_orientation=&#8221;justified&#8221; hover_enabled=&#8221;0&#8243; use_border_color=&#8221;off&#8221; border_color=&#8221;#ffffff&#8221; border_style=&#8221;solid&#8221; global_colors_info=&#8221;{}&#8221; sticky_enabled=&#8221;0&#8243;]\n<p class=\"p1\" style=\"text-align: justify;\"><b>\u00c7erezler nedir?<\/b> \u00c7erezler, web sunucusunun, siteye yap\u0131lan ayn\u0131 ziyaret s\u0131ras\u0131nda (oturum \u00e7erezleri) veya daha sonra, hatta g\u00fcnler sonra (kal\u0131c\u0131 \u00e7erezler) yeniden kullan\u0131lmak \u00fczere istemci (taray\u0131c\u0131) hakk\u0131nda bilgi depolamas\u0131na olanak tan\u0131yan k\u0131sa metin par\u00e7alar\u0131d\u0131r (harfler ve\/veya say\u0131lar). \u00c7erezler, kullan\u0131c\u0131 tercihlerine g\u00f6re, kullan\u0131lan belirli cihazdaki (bilgisayar, tablet, ak\u0131ll\u0131 telefon) bireysel taray\u0131c\u0131 taraf\u0131ndan saklan\u0131r. \u00d6rne\u011fin web i\u015faret\u00e7ileri, \u015feffaf GIF&#8217;ler ve HTML5 ile sunulan t\u00fcm yerel depolama bi\u00e7imleri gibi benzer teknolojiler, kullan\u0131c\u0131 davran\u0131\u015f\u0131 ve hizmetlerin kullan\u0131m\u0131 hakk\u0131nda bilgi toplamak i\u00e7in kullan\u0131labilir. Bu politikan\u0131n geri kalan\u0131nda \u00e7erezlere ve t\u00fcm benzer teknolojilere sadece &#8220;\u00e7erezler&#8221; terimini kullanarak at\u0131fta bulunaca\u011f\u0131z.   <\/p>\n<p class=\"p3\"><b>Olas\u0131 birinci taraf \u00e7erez t\u00fcrleri ve tercih y\u00f6netimi y\u00f6ntemleri<span class=\"Apple-converted-space\"> <\/span><\/b><\/p>\n<table cellspacing=\"0\" cellpadding=\"0\" class=\"t1\">\n<tbody>\n<tr>\n<td valign=\"top\" class=\"td1\">\n<p class=\"p4\"><b>KATEGOR\u0130<\/b><\/p>\n<\/td>\n<td valign=\"top\" class=\"td2\">\n<p class=\"p4\"><b>AMA\u00c7<\/b><\/p>\n<\/td>\n<td valign=\"top\" class=\"td3\">\n<p class=\"p4\"><b>TERCIHLERIN Y\u00d6NETIMI<\/b><\/p>\n<\/td>\n<\/tr>\n<tr>\n<td valign=\"middle\" class=\"td4\">\n<p class=\"p4\"><b>Tarama veya oturum teknisyenleri<\/b><\/p>\n<\/td>\n<td valign=\"middle\" class=\"td5\">\n<p class=\"p4\">Sitede normal gezinme ve kullan\u0131m\u0131n sa\u011flanmas\u0131<\/p>\n<\/td>\n<td rowspan=\"4\" valign=\"middle\" class=\"td6\">\n<p class=\"p4\">Ana taray\u0131c\u0131lar arac\u0131l\u0131\u011f\u0131yla bu m\u00fcmk\u00fcnd\u00fcr:<\/p>\n<ul class=\"ul1\">\n<li class=\"li4\"><span class=\"s1\"><\/span>Varsay\u0131lan olarak t\u00fcm (veya baz\u0131) \u00e7erez t\u00fcrlerinin al\u0131nmas\u0131n\u0131 engelleme<\/li>\n<li class=\"li4\"><span class=\"s1\"><\/span>Kullan\u0131lan \u00e7erezlerin analitik listesini g\u00f6r\u00fcnt\u00fcleyin<\/li>\n<li class=\"li4\"><span class=\"s1\"><\/span>Y\u00fckl\u00fc \u00e7erezlerin t\u00fcm\u00fcn\u00fc veya bir k\u0131sm\u0131n\u0131 kald\u0131r\u0131n<\/li>\n<\/ul>\n<p class=\"p4\">Bireysel taray\u0131c\u0131lar\u0131n ayarlar\u0131 hakk\u0131nda bilgi i\u00e7in \u00f6zel paragrafa bak\u0131n. \u00c7erezleri engellemenin veya silmenin sitenin gezilebilirli\u011fini etkileyebilece\u011fini l\u00fctfen unutmay\u0131n. <\/p>\n<\/td>\n<\/tr>\n<tr>\n<td valign=\"middle\" class=\"td7\">\n<p class=\"p4\"><b>Analitik Teknisyenler<\/b><\/p>\n<\/td>\n<td valign=\"middle\" class=\"td8\">\n<p class=\"p4\">Ziyaret\u00e7i say\u0131s\u0131 ve g\u00f6r\u00fcnt\u00fclenen sayfalar hakk\u0131nda bilgi toplamak<\/p>\n<\/td>\n<\/tr>\n<tr>\n<td valign=\"middle\" class=\"td4\">\n<p class=\"p4\"><b>\u0130\u015flevsellik teknisyenleri<\/b><\/p>\n<\/td>\n<td valign=\"middle\" class=\"td5\">\n<p class=\"p4\">Se\u00e7ilen bir dizi kritere g\u00f6re navigasyona izin verin<\/p>\n<\/td>\n<\/tr>\n<tr>\n<td valign=\"middle\" class=\"td9\">\n<p class=\"p4\"><b>Profil Olu\u015fturma<\/b><\/p>\n<\/td>\n<td valign=\"middle\" class=\"td10\">\n<p class=\"p4\">Tercihler do\u011frultusunda reklam mesajlar\u0131 g\u00f6ndermek i\u00e7in kullan\u0131c\u0131 profilleri olu\u015fturmak<span class=\"Apple-converted-space\"> <\/span><\/p>\n<\/td>\n<\/tr>\n<\/tbody>\n<\/table>\n<p class=\"p1\"><span class=\"s1\">Site, \u00fc\u00e7\u00fcnc\u00fc taraf sitelere ve \u00fc\u00e7\u00fcnc\u00fc taraf \u00e7erezlerine ba\u011flant\u0131lar i\u00e7erebilir (\u00f6rne\u011fin Facebook, Instagram TikTok; YouTube, <span class=\"s2\">https:\/\/speedlogturkey.eu\/<\/span>, vb.) Daha fazla bilgi i\u00e7in l\u00fctfen ba\u011flant\u0131l\u0131 sitelerin gizlilik politikas\u0131na bak\u0131n.<\/span><\/p>\n<p class=\"p3\"><b>Banner ve \u00f6zel d\u00fc\u011fme arac\u0131l\u0131\u011f\u0131yla tercihlerin y\u00f6netimi<span class=\"Apple-converted-space\"> <\/span><\/b><\/p>\n<p class=\"p4\"><span class=\"s1\">\u0130talyan Gizlilik Garant\u00f6r\u00fc taraf\u0131ndan kabul edilen &#8216;\u00c7erezlerin ve di\u011fer izleme ara\u00e7lar\u0131n\u0131n kullan\u0131m\u0131na ili\u015fkin k\u0131lavuz ilkeler&#8217; uyar\u0131nca, kullan\u0131c\u0131lar her zaman her sayfada g\u00f6r\u00fcnen uygun d\u00fc\u011fmeye t\u0131klayarak tercihlerini kolayca de\u011fi\u015ftirme olana\u011f\u0131na sahiptir; d\u00fc\u011fme, sa\u011f alt k\u00f6\u015fedeki pembe bir sekmedir ve imlecinizle \u00fczerine geldi\u011finizde b\u00fcy\u00fcr ve &#8216;onay\u0131 y\u00f6net&#8217; s\u00f6zc\u00fckleri g\u00f6r\u00fcn\u00fcr.<\/span><\/p>\n<p class=\"p1\"><b>Ba\u015fl\u0131ca taray\u0131c\u0131lar \u00fczerinden tercihlerin y\u00f6netimi  <\/b><\/p>\n<p class=\"p1\" style=\"text-align: justify;\">Kullan\u0131c\u0131lar taray\u0131c\u0131 ayarlar\u0131n\u0131 kullanarak \u00e7erezleri kabul edip etmeyeceklerine karar verebilirler (varsay\u0131lan olarak neredeyse t\u00fcm web taray\u0131c\u0131lar\u0131n\u0131n \u00e7erezleri otomatik olarak kabul edecek \u015fekilde ayarland\u0131\u011f\u0131n\u0131 belirtmek isteriz). Bu ayar de\u011fi\u015ftirilebilir ve farkl\u0131 web siteleri ve web uygulamalar\u0131 i\u00e7in \u00f6zel olarak tan\u0131mlanabilir. Ayr\u0131ca, en iyi taray\u0131c\u0131lar &#8216;\u00f6zel&#8217; ve &#8216;\u00fc\u00e7\u00fcnc\u00fc taraf&#8217; \u00e7erezleri i\u00e7in farkl\u0131 ayarlara izin verir. Genellikle, \u00e7erezlerin yap\u0131land\u0131r\u0131lmas\u0131 &#8216;Tercihler&#8217;, &#8216;Ara\u00e7lar&#8217; veya &#8216;Se\u00e7enekler&#8217; men\u00fcs\u00fcnden yap\u0131l\u0131r.   <\/p>\n<p class=\"p1\">A\u015fa\u011f\u0131da ana taray\u0131c\u0131lar i\u00e7in \u00e7erez y\u00f6netimi k\u0131lavuzlar\u0131na ba\u011flant\u0131lar verilmi\u015ftir:<\/p>\n<p class=\"p6\"><span class=\"s2\"><b>Internet Explorer: <\/b><strong><br \/>\n  <a href=\"http:\/\/support.microsoft.com\/kb\/278835\" target=\"_blank\" rel=\"noopener\"><br \/>\n    <span class=\"s3\">http:\/\/support.microsoft.com\/kb\/278835<\/span><br \/>\n  <\/a><br \/>\n<\/strong><\/span><\/p>\n<p class=\"p6\"><span class=\"s2\"><b>Internet Explorer [mobil s\u00fcr\u00fcm]<\/b>: <strong><br \/>\n  <a href=\"http:\/\/www.windowsphone.com\/en-us\/how-to\/wp7\/web\/changing-privacy-and-other-browser-settings\" target=\"_blank\" rel=\"noopener\"><br \/>\n    <span class=\"s3\">http:\/\/www.windowsphone.com\/en-us\/how-to\/wp7\/web\/changing-privacy-and-other-browser-settings<\/span><br \/>\n  <\/a><br \/>\n<\/strong><\/span><\/p>\n<p class=\"p6\"><span class=\"s2\"><b>Chrome: <\/b><strong><br \/>\n  <a href=\"http:\/\/support.google.com\/chrome\/bin\/answer.py?hl=en-GB&amp;answer=95647\" target=\"_blank\" rel=\"noopener\"><br \/>\n    <span class=\"s3\">http:\/\/support.google.com\/chrome\/bin\/answer.py?hl=en-GB&amp;answer=95647<\/span><br \/>\n  <\/a><br \/>\n<\/strong><\/span><\/p>\n<p class=\"p6\"><span class=\"s2\"><b>Safari: <\/b><strong><br \/>\n  <a href=\"http:\/\/docs.info.apple.com\/article.html?path=Safari\/5.0\/en\/9277.html\" target=\"_blank\" rel=\"noopener\"><br \/>\n    <span class=\"s3\">http:\/\/docs.info.apple.com\/article.html?path=Safari\/5.0\/en\/9277.html<\/span><br \/>\n  <\/a><br \/>\n<\/strong><\/span><\/p>\n<p class=\"p6\"><span class=\"s2\"><b>Safari [mobil s\u00fcr\u00fcm]<\/b>: <strong><br \/>\n  <a href=\"http:\/\/support.apple.com\/kb\/HT1677\" target=\"_blank\" rel=\"noopener\"><br \/>\n    <span class=\"s3\">http:\/\/support.apple.com\/kb\/HT1677<\/span><br \/>\n  <\/a><br \/>\n<\/strong><\/span><\/p>\n<p class=\"p6\"><span class=\"s2\"><b>Firefox: <\/b><strong><br \/>\n  <a href=\"http:\/\/support.mozilla.org\/en-US\/kb\/Enabling%2520and%2520disabling%2520cookies\" target=\"_blank\" rel=\"noopener\"><br \/>\n    <span class=\"s3\">http:\/\/support.mozilla.org\/en-US\/kb\/Enabling%20and%20disabling%20cookies<\/span><br \/>\n  <\/a><br \/>\n<\/strong><\/span><\/p>\n<p class=\"p6\"><span class=\"s2\"><b>Android: <\/b><strong><br \/>\n  <a href=\"http:\/\/support.google.com\/mobile\/bin\/answer.py?hl=en&amp;answer=169022\" target=\"_blank\" rel=\"noopener\"><br \/>\n    <span class=\"s3\">http:\/\/support.google.com\/mobile\/bin\/answer.py?hl=en&amp;answer=169022<\/span><br \/>\n  <\/a><br \/>\n<\/strong><\/span><\/p>\n<p class=\"p6\"><span class=\"s2\"><b>Opera: <\/b><strong><br \/>\n  <a href=\"http:\/\/help.opera.com\/opera\/Windows\/1781\/it\/controlPages.html#manageCookies\" target=\"_blank\" rel=\"noopener\"><br \/>\n    <span class=\"s3\">http:\/\/help.opera.com\/opera\/Windows\/1781\/it\/controlPages.html#manageCookies<\/span><br \/>\n  <\/a><br \/>\n<\/strong><\/span><\/p>\n<p class=\"p1\"><b>Daha fazla bilgi<\/b><\/p>\n<ul class=\"ul1\">\n<li class=\"li1\"><span class=\"s4\"><br \/>\n  <span class=\"s5\"><br \/>\n    <strong><br \/>\n      <a href=\"http:\/\/www.allaboutcookies.org\" target=\"_blank\" rel=\"noopener\">www.allaboutcookies.org<\/a><br \/>\n    <\/strong><br \/>\n  <\/span><br \/>\n<\/span> (\u00e7erez teknolojileri ve nas\u0131l \u00e7al\u0131\u015ft\u0131klar\u0131 hakk\u0131nda daha fazla bilgi i\u00e7in)<span class=\"Apple-converted-space\"> <\/span><\/li>\n<li class=\"li1\"><strong><br \/>\n  <span class=\"s4\"><br \/>\n    <a href=\"http:\/\/www.youronlinechoices.com\/it\/a-proposito\" target=\"_blank\" rel=\"noopener\"><br \/>\n      <span class=\"s5\">www.youronlinechoices.com\/it\/a-proposito<\/span><br \/>\n    <\/a><br \/>\n  <\/span><br \/>\n<\/strong> (kullan\u0131c\u0131lar\u0131n b\u00fcy\u00fck profilleme \u00e7erezlerinin y\u00fcklenmesine kar\u015f\u0131 \u00e7\u0131kmas\u0131na olanak tan\u0131r)<\/li>\n<li class=\"li1\"><a href=\"http:\/\/www.garanteprivacy.it\/cookie\" target=\"_blank\" rel=\"noopener\"><br \/>\n  <strong><span class=\"s4\"><span class=\"s5\">www.garanteprivacy.it\/cookie<\/span><\/span> <\/strong><br \/>\n<\/a>(\u0130talyan Denetim Otoritesi taraf\u0131ndan konuya ili\u015fkin temel d\u00fczenleyici m\u00fcdahalelerin derlenmesi)<span class=\"Apple-converted-space\"> <\/span><\/li>\n<\/ul>\n[\/et_pb_text][\/et_pb_column][\/et_pb_row][\/et_pb_section][et_pb_section fb_built=&#8221;1&#8243; fullwidth=&#8221;on&#8221; _builder_version=&#8221;4.16&#8243; background_color=&#8221;#0065a6&#8243; global_colors_info=&#8221;{}&#8221;][et_pb_fullwidth_header content_max_width=&#8221;none&#8221; admin_label=&#8221;MODULO SEPARATORE Intestazione a Larghezza Piena&#8221; _builder_version=&#8221;4.16&#8243; background_color=&#8221;rgba(255, 255, 255, 0)&#8221; background_layout=&#8221;light&#8221; button_one_letter_spacing_hover=&#8221;0&#8243; button_two_letter_spacing_hover=&#8221;0&#8243; global_colors_info=&#8221;{}&#8221; button_one_text_size__hover_enabled=&#8221;off&#8221; button_two_text_size__hover_enabled=&#8221;off&#8221; button_one_text_color__hover_enabled=&#8221;off&#8221; button_two_text_color__hover_enabled=&#8221;off&#8221; button_one_border_width__hover_enabled=&#8221;off&#8221; button_two_border_width__hover_enabled=&#8221;off&#8221; button_one_border_color__hover_enabled=&#8221;off&#8221; button_two_border_color__hover_enabled=&#8221;off&#8221; button_one_border_radius__hover_enabled=&#8221;off&#8221; button_two_border_radius__hover_enabled=&#8221;off&#8221; button_one_letter_spacing__hover_enabled=&#8221;on&#8221; button_one_letter_spacing__hover=&#8221;0&#8243; button_two_letter_spacing__hover_enabled=&#8221;on&#8221; button_two_letter_spacing__hover=&#8221;0&#8243; button_one_bg_color__hover_enabled=&#8221;off&#8221; button_two_bg_color__hover_enabled=&#8221;off&#8221;][\/et_pb_fullwidth_header][\/et_pb_section]\n","protected":false},"excerpt":{"rendered":"<p>\u00c7erezler nedir? \u00c7erezler, web sunucusunun, siteye yap\u0131lan ayn\u0131 ziyaret s\u0131ras\u0131nda (oturum \u00e7erezleri) veya daha sonra, hatta g\u00fcnler sonra (kal\u0131c\u0131 \u00e7erezler) yeniden kullan\u0131lmak \u00fczere istemci (taray\u0131c\u0131) hakk\u0131nda bilgi depolamas\u0131na olanak tan\u0131yan k\u0131sa metin par\u00e7alar\u0131d\u0131r (harfler ve\/veya say\u0131lar). \u00c7erezler, kullan\u0131c\u0131 tercihlerine g\u00f6re, kullan\u0131lan belirli cihazdaki (bilgisayar, tablet, ak\u0131ll\u0131 telefon) bireysel taray\u0131c\u0131 taraf\u0131ndan saklan\u0131r. \u00d6rne\u011fin web i\u015faret\u00e7ileri, \u015feffaf [&hellip;]<\/p>\n","protected":false},"author":1,"featured_media":0,"parent":0,"menu_order":0,"comment_status":"closed","ping_status":"closed","template":"","meta":{"_et_pb_use_builder":"on","_et_pb_old_content":"","_et_gb_content_width":"","footnotes":""},"class_list":["post-1487","page","type-page","status-publish","hentry"],"yoast_head":"<!-- This site is optimized with the Yoast SEO plugin v26.7 - https:\/\/yoast.com\/wordpress\/plugins\/seo\/ -->\n<title>GEN\u0130\u015eLET\u0130LM\u0130\u015e \u00c7EREZ POL\u0130T\u0130KASI - speedlogistik.com<\/title>\n<meta name=\"description\" content=\"\u00c7EREZ POL\u0130T\u0130KASI: Bu web sitesi, sayfalar\u0131n\u0131 ziyaret eden kullan\u0131c\u0131lar i\u00e7in hizmetlerini basit ve verimli hale getirmek i\u00e7in \u00e7erezler kullan\u0131r.\" \/>\n<meta name=\"robots\" content=\"index, follow, max-snippet:-1, max-image-preview:large, max-video-preview:-1\" \/>\n<link rel=\"canonical\" href=\"https:\/\/speedlogistik.com\/tr\/cerez-politikasi\/\" \/>\n<meta property=\"og:locale\" content=\"tr_TR\" \/>\n<meta property=\"og:type\" content=\"article\" \/>\n<meta property=\"og:title\" content=\"GEN\u0130\u015eLET\u0130LM\u0130\u015e \u00c7EREZ POL\u0130T\u0130KASI - speedlogistik.com\" \/>\n<meta property=\"og:description\" content=\"\u00c7EREZ POL\u0130T\u0130KASI: Bu web sitesi, sayfalar\u0131n\u0131 ziyaret eden kullan\u0131c\u0131lar i\u00e7in hizmetlerini basit ve verimli hale getirmek i\u00e7in \u00e7erezler kullan\u0131r.\" \/>\n<meta property=\"og:url\" content=\"https:\/\/speedlogistik.com\/tr\/cerez-politikasi\/\" \/>\n<meta property=\"og:site_name\" content=\"speedlogistik.com\" \/>\n<meta property=\"article:publisher\" content=\"https:\/\/www.facebook.com\/speedlogistik\/\" \/>\n<meta property=\"article:modified_time\" content=\"2025-10-11T15:52:57+00:00\" \/>\n<meta name=\"twitter:card\" content=\"summary_large_image\" \/>\n<meta name=\"twitter:label1\" content=\"Est. reading time\" \/>\n\t<meta name=\"twitter:data1\" content=\"6 minutes\" \/>\n<script type=\"application\/ld+json\" class=\"yoast-schema-graph\">{\"@context\":\"https:\/\/schema.org\",\"@graph\":[{\"@type\":\"WebPage\",\"@id\":\"https:\/\/speedlogistik.com\/tr\/cerez-politikasi\/\",\"url\":\"https:\/\/speedlogistik.com\/tr\/cerez-politikasi\/\",\"name\":\"GEN\u0130\u015eLET\u0130LM\u0130\u015e \u00c7EREZ POL\u0130T\u0130KASI - speedlogistik.com\",\"isPartOf\":{\"@id\":\"https:\/\/speedlogistik.com\/tr\/#website\"},\"datePublished\":\"2017-04-20T08:31:45+00:00\",\"dateModified\":\"2025-10-11T15:52:57+00:00\",\"description\":\"\u00c7EREZ POL\u0130T\u0130KASI: Bu web sitesi, sayfalar\u0131n\u0131 ziyaret eden kullan\u0131c\u0131lar i\u00e7in hizmetlerini basit ve verimli hale getirmek i\u00e7in \u00e7erezler kullan\u0131r.\",\"breadcrumb\":{\"@id\":\"https:\/\/speedlogistik.com\/tr\/cerez-politikasi\/#breadcrumb\"},\"inLanguage\":\"tr-TR\",\"potentialAction\":[{\"@type\":\"ReadAction\",\"target\":[\"https:\/\/speedlogistik.com\/tr\/cerez-politikasi\/\"]}]},{\"@type\":\"BreadcrumbList\",\"@id\":\"https:\/\/speedlogistik.com\/tr\/cerez-politikasi\/#breadcrumb\",\"itemListElement\":[{\"@type\":\"ListItem\",\"position\":1,\"name\":\"Home\",\"item\":\"https:\/\/speedlogistik.com\/tr\/\"},{\"@type\":\"ListItem\",\"position\":2,\"name\":\"\u00c7EREZ POLI\u0307TI\u0307KASI\"}]},{\"@type\":\"WebSite\",\"@id\":\"https:\/\/speedlogistik.com\/tr\/#website\",\"url\":\"https:\/\/speedlogistik.com\/tr\/\",\"name\":\"speedlogistik.com\",\"description\":\"Logistica e Distribuzione\",\"publisher\":{\"@id\":\"https:\/\/speedlogistik.com\/tr\/#organization\"},\"potentialAction\":[{\"@type\":\"SearchAction\",\"target\":{\"@type\":\"EntryPoint\",\"urlTemplate\":\"https:\/\/speedlogistik.com\/tr\/?s={search_term_string}\"},\"query-input\":{\"@type\":\"PropertyValueSpecification\",\"valueRequired\":true,\"valueName\":\"search_term_string\"}}],\"inLanguage\":\"tr-TR\"},{\"@type\":\"Organization\",\"@id\":\"https:\/\/speedlogistik.com\/tr\/#organization\",\"name\":\"SPEEDLOGISTIK\",\"url\":\"https:\/\/speedlogistik.com\/tr\/\",\"logo\":{\"@type\":\"ImageObject\",\"inLanguage\":\"tr-TR\",\"@id\":\"https:\/\/speedlogistik.com\/tr\/#\/schema\/logo\/image\/\",\"url\":\"https:\/\/speedlogistik.com\/wp-content\/uploads\/2017\/04\/logoSpeedlogistikdefinitivoconfrecceescrittasotto.jpg\",\"contentUrl\":\"https:\/\/speedlogistik.com\/wp-content\/uploads\/2017\/04\/logoSpeedlogistikdefinitivoconfrecceescrittasotto.jpg\",\"width\":557,\"height\":394,\"caption\":\"SPEEDLOGISTIK\"},\"image\":{\"@id\":\"https:\/\/speedlogistik.com\/tr\/#\/schema\/logo\/image\/\"},\"sameAs\":[\"https:\/\/www.facebook.com\/speedlogistik\/\",\"https:\/\/www.linkedin.com\/company-beta\/11134127\/\"]}]}<\/script>\n<!-- \/ Yoast SEO plugin. -->","yoast_head_json":{"title":"GEN\u0130\u015eLET\u0130LM\u0130\u015e \u00c7EREZ POL\u0130T\u0130KASI - speedlogistik.com","description":"\u00c7EREZ POL\u0130T\u0130KASI: Bu web sitesi, sayfalar\u0131n\u0131 ziyaret eden kullan\u0131c\u0131lar i\u00e7in hizmetlerini basit ve verimli hale getirmek i\u00e7in \u00e7erezler kullan\u0131r.","robots":{"index":"index","follow":"follow","max-snippet":"max-snippet:-1","max-image-preview":"max-image-preview:large","max-video-preview":"max-video-preview:-1"},"canonical":"https:\/\/speedlogistik.com\/tr\/cerez-politikasi\/","og_locale":"tr_TR","og_type":"article","og_title":"GEN\u0130\u015eLET\u0130LM\u0130\u015e \u00c7EREZ POL\u0130T\u0130KASI - speedlogistik.com","og_description":"\u00c7EREZ POL\u0130T\u0130KASI: Bu web sitesi, sayfalar\u0131n\u0131 ziyaret eden kullan\u0131c\u0131lar i\u00e7in hizmetlerini basit ve verimli hale getirmek i\u00e7in \u00e7erezler kullan\u0131r.","og_url":"https:\/\/speedlogistik.com\/tr\/cerez-politikasi\/","og_site_name":"speedlogistik.com","article_publisher":"https:\/\/www.facebook.com\/speedlogistik\/","article_modified_time":"2025-10-11T15:52:57+00:00","twitter_card":"summary_large_image","twitter_misc":{"Est. reading time":"6 minutes"},"schema":{"@context":"https:\/\/schema.org","@graph":[{"@type":"WebPage","@id":"https:\/\/speedlogistik.com\/tr\/cerez-politikasi\/","url":"https:\/\/speedlogistik.com\/tr\/cerez-politikasi\/","name":"GEN\u0130\u015eLET\u0130LM\u0130\u015e \u00c7EREZ POL\u0130T\u0130KASI - speedlogistik.com","isPartOf":{"@id":"https:\/\/speedlogistik.com\/tr\/#website"},"datePublished":"2017-04-20T08:31:45+00:00","dateModified":"2025-10-11T15:52:57+00:00","description":"\u00c7EREZ POL\u0130T\u0130KASI: Bu web sitesi, sayfalar\u0131n\u0131 ziyaret eden kullan\u0131c\u0131lar i\u00e7in hizmetlerini basit ve verimli hale getirmek i\u00e7in \u00e7erezler kullan\u0131r.","breadcrumb":{"@id":"https:\/\/speedlogistik.com\/tr\/cerez-politikasi\/#breadcrumb"},"inLanguage":"tr-TR","potentialAction":[{"@type":"ReadAction","target":["https:\/\/speedlogistik.com\/tr\/cerez-politikasi\/"]}]},{"@type":"BreadcrumbList","@id":"https:\/\/speedlogistik.com\/tr\/cerez-politikasi\/#breadcrumb","itemListElement":[{"@type":"ListItem","position":1,"name":"Home","item":"https:\/\/speedlogistik.com\/tr\/"},{"@type":"ListItem","position":2,"name":"\u00c7EREZ POLI\u0307TI\u0307KASI"}]},{"@type":"WebSite","@id":"https:\/\/speedlogistik.com\/tr\/#website","url":"https:\/\/speedlogistik.com\/tr\/","name":"speedlogistik.com","description":"Logistica e Distribuzione","publisher":{"@id":"https:\/\/speedlogistik.com\/tr\/#organization"},"potentialAction":[{"@type":"SearchAction","target":{"@type":"EntryPoint","urlTemplate":"https:\/\/speedlogistik.com\/tr\/?s={search_term_string}"},"query-input":{"@type":"PropertyValueSpecification","valueRequired":true,"valueName":"search_term_string"}}],"inLanguage":"tr-TR"},{"@type":"Organization","@id":"https:\/\/speedlogistik.com\/tr\/#organization","name":"SPEEDLOGISTIK","url":"https:\/\/speedlogistik.com\/tr\/","logo":{"@type":"ImageObject","inLanguage":"tr-TR","@id":"https:\/\/speedlogistik.com\/tr\/#\/schema\/logo\/image\/","url":"https:\/\/speedlogistik.com\/wp-content\/uploads\/2017\/04\/logoSpeedlogistikdefinitivoconfrecceescrittasotto.jpg","contentUrl":"https:\/\/speedlogistik.com\/wp-content\/uploads\/2017\/04\/logoSpeedlogistikdefinitivoconfrecceescrittasotto.jpg","width":557,"height":394,"caption":"SPEEDLOGISTIK"},"image":{"@id":"https:\/\/speedlogistik.com\/tr\/#\/schema\/logo\/image\/"},"sameAs":["https:\/\/www.facebook.com\/speedlogistik\/","https:\/\/www.linkedin.com\/company-beta\/11134127\/"]}]}},"_links":{"self":[{"href":"https:\/\/speedlogistik.com\/tr\/wp-json\/wp\/v2\/pages\/1487","targetHints":{"allow":["GET"]}}],"collection":[{"href":"https:\/\/speedlogistik.com\/tr\/wp-json\/wp\/v2\/pages"}],"about":[{"href":"https:\/\/speedlogistik.com\/tr\/wp-json\/wp\/v2\/types\/page"}],"author":[{"embeddable":true,"href":"https:\/\/speedlogistik.com\/tr\/wp-json\/wp\/v2\/users\/1"}],"replies":[{"embeddable":true,"href":"https:\/\/speedlogistik.com\/tr\/wp-json\/wp\/v2\/comments?post=1487"}],"version-history":[{"count":0,"href":"https:\/\/speedlogistik.com\/tr\/wp-json\/wp\/v2\/pages\/1487\/revisions"}],"wp:attachment":[{"href":"https:\/\/speedlogistik.com\/tr\/wp-json\/wp\/v2\/media?parent=1487"}],"curies":[{"name":"wp","href":"https:\/\/api.w.org\/{rel}","templated":true}]}}