{"id":1438,"date":"2017-04-06T15:59:23","date_gmt":"2017-04-06T13:59:23","guid":{"rendered":"https:\/\/speedlogistik.com\/takim-uyeleri\/"},"modified":"2023-02-16T10:06:27","modified_gmt":"2023-02-16T09:06:27","slug":"takim-uyeleri","status":"publish","type":"page","link":"https:\/\/speedlogistik.com\/tr\/takim-uyeleri\/","title":{"rendered":"TAKIM \u00dcYELER\u0130"},"content":{"rendered":"[et_pb_section fb_built=&#8221;1&#8243; fullwidth=&#8221;on&#8221; _builder_version=&#8221;4.16&#8243; global_colors_info=&#8221;{}&#8221;][et_pb_fullwidth_header title=&#8221;TAKIM \u00dcYELER\u0130&#8221; text_orientation=&#8221;center&#8221; background_overlay_color=&#8221;#0065a6&#8243; content_max_width=&#8221;none&#8221; admin_label=&#8221;TEAM MEMBERS Intestazione a Larghezza Piena&#8221; _builder_version=&#8221;4.16&#8243; title_font_size=&#8221;40px&#8221; background_color=&#8221;rgba(255, 255, 255, 0)&#8221; title_font_size_tablet=&#8221;25px&#8221; title_font_size_phone=&#8221;&#8221; title_font_size_last_edited=&#8221;on|phone&#8221; global_colors_info=&#8221;{}&#8221; button_one_text_size__hover_enabled=&#8221;off&#8221; button_two_text_size__hover_enabled=&#8221;off&#8221; button_one_text_color__hover_enabled=&#8221;off&#8221; button_two_text_color__hover_enabled=&#8221;off&#8221; button_one_border_width__hover_enabled=&#8221;off&#8221; button_two_border_width__hover_enabled=&#8221;off&#8221; button_one_border_color__hover_enabled=&#8221;off&#8221; button_two_border_color__hover_enabled=&#8221;off&#8221; button_one_border_radius__hover_enabled=&#8221;off&#8221; button_two_border_radius__hover_enabled=&#8221;off&#8221; button_one_letter_spacing__hover_enabled=&#8221;off&#8221; button_two_letter_spacing__hover_enabled=&#8221;off&#8221; button_one_bg_color__hover_enabled=&#8221;off&#8221; button_two_bg_color__hover_enabled=&#8221;off&#8221;][\/et_pb_fullwidth_header][\/et_pb_section][et_pb_section fb_built=&#8221;1&#8243; admin_label=&#8221;section&#8221; _builder_version=&#8221;4.16&#8243; custom_padding=&#8221;0px|0px|0px|0px&#8221; global_colors_info=&#8221;{}&#8221;][et_pb_row disabled_on=&#8221;off||off&#8221; admin_label=&#8221;s\u0131ra&#8221; _builder_version=&#8221;4.16&#8243; background_size=&#8221;initial&#8221; background_position=&#8221;top_left&#8221; background_repeat=&#8221;repeat&#8221; custom_padding=&#8221;34px|0px|0px|0px&#8221; custom_width_px=&#8221;1480px&#8221; global_colors_info=&#8221;{}&#8221; column_structure=&#8221;1_3,1_3,1_3&#8243;][et_pb_column type=&#8221;1_3&#8243; _builder_version=&#8221;4.16&#8243; background_position=&#8221;top_left&#8221; custom_padding=&#8221;|||&#8221; global_colors_info=&#8221;{}&#8221; custom_padding__hover=&#8221;|||&#8221;][et_pb_team_member name=&#8221;GIANNI COLCERA&#8221; position=&#8221;Y\u00f6netim Kurulu Ba\u015fkan\u0131&#8221; image_url=&#8221;https:\/\/speedlogistik.com\/wp-content\/uploads\/2017\/04\/giannicolcera.jpg&#8221; admin_label=&#8221;GIANNI COLCERA Persona&#8221; _builder_version=&#8221;4.16&#8243; border_style=&#8221;solid&#8221; global_colors_info=&#8221;{}&#8221;]<a class=\"moz-txt-link-abbreviated\" href=\"mailto:gianni.colcera@speedlogistik.com\">gianni.colcera@speedlogistik.com<\/a><br \/>\n[\/et_pb_team_member][\/et_pb_column][et_pb_column type=&#8221;1_3&#8243; _builder_version=&#8221;4.16&#8243; background_position=&#8221;top_left&#8221; custom_padding=&#8221;|||&#8221; global_colors_info=&#8221;{}&#8221; custom_padding__hover=&#8221;|||&#8221;][et_pb_team_member name=&#8221;Avv. ENRICO COLCERA&#8221; position=&#8221;Lojistik ve Sevkiyat Direkt\u00f6r\u00fc&#8221; image_url=&#8221;https:\/\/speedlogistik.com\/wp-content\/uploads\/2017\/04\/enricocolcera1.jpg&#8221; admin_label=&#8221;ENRICO COLCERA Persona&#8221; _builder_version=&#8221;4.16&#8243; custom_css_after=&#8221;.et_pb_team_member_0.et_pb_team_member:after&#8221; border_style=&#8221;solid&#8221; global_colors_info=&#8221;{}&#8221;]<a class=\"moz-txt-link-abbreviated\" href=\"mailto:enrico.colcera@speedlogistik.com\">enrico.colcera@speedlogistik.com<\/a><br \/>\n[\/et_pb_team_member][\/et_pb_column][et_pb_column type=&#8221;1_3&#8243; _builder_version=&#8221;4.16&#8243; background_position=&#8221;top_left&#8221; custom_padding=&#8221;|||&#8221; global_colors_info=&#8221;{}&#8221; custom_padding__hover=&#8221;|||&#8221;][et_pb_team_member name=&#8221;MARZIA FOGARIN&#8221; position=&#8221;\u0130nsan Kaynaklar\u0131 ve Mali \u0130\u015fler M\u00fcd\u00fcr\u00fc&#8221; image_url=&#8221;https:\/\/speedlogistik.com\/wp-content\/uploads\/2017\/04\/marziafogarin.jpg&#8221; admin_label=&#8221;MARZIA FOGARIN Persona&#8221; _builder_version=&#8221;4.16&#8243; border_style=&#8221;solid&#8221; global_colors_info=&#8221;{}&#8221;]<a class=\"moz-txt-link-abbreviated\" href=\"mailto:marzia.fogarin@speedlogistik.com\">marzia.fogarin@speedlogistik.com<\/a><br \/>\n[\/et_pb_team_member][\/et_pb_column][\/et_pb_row][et_pb_row _builder_version=&#8221;4.16&#8243; background_size=&#8221;initial&#8221; background_position=&#8221;top_left&#8221; background_repeat=&#8221;repeat&#8221; custom_padding=&#8221;28px|0px|0px|0px&#8221; custom_width_px=&#8221;1480px&#8221; global_colors_info=&#8221;{}&#8221; column_structure=&#8221;1_3,1_3,1_3&#8243;][et_pb_column type=&#8221;1_3&#8243; _builder_version=&#8221;4.16&#8243; background_position=&#8221;top_left&#8221; custom_padding=&#8221;|||&#8221; global_colors_info=&#8221;{}&#8221; custom_padding__hover=&#8221;|||&#8221;][et_pb_team_member name=&#8221;SABINA GASTALDI&#8221; position=&#8221;Sat\u0131\u015f M\u00fcd\u00fcr\u00fc&#8221; image_url=&#8221;https:\/\/speedlogistik.com\/wp-content\/uploads\/2017\/04\/sabinagastaldi.jpg&#8221; admin_label=&#8221;SABINA GASTALDI Persona&#8221; _builder_version=&#8221;4.16&#8243; border_style=&#8221;solid&#8221; global_colors_info=&#8221;{}&#8221;]<a class=\"moz-txt-link-abbreviated\" href=\"mailto:sabina.gastaldi@speedlogistik.com\">sabina.gastaldi@speedlogistik.com<\/a><br \/>\n[\/et_pb_team_member][\/et_pb_column][et_pb_column type=&#8221;1_3&#8243; _builder_version=&#8221;4.16&#8243; background_position=&#8221;top_left&#8221; custom_padding=&#8221;|||&#8221; global_colors_info=&#8221;{}&#8221; custom_padding__hover=&#8221;|||&#8221;][et_pb_team_member name=&#8221;OPERASYON OFI\u0307SI\u0307&#8221; position=&#8221; Operasyon Ofisi &#8221; image_url=&#8221;https:\/\/speedlogistik.com\/wp-content\/uploads\/2023\/02\/Ufficio-Operativo.11.jpg&#8221; admin_label=&#8221;RONNY PAULETTO Persona&#8221; _builder_version=&#8221;4.19.5&#8243; hover_enabled=&#8221;0&#8243; border_style=&#8221;solid&#8221; global_colors_info=&#8221;{}&#8221; title_text=&#8221;Ufficio Operativo.11&#8243; sticky_enabled=&#8221;0&#8243;]\n<p><a class=\"moz-txt-link-abbreviated\" href=\"mailto:antonio.raffaele@speedlogistik.com\">antonio.raffaele@speedlogistik.com<\/a><\/p>\n[\/et_pb_team_member][\/et_pb_column][et_pb_column type=&#8221;1_3&#8243; _builder_version=&#8221;4.16&#8243; background_position=&#8221;top_left&#8221; custom_padding=&#8221;|||&#8221; global_colors_info=&#8221;{}&#8221; custom_padding__hover=&#8221;|||&#8221;][et_pb_team_member name=&#8221;DENISE GALENDA&#8221; position=&#8221;idari \u0130\u015fler ve Muhasebe M\u00fcd\u00fcr\u00fc&#8221; image_url=&#8221;https:\/\/speedlogistik.com\/wp-content\/uploads\/2017\/04\/denisegalenda.jpg&#8221; admin_label=&#8221;DENISE GALENDA Persona&#8221; _builder_version=&#8221;4.16&#8243; border_style=&#8221;solid&#8221; global_colors_info=&#8221;{}&#8221;]<a class=\"moz-txt-link-abbreviated\" href=\"mailto:amministrazione@speedlogistik.com\">amministrazione@speedlogistik.com<\/a><br \/>\n[\/et_pb_team_member][\/et_pb_column][\/et_pb_row][et_pb_row _builder_version=&#8221;4.16&#8243; background_size=&#8221;initial&#8221; background_position=&#8221;top_left&#8221; background_repeat=&#8221;repeat&#8221; custom_padding=&#8221;28px|0px|25px|0px&#8221; custom_width_px=&#8221;1480px&#8221; global_colors_info=&#8221;{}&#8221; column_structure=&#8221;1_3,1_3,1_3&#8243;][et_pb_column type=&#8221;1_3&#8243; _builder_version=&#8221;4.16&#8243; background_position=&#8221;top_left&#8221; custom_padding=&#8221;|||&#8221; global_colors_info=&#8221;{}&#8221; custom_padding__hover=&#8221;|||&#8221;][et_pb_team_member name=&#8221;FRANCESCO FERRARI&#8221; position=&#8221;Lojistik M\u00fcd\u00fcr\u00fc &#8211; Ayakkab\u0131 &amp; Moda&#8221; image_url=&#8221;https:\/\/speedlogistik.com\/wp-content\/uploads\/2017\/04\/francescoferrari.jpg&#8221; admin_label=&#8221;FRANCESCO FERRARI Persona&#8221; _builder_version=&#8221;4.16&#8243; border_style=&#8221;solid&#8221; global_colors_info=&#8221;{}&#8221;]<a class=\"moz-txt-link-abbreviated\" href=\"mailto:francesco.ferrari@speedlogistik.com\">francesco.ferrari@speedlogistik.com<\/a><br \/>\n[\/et_pb_team_member][\/et_pb_column][et_pb_column type=&#8221;1_3&#8243; _builder_version=&#8221;4.16&#8243; background_position=&#8221;top_left&#8221; custom_padding=&#8221;|||&#8221; global_colors_info=&#8221;{}&#8221; custom_padding__hover=&#8221;|||&#8221;][et_pb_team_member name=&#8221;MARCO SACRESTANO&#8221; position=&#8221;Lojistik M\u00fcd\u00fcr\u00fc &#8211; Medikal ve Yiyecek &amp; \u0130\u00e7ecek&#8221; image_url=&#8221;https:\/\/speedlogistik.com\/wp-content\/uploads\/2017\/04\/marcosacrestano.jpg&#8221; admin_label=&#8221;MARCO SACRESTANO Persona&#8221; _builder_version=&#8221;4.16&#8243; border_style=&#8221;solid&#8221; global_colors_info=&#8221;{}&#8221;]<a class=\"moz-txt-link-abbreviated\" href=\"mailto:marco.sacrestano@speedlogistik.com\">marco.sacrestano@speedlogistik.com<\/a><br \/>\n[\/et_pb_team_member][\/et_pb_column][et_pb_column type=&#8221;1_3&#8243; _builder_version=&#8221;4.16&#8243; background_position=&#8221;top_left&#8221; custom_padding=&#8221;|||&#8221; global_colors_info=&#8221;{}&#8221; custom_padding__hover=&#8221;|||&#8221;][et_pb_team_member name=&#8221;SETTIMO COCCATO&#8221; position=&#8221;Depo G\u00f6nderileri ve Filo Y\u00f6netim M\u00fcd\u00fcr\u00fc&#8221; image_url=&#8221;https:\/\/speedlogistik.com\/wp-content\/uploads\/2017\/04\/settimococcato.jpg&#8221; admin_label=&#8221;SETTIMO COCCATO Persona&#8221; _builder_version=&#8221;4.16&#8243; border_style=&#8221;solid&#8221; global_colors_info=&#8221;{}&#8221;]<a class=\"moz-txt-link-abbreviated\" href=\"mailto:settimo.coccato@speedlogistik.com\">settimo.coccato@speedlogistik.com<\/a><br \/>\n[\/et_pb_team_member][\/et_pb_column][\/et_pb_row][\/et_pb_section][et_pb_section fb_built=&#8221;1&#8243; fullwidth=&#8221;on&#8221; _builder_version=&#8221;4.16&#8243; background_color=&#8221;#0065a6&#8243; global_colors_info=&#8221;{}&#8221;][et_pb_fullwidth_header content_max_width=&#8221;none&#8221; admin_label=&#8221;MODULO SEPARATORE Intestazione a Larghezza Piena&#8221; _builder_version=&#8221;4.16&#8243; background_color=&#8221;rgba(255, 255, 255, 0)&#8221; background_layout=&#8221;light&#8221; global_colors_info=&#8221;{}&#8221; button_one_text_size__hover_enabled=&#8221;off&#8221; button_two_text_size__hover_enabled=&#8221;off&#8221; button_one_text_color__hover_enabled=&#8221;off&#8221; button_two_text_color__hover_enabled=&#8221;off&#8221; button_one_border_width__hover_enabled=&#8221;off&#8221; button_two_border_width__hover_enabled=&#8221;off&#8221; button_one_border_color__hover_enabled=&#8221;off&#8221; button_two_border_color__hover_enabled=&#8221;off&#8221; button_one_border_radius__hover_enabled=&#8221;off&#8221; button_two_border_radius__hover_enabled=&#8221;off&#8221; button_one_letter_spacing__hover_enabled=&#8221;off&#8221; button_two_letter_spacing__hover_enabled=&#8221;off&#8221; button_one_bg_color__hover_enabled=&#8221;off&#8221; button_two_bg_color__hover_enabled=&#8221;off&#8221;][\/et_pb_fullwidth_header][\/et_pb_section]\n","protected":false},"excerpt":{"rendered":"<p>gianni.colcera@speedlogistik.com enrico.colcera@speedlogistik.com marzia.fogarin@speedlogistik.com sabina.gastaldi@speedlogistik.com antonio.raffaele@speedlogistik.comamministrazione@speedlogistik.com francesco.ferrari@speedlogistik.com marco.sacrestano@speedlogistik.com settimo.coccato@speedlogistik.com<\/p>\n","protected":false},"author":1,"featured_media":1192,"parent":0,"menu_order":0,"comment_status":"closed","ping_status":"closed","template":"","meta":{"_et_pb_use_builder":"on","_et_pb_old_content":"","_et_gb_content_width":"","footnotes":""},"class_list":["post-1438","page","type-page","status-publish","has-post-thumbnail","hentry"],"yoast_head":"<!-- This site is optimized with the Yoast SEO plugin v26.7 - https:\/\/yoast.com\/wordpress\/plugins\/seo\/ -->\n<title>TAKIM \u00dcYELERI\u0307: Y\u00dcKSEK NI\u0307TELI\u0307KLI\u0307 PERSONEL<\/title>\n<meta name=\"description\" content=\"Ekibimiz, her bir m\u00fc\u015fterinin \u00f6zel gereksinimlerini kar\u015f\u0131lamaya kendini adam\u0131\u015f y\u00fcksek nitelikli personelden olu\u015fmaktad\u0131r.\" \/>\n<meta name=\"robots\" content=\"index, follow, max-snippet:-1, max-image-preview:large, max-video-preview:-1\" \/>\n<link rel=\"canonical\" href=\"https:\/\/speedlogistik.com\/tr\/takim-uyeleri\/\" \/>\n<meta property=\"og:locale\" content=\"tr_TR\" \/>\n<meta property=\"og:type\" content=\"article\" \/>\n<meta property=\"og:title\" content=\"TAKIM \u00dcYELERI\u0307: Y\u00dcKSEK NI\u0307TELI\u0307KLI\u0307 PERSONEL\" \/>\n<meta property=\"og:description\" content=\"Ekibimiz, her bir m\u00fc\u015fterinin \u00f6zel gereksinimlerini kar\u015f\u0131lamaya kendini adam\u0131\u015f y\u00fcksek nitelikli personelden olu\u015fmaktad\u0131r.\" \/>\n<meta property=\"og:url\" content=\"https:\/\/speedlogistik.com\/tr\/takim-uyeleri\/\" \/>\n<meta property=\"og:site_name\" content=\"speedlogistik.com\" \/>\n<meta property=\"article:publisher\" content=\"https:\/\/www.facebook.com\/speedlogistik\/\" \/>\n<meta property=\"article:modified_time\" content=\"2023-02-16T09:06:27+00:00\" \/>\n<meta property=\"og:image\" content=\"https:\/\/speedlogistik.com\/wp-content\/uploads\/2017\/04\/logoSpeedlogistikdefinitivoconfrecceescrittasotto.jpg\" \/>\n\t<meta property=\"og:image:width\" content=\"557\" \/>\n\t<meta property=\"og:image:height\" content=\"394\" \/>\n\t<meta property=\"og:image:type\" content=\"image\/jpeg\" \/>\n<meta name=\"twitter:card\" content=\"summary_large_image\" \/>\n<meta name=\"twitter:label1\" content=\"Est. reading time\" \/>\n\t<meta name=\"twitter:data1\" content=\"5 minutes\" \/>\n<script type=\"application\/ld+json\" class=\"yoast-schema-graph\">{\"@context\":\"https:\/\/schema.org\",\"@graph\":[{\"@type\":\"WebPage\",\"@id\":\"https:\/\/speedlogistik.com\/tr\/takim-uyeleri\/\",\"url\":\"https:\/\/speedlogistik.com\/tr\/takim-uyeleri\/\",\"name\":\"TAKIM \u00dcYELERI\u0307: Y\u00dcKSEK NI\u0307TELI\u0307KLI\u0307 PERSONEL\",\"isPartOf\":{\"@id\":\"https:\/\/speedlogistik.com\/tr\/#website\"},\"primaryImageOfPage\":{\"@id\":\"https:\/\/speedlogistik.com\/tr\/takim-uyeleri\/#primaryimage\"},\"image\":{\"@id\":\"https:\/\/speedlogistik.com\/tr\/takim-uyeleri\/#primaryimage\"},\"thumbnailUrl\":\"https:\/\/speedlogistik.com\/wp-content\/uploads\/2017\/04\/logoSpeedlogistikdefinitivoconfrecceescrittasotto.jpg\",\"datePublished\":\"2017-04-06T13:59:23+00:00\",\"dateModified\":\"2023-02-16T09:06:27+00:00\",\"description\":\"Ekibimiz, her bir m\u00fc\u015fterinin \u00f6zel gereksinimlerini kar\u015f\u0131lamaya kendini adam\u0131\u015f y\u00fcksek nitelikli personelden olu\u015fmaktad\u0131r.\",\"breadcrumb\":{\"@id\":\"https:\/\/speedlogistik.com\/tr\/takim-uyeleri\/#breadcrumb\"},\"inLanguage\":\"tr-TR\",\"potentialAction\":[{\"@type\":\"ReadAction\",\"target\":[\"https:\/\/speedlogistik.com\/tr\/takim-uyeleri\/\"]}]},{\"@type\":\"ImageObject\",\"inLanguage\":\"tr-TR\",\"@id\":\"https:\/\/speedlogistik.com\/tr\/takim-uyeleri\/#primaryimage\",\"url\":\"https:\/\/speedlogistik.com\/wp-content\/uploads\/2017\/04\/logoSpeedlogistikdefinitivoconfrecceescrittasotto.jpg\",\"contentUrl\":\"https:\/\/speedlogistik.com\/wp-content\/uploads\/2017\/04\/logoSpeedlogistikdefinitivoconfrecceescrittasotto.jpg\",\"width\":557,\"height\":394,\"caption\":\"Azienda specializzata in servizi di logistica e distribuzione\"},{\"@type\":\"BreadcrumbList\",\"@id\":\"https:\/\/speedlogistik.com\/tr\/takim-uyeleri\/#breadcrumb\",\"itemListElement\":[{\"@type\":\"ListItem\",\"position\":1,\"name\":\"Home\",\"item\":\"https:\/\/speedlogistik.com\/tr\/\"},{\"@type\":\"ListItem\",\"position\":2,\"name\":\"TAKIM \u00dcYELER\u0130\"}]},{\"@type\":\"WebSite\",\"@id\":\"https:\/\/speedlogistik.com\/tr\/#website\",\"url\":\"https:\/\/speedlogistik.com\/tr\/\",\"name\":\"speedlogistik.com\",\"description\":\"Logistica e Distribuzione\",\"publisher\":{\"@id\":\"https:\/\/speedlogistik.com\/tr\/#organization\"},\"potentialAction\":[{\"@type\":\"SearchAction\",\"target\":{\"@type\":\"EntryPoint\",\"urlTemplate\":\"https:\/\/speedlogistik.com\/tr\/?s={search_term_string}\"},\"query-input\":{\"@type\":\"PropertyValueSpecification\",\"valueRequired\":true,\"valueName\":\"search_term_string\"}}],\"inLanguage\":\"tr-TR\"},{\"@type\":\"Organization\",\"@id\":\"https:\/\/speedlogistik.com\/tr\/#organization\",\"name\":\"SPEEDLOGISTIK\",\"url\":\"https:\/\/speedlogistik.com\/tr\/\",\"logo\":{\"@type\":\"ImageObject\",\"inLanguage\":\"tr-TR\",\"@id\":\"https:\/\/speedlogistik.com\/tr\/#\/schema\/logo\/image\/\",\"url\":\"https:\/\/speedlogistik.com\/wp-content\/uploads\/2017\/04\/logoSpeedlogistikdefinitivoconfrecceescrittasotto.jpg\",\"contentUrl\":\"https:\/\/speedlogistik.com\/wp-content\/uploads\/2017\/04\/logoSpeedlogistikdefinitivoconfrecceescrittasotto.jpg\",\"width\":557,\"height\":394,\"caption\":\"SPEEDLOGISTIK\"},\"image\":{\"@id\":\"https:\/\/speedlogistik.com\/tr\/#\/schema\/logo\/image\/\"},\"sameAs\":[\"https:\/\/www.facebook.com\/speedlogistik\/\",\"https:\/\/www.linkedin.com\/company-beta\/11134127\/\"]}]}<\/script>\n<!-- \/ Yoast SEO plugin. -->","yoast_head_json":{"title":"TAKIM \u00dcYELERI\u0307: Y\u00dcKSEK NI\u0307TELI\u0307KLI\u0307 PERSONEL","description":"Ekibimiz, her bir m\u00fc\u015fterinin \u00f6zel gereksinimlerini kar\u015f\u0131lamaya kendini adam\u0131\u015f y\u00fcksek nitelikli personelden olu\u015fmaktad\u0131r.","robots":{"index":"index","follow":"follow","max-snippet":"max-snippet:-1","max-image-preview":"max-image-preview:large","max-video-preview":"max-video-preview:-1"},"canonical":"https:\/\/speedlogistik.com\/tr\/takim-uyeleri\/","og_locale":"tr_TR","og_type":"article","og_title":"TAKIM \u00dcYELERI\u0307: Y\u00dcKSEK NI\u0307TELI\u0307KLI\u0307 PERSONEL","og_description":"Ekibimiz, her bir m\u00fc\u015fterinin \u00f6zel gereksinimlerini kar\u015f\u0131lamaya kendini adam\u0131\u015f y\u00fcksek nitelikli personelden olu\u015fmaktad\u0131r.","og_url":"https:\/\/speedlogistik.com\/tr\/takim-uyeleri\/","og_site_name":"speedlogistik.com","article_publisher":"https:\/\/www.facebook.com\/speedlogistik\/","article_modified_time":"2023-02-16T09:06:27+00:00","og_image":[{"width":557,"height":394,"url":"https:\/\/speedlogistik.com\/wp-content\/uploads\/2017\/04\/logoSpeedlogistikdefinitivoconfrecceescrittasotto.jpg","type":"image\/jpeg"}],"twitter_card":"summary_large_image","twitter_misc":{"Est. reading time":"5 minutes"},"schema":{"@context":"https:\/\/schema.org","@graph":[{"@type":"WebPage","@id":"https:\/\/speedlogistik.com\/tr\/takim-uyeleri\/","url":"https:\/\/speedlogistik.com\/tr\/takim-uyeleri\/","name":"TAKIM \u00dcYELERI\u0307: Y\u00dcKSEK NI\u0307TELI\u0307KLI\u0307 PERSONEL","isPartOf":{"@id":"https:\/\/speedlogistik.com\/tr\/#website"},"primaryImageOfPage":{"@id":"https:\/\/speedlogistik.com\/tr\/takim-uyeleri\/#primaryimage"},"image":{"@id":"https:\/\/speedlogistik.com\/tr\/takim-uyeleri\/#primaryimage"},"thumbnailUrl":"https:\/\/speedlogistik.com\/wp-content\/uploads\/2017\/04\/logoSpeedlogistikdefinitivoconfrecceescrittasotto.jpg","datePublished":"2017-04-06T13:59:23+00:00","dateModified":"2023-02-16T09:06:27+00:00","description":"Ekibimiz, her bir m\u00fc\u015fterinin \u00f6zel gereksinimlerini kar\u015f\u0131lamaya kendini adam\u0131\u015f y\u00fcksek nitelikli personelden olu\u015fmaktad\u0131r.","breadcrumb":{"@id":"https:\/\/speedlogistik.com\/tr\/takim-uyeleri\/#breadcrumb"},"inLanguage":"tr-TR","potentialAction":[{"@type":"ReadAction","target":["https:\/\/speedlogistik.com\/tr\/takim-uyeleri\/"]}]},{"@type":"ImageObject","inLanguage":"tr-TR","@id":"https:\/\/speedlogistik.com\/tr\/takim-uyeleri\/#primaryimage","url":"https:\/\/speedlogistik.com\/wp-content\/uploads\/2017\/04\/logoSpeedlogistikdefinitivoconfrecceescrittasotto.jpg","contentUrl":"https:\/\/speedlogistik.com\/wp-content\/uploads\/2017\/04\/logoSpeedlogistikdefinitivoconfrecceescrittasotto.jpg","width":557,"height":394,"caption":"Azienda specializzata in servizi di logistica e distribuzione"},{"@type":"BreadcrumbList","@id":"https:\/\/speedlogistik.com\/tr\/takim-uyeleri\/#breadcrumb","itemListElement":[{"@type":"ListItem","position":1,"name":"Home","item":"https:\/\/speedlogistik.com\/tr\/"},{"@type":"ListItem","position":2,"name":"TAKIM \u00dcYELER\u0130"}]},{"@type":"WebSite","@id":"https:\/\/speedlogistik.com\/tr\/#website","url":"https:\/\/speedlogistik.com\/tr\/","name":"speedlogistik.com","description":"Logistica e Distribuzione","publisher":{"@id":"https:\/\/speedlogistik.com\/tr\/#organization"},"potentialAction":[{"@type":"SearchAction","target":{"@type":"EntryPoint","urlTemplate":"https:\/\/speedlogistik.com\/tr\/?s={search_term_string}"},"query-input":{"@type":"PropertyValueSpecification","valueRequired":true,"valueName":"search_term_string"}}],"inLanguage":"tr-TR"},{"@type":"Organization","@id":"https:\/\/speedlogistik.com\/tr\/#organization","name":"SPEEDLOGISTIK","url":"https:\/\/speedlogistik.com\/tr\/","logo":{"@type":"ImageObject","inLanguage":"tr-TR","@id":"https:\/\/speedlogistik.com\/tr\/#\/schema\/logo\/image\/","url":"https:\/\/speedlogistik.com\/wp-content\/uploads\/2017\/04\/logoSpeedlogistikdefinitivoconfrecceescrittasotto.jpg","contentUrl":"https:\/\/speedlogistik.com\/wp-content\/uploads\/2017\/04\/logoSpeedlogistikdefinitivoconfrecceescrittasotto.jpg","width":557,"height":394,"caption":"SPEEDLOGISTIK"},"image":{"@id":"https:\/\/speedlogistik.com\/tr\/#\/schema\/logo\/image\/"},"sameAs":["https:\/\/www.facebook.com\/speedlogistik\/","https:\/\/www.linkedin.com\/company-beta\/11134127\/"]}]}},"_links":{"self":[{"href":"https:\/\/speedlogistik.com\/tr\/wp-json\/wp\/v2\/pages\/1438","targetHints":{"allow":["GET"]}}],"collection":[{"href":"https:\/\/speedlogistik.com\/tr\/wp-json\/wp\/v2\/pages"}],"about":[{"href":"https:\/\/speedlogistik.com\/tr\/wp-json\/wp\/v2\/types\/page"}],"author":[{"embeddable":true,"href":"https:\/\/speedlogistik.com\/tr\/wp-json\/wp\/v2\/users\/1"}],"replies":[{"embeddable":true,"href":"https:\/\/speedlogistik.com\/tr\/wp-json\/wp\/v2\/comments?post=1438"}],"version-history":[{"count":0,"href":"https:\/\/speedlogistik.com\/tr\/wp-json\/wp\/v2\/pages\/1438\/revisions"}],"wp:featuredmedia":[{"embeddable":true,"href":"https:\/\/speedlogistik.com\/tr\/wp-json\/wp\/v2\/media\/1192"}],"wp:attachment":[{"href":"https:\/\/speedlogistik.com\/tr\/wp-json\/wp\/v2\/media?parent=1438"}],"curies":[{"name":"wp","href":"https:\/\/api.w.org\/{rel}","templated":true}]}}