{"id":1434,"date":"2017-05-26T09:36:03","date_gmt":"2017-05-26T07:36:03","guid":{"rendered":"https:\/\/speedlogistik.com\/yakit-ucretleri-hakkinda\/"},"modified":"2023-03-27T16:09:34","modified_gmt":"2023-03-27T14:09:34","slug":"yakit-ucretleri-hakkinda","status":"publish","type":"page","link":"https:\/\/speedlogistik.com\/tr\/yakit-ucretleri-hakkinda\/","title":{"rendered":"YAKIT \u00dcCRETLER\u0130 HAKKINDA"},"content":{"rendered":"[et_pb_section fb_built=&#8221;1&#8243; fullwidth=&#8221;on&#8221; _builder_version=&#8221;3.0.74&#8243; background_color=&#8221;#0065a6&#8243; transparent_background=&#8221;off&#8221;][et_pb_fullwidth_header title=&#8221;YAKIT \u00dcCRETLER\u0130 HAKKINDA&#8221; text_orientation=&#8221;center&#8221; admin_label=&#8221;FUEL SURCHARGE Intestazione a Larghezza Piena&#8221; _builder_version=&#8221;3.16&#8243; title_font_size=&#8221;40px&#8221; title_font_size_tablet=&#8221;25px&#8221; title_font_size_last_edited=&#8221;on|tablet&#8221; background_color=&#8221;rgba(255, 255, 255, 0)&#8221; button_one_letter_spacing_hover=&#8221;0&#8243; button_two_letter_spacing_hover=&#8221;0&#8243; button_one_text_size__hover_enabled=&#8221;off&#8221; button_two_text_size__hover_enabled=&#8221;off&#8221; button_one_text_color__hover_enabled=&#8221;off&#8221; button_two_text_color__hover_enabled=&#8221;off&#8221; button_one_border_width__hover_enabled=&#8221;off&#8221; button_two_border_width__hover_enabled=&#8221;off&#8221; button_one_border_color__hover_enabled=&#8221;off&#8221; button_two_border_color__hover_enabled=&#8221;off&#8221; button_one_border_radius__hover_enabled=&#8221;off&#8221; button_two_border_radius__hover_enabled=&#8221;off&#8221; button_one_letter_spacing__hover_enabled=&#8221;on&#8221; button_one_letter_spacing__hover=&#8221;0&#8243; button_two_letter_spacing__hover_enabled=&#8221;on&#8221; button_two_letter_spacing__hover=&#8221;0&#8243; button_one_bg_color__hover_enabled=&#8221;off&#8221; button_two_bg_color__hover_enabled=&#8221;off&#8221;][\/et_pb_fullwidth_header][\/et_pb_section][et_pb_section fb_built=&#8221;1&#8243; admin_label=&#8221;section&#8221; _builder_version=&#8221;3.0.47&#8243;][et_pb_row admin_label=&#8221;s\u0131ra&#8221; _builder_version=&#8221;3.0.47&#8243; background_size=&#8221;initial&#8221; background_position=&#8221;top_left&#8221; background_repeat=&#8221;repeat&#8221;][et_pb_column type=&#8221;4_4&#8243; _builder_version=&#8221;3.0.47&#8243; parallax=&#8221;off&#8221; parallax_method=&#8221;on&#8221;][et_pb_text _builder_version=&#8221;3.19.4&#8243; background_size=&#8221;initial&#8221; background_position=&#8221;top_left&#8221; background_repeat=&#8221;repeat&#8221; text_orientation=&#8221;justified&#8221; use_border_color=&#8221;off&#8221; border_color=&#8221;#ffffff&#8221; border_style=&#8221;solid&#8221;]\n<p><strong>ITALYA \u2013 YAKIT D\u00dcZENLEMES\u0130<\/strong><br \/> \u0130talya&#8217;daki nakliye hizmetleri \u015fartlar\u0131, m\u00fc\u015fteri taraf\u0131ndan \u00f6ng\u00f6r\u00fclen nakliye s\u00f6zle\u015fmesinde belirtilen tarihteki de\u011ferine k\u0131yasla ortalama ayl\u0131k fiyat art\u0131\u015f\u0131 dikkate al\u0131narak mazot maliyetlerinde d\u00fczeltmeye tabidir. Fiyat endeksi, Ekonomik Kalk\u0131nma Bakanl\u0131\u011f\u0131&#8217;ndan al\u0131nan verilere g\u00f6re ayl\u0131k ortalama yak\u0131t maliyeti referans al\u0131narak hesaplanmaktad\u0131r. <a href=\"https:\/\/dgsaie.mise.gov.it\/prezzi_carburanti_mensili.php\" target=\"_blank\" rel=\"noopener noreferrer\"><strong>BURAYA TIKLAYIN<\/strong><\/a><\/p>\n<p><strong>AB \u2013 YAKIT D\u00dcZENLEMES\u0130<\/strong><br \/> Avrupa&#8217;daki kara ta\u015f\u0131mac\u0131l\u0131\u011f\u0131 hizmetleri terimleri, Avrupa Komisyonu Enerji ve Ula\u015ft\u0131rma Genel M\u00fcd\u00fcrl\u00fc\u011f\u00fc&#8217;n\u00fcn Petrol B\u00fclteni&#8217;nde yay\u0131nlanan Dizel yak\u0131t\u0131n Avrupa&#8217;daki ba\u015fl\u0131ca fiyat \u00f6l\u00e7\u00fcm kayna\u011f\u0131ndan belirtilen de\u011ferlere dayal\u0131 olarak gaz ya\u011f\u0131 maliyetine g\u00f6re uyarlanmaya tabidir. Endeks, verilerin yay\u0131mlanma tarihleri baz al\u0131narak, \u00f6nceki iki ay\u0131n motorin maliyeti baz al\u0131narak hesaplanmaktad\u0131r (\u00d6rnek: Mart ay\u0131nda uygulanacak yak\u0131t ek \u00fccretinin belirlenmesinde Ocak ay\u0131 ayl\u0131k ortalama yak\u0131t fiyat\u0131 kullan\u0131lmaktad\u0131r). <strong><a href=\"https:\/\/energy.ec.europa.eu\/data-and-analysis\/weekly-oil-bulletin_en\" target=\"_blank\" rel=\"noopener noreferrer\">BURAYA TIKLAYIN<\/a><\/strong><\/p>\n<p><strong>HAVAYOLU \u2013 YAKIT D\u00dcZENLEMES\u0130<\/strong><br \/> Hava ta\u015f\u0131mac\u0131l\u0131\u011f\u0131 \u00fccretleri, yak\u0131t ayarlamas\u0131n\u0131n \u00f6nceki iki ay\u0131 i\u00e7in ABD Enerji Bakanl\u0131\u011f\u0131&#8217;ndan bildirilen &#8220;ABD K\u00f6rfez K\u0131y\u0131s\u0131 Jet Yak\u0131t\u0131 Fiyatlar\u0131&#8221;na dayal\u0131 hedeflenen eke tabidir Yak\u0131t Ek \u00dccreti ayl\u0131k olarak g\u00fcncellenir ve her ay\u0131n ilk g\u00fcn\u00fcnden itibaren uygulamaya koyulur. Bu ekin uygulanmas\u0131yla ilgili a\u00e7\u0131klamalar veya g\u00fcncellemeler almak i\u00e7in l\u00fctfen sevkiyat ofisi ile ileti\u015fime ge\u00e7iniz. <strong><a href=\"https:\/\/www.eia.gov\/dnav\/pet\/pet_pri_spt_s1_m.htm\" target=\"_blank\" rel=\"noopener noreferrer\">BURAYA TIKLAYIN<\/a><\/strong><\/p>\n[\/et_pb_text][\/et_pb_column][\/et_pb_row][\/et_pb_section][et_pb_section fb_built=&#8221;1&#8243; fullwidth=&#8221;on&#8221; _builder_version=&#8221;3.0.74&#8243; background_color=&#8221;#0065a6&#8243; transparent_background=&#8221;off&#8221;][et_pb_fullwidth_header admin_label=&#8221;MODULO SEPARATORE Intestazione a Larghezza Piena&#8221; _builder_version=&#8221;3.16&#8243; background_color=&#8221;rgba(255, 255, 255, 0)&#8221; background_layout=&#8221;light&#8221; button_one_letter_spacing_hover=&#8221;0&#8243; button_two_letter_spacing_hover=&#8221;0&#8243; button_one_text_size__hover_enabled=&#8221;off&#8221; button_two_text_size__hover_enabled=&#8221;off&#8221; button_one_text_color__hover_enabled=&#8221;off&#8221; button_two_text_color__hover_enabled=&#8221;off&#8221; button_one_border_width__hover_enabled=&#8221;off&#8221; button_two_border_width__hover_enabled=&#8221;off&#8221; button_one_border_color__hover_enabled=&#8221;off&#8221; button_two_border_color__hover_enabled=&#8221;off&#8221; button_one_border_radius__hover_enabled=&#8221;off&#8221; button_two_border_radius__hover_enabled=&#8221;off&#8221; button_one_letter_spacing__hover_enabled=&#8221;on&#8221; button_one_letter_spacing__hover=&#8221;0&#8243; button_two_letter_spacing__hover_enabled=&#8221;on&#8221; button_two_letter_spacing__hover=&#8221;0&#8243; button_one_bg_color__hover_enabled=&#8221;off&#8221; button_two_bg_color__hover_enabled=&#8221;off&#8221;][\/et_pb_fullwidth_header][\/et_pb_section]\n","protected":false},"excerpt":{"rendered":"<p>ITALYA \u2013 YAKIT D\u00dcZENLEMES\u0130 \u0130talya&#8217;daki nakliye hizmetleri \u015fartlar\u0131, m\u00fc\u015fteri taraf\u0131ndan \u00f6ng\u00f6r\u00fclen nakliye s\u00f6zle\u015fmesinde belirtilen tarihteki de\u011ferine k\u0131yasla ortalama ayl\u0131k fiyat art\u0131\u015f\u0131 dikkate al\u0131narak mazot maliyetlerinde d\u00fczeltmeye tabidir. Fiyat endeksi, Ekonomik Kalk\u0131nma Bakanl\u0131\u011f\u0131&#8217;ndan al\u0131nan verilere g\u00f6re ayl\u0131k ortalama yak\u0131t maliyeti referans al\u0131narak hesaplanmaktad\u0131r. BURAYA TIKLAYIN AB \u2013 YAKIT D\u00dcZENLEMES\u0130 Avrupa&#8217;daki kara ta\u015f\u0131mac\u0131l\u0131\u011f\u0131 hizmetleri terimleri, Avrupa Komisyonu [&hellip;]<\/p>\n","protected":false},"author":1,"featured_media":0,"parent":0,"menu_order":0,"comment_status":"closed","ping_status":"closed","template":"","meta":{"_et_pb_use_builder":"on","_et_pb_old_content":"","_et_gb_content_width":"","footnotes":""},"class_list":["post-1434","page","type-page","status-publish","hentry"],"yoast_head":"<!-- This site is optimized with the Yoast SEO plugin v26.7 - https:\/\/yoast.com\/wordpress\/plugins\/seo\/ -->\n<title>YAKIT \u00dcCRETLER\u0130 HAKKINDA: Ta\u015f\u0131mac\u0131l\u0131k hizmetleri i\u00e7in tarifeler.<\/title>\n<meta name=\"description\" content=\"YAKIT \u00dcCRETLER\u0130 HAKKINDA: Ta\u015f\u0131mac\u0131l\u0131k hizmetleri i\u00e7in tarifeler.\" \/>\n<meta name=\"robots\" content=\"index, follow, max-snippet:-1, max-image-preview:large, max-video-preview:-1\" \/>\n<link rel=\"canonical\" href=\"https:\/\/speedlogistik.com\/tr\/yakit-ucretleri-hakkinda\/\" \/>\n<meta property=\"og:locale\" content=\"tr_TR\" \/>\n<meta property=\"og:type\" content=\"article\" \/>\n<meta property=\"og:title\" content=\"YAKIT \u00dcCRETLER\u0130 HAKKINDA: Ta\u015f\u0131mac\u0131l\u0131k hizmetleri i\u00e7in tarifeler.\" \/>\n<meta property=\"og:description\" content=\"YAKIT \u00dcCRETLER\u0130 HAKKINDA: Ta\u015f\u0131mac\u0131l\u0131k hizmetleri i\u00e7in tarifeler.\" \/>\n<meta property=\"og:url\" content=\"https:\/\/speedlogistik.com\/tr\/yakit-ucretleri-hakkinda\/\" \/>\n<meta property=\"og:site_name\" content=\"speedlogistik.com\" \/>\n<meta property=\"article:publisher\" content=\"https:\/\/www.facebook.com\/speedlogistik\/\" \/>\n<meta property=\"article:modified_time\" content=\"2023-03-27T14:09:34+00:00\" \/>\n<meta name=\"twitter:card\" content=\"summary_large_image\" \/>\n<meta name=\"twitter:label1\" content=\"Est. reading time\" \/>\n\t<meta name=\"twitter:data1\" content=\"3 minutes\" \/>\n<script type=\"application\/ld+json\" class=\"yoast-schema-graph\">{\"@context\":\"https:\/\/schema.org\",\"@graph\":[{\"@type\":\"WebPage\",\"@id\":\"https:\/\/speedlogistik.com\/tr\/yakit-ucretleri-hakkinda\/\",\"url\":\"https:\/\/speedlogistik.com\/tr\/yakit-ucretleri-hakkinda\/\",\"name\":\"YAKIT \u00dcCRETLER\u0130 HAKKINDA: Ta\u015f\u0131mac\u0131l\u0131k hizmetleri i\u00e7in tarifeler.\",\"isPartOf\":{\"@id\":\"https:\/\/speedlogistik.com\/tr\/#website\"},\"datePublished\":\"2017-05-26T07:36:03+00:00\",\"dateModified\":\"2023-03-27T14:09:34+00:00\",\"description\":\"YAKIT \u00dcCRETLER\u0130 HAKKINDA: Ta\u015f\u0131mac\u0131l\u0131k hizmetleri i\u00e7in tarifeler.\",\"breadcrumb\":{\"@id\":\"https:\/\/speedlogistik.com\/tr\/yakit-ucretleri-hakkinda\/#breadcrumb\"},\"inLanguage\":\"tr-TR\",\"potentialAction\":[{\"@type\":\"ReadAction\",\"target\":[\"https:\/\/speedlogistik.com\/tr\/yakit-ucretleri-hakkinda\/\"]}]},{\"@type\":\"BreadcrumbList\",\"@id\":\"https:\/\/speedlogistik.com\/tr\/yakit-ucretleri-hakkinda\/#breadcrumb\",\"itemListElement\":[{\"@type\":\"ListItem\",\"position\":1,\"name\":\"Home\",\"item\":\"https:\/\/speedlogistik.com\/tr\/\"},{\"@type\":\"ListItem\",\"position\":2,\"name\":\"YAKIT \u00dcCRETLER\u0130 HAKKINDA\"}]},{\"@type\":\"WebSite\",\"@id\":\"https:\/\/speedlogistik.com\/tr\/#website\",\"url\":\"https:\/\/speedlogistik.com\/tr\/\",\"name\":\"speedlogistik.com\",\"description\":\"Logistica e Distribuzione\",\"publisher\":{\"@id\":\"https:\/\/speedlogistik.com\/tr\/#organization\"},\"potentialAction\":[{\"@type\":\"SearchAction\",\"target\":{\"@type\":\"EntryPoint\",\"urlTemplate\":\"https:\/\/speedlogistik.com\/tr\/?s={search_term_string}\"},\"query-input\":{\"@type\":\"PropertyValueSpecification\",\"valueRequired\":true,\"valueName\":\"search_term_string\"}}],\"inLanguage\":\"tr-TR\"},{\"@type\":\"Organization\",\"@id\":\"https:\/\/speedlogistik.com\/tr\/#organization\",\"name\":\"SPEEDLOGISTIK\",\"url\":\"https:\/\/speedlogistik.com\/tr\/\",\"logo\":{\"@type\":\"ImageObject\",\"inLanguage\":\"tr-TR\",\"@id\":\"https:\/\/speedlogistik.com\/tr\/#\/schema\/logo\/image\/\",\"url\":\"https:\/\/speedlogistik.com\/wp-content\/uploads\/2017\/04\/logoSpeedlogistikdefinitivoconfrecceescrittasotto.jpg\",\"contentUrl\":\"https:\/\/speedlogistik.com\/wp-content\/uploads\/2017\/04\/logoSpeedlogistikdefinitivoconfrecceescrittasotto.jpg\",\"width\":557,\"height\":394,\"caption\":\"SPEEDLOGISTIK\"},\"image\":{\"@id\":\"https:\/\/speedlogistik.com\/tr\/#\/schema\/logo\/image\/\"},\"sameAs\":[\"https:\/\/www.facebook.com\/speedlogistik\/\",\"https:\/\/www.linkedin.com\/company-beta\/11134127\/\"]}]}<\/script>\n<!-- \/ Yoast SEO plugin. -->","yoast_head_json":{"title":"YAKIT \u00dcCRETLER\u0130 HAKKINDA: Ta\u015f\u0131mac\u0131l\u0131k hizmetleri i\u00e7in tarifeler.","description":"YAKIT \u00dcCRETLER\u0130 HAKKINDA: Ta\u015f\u0131mac\u0131l\u0131k hizmetleri i\u00e7in tarifeler.","robots":{"index":"index","follow":"follow","max-snippet":"max-snippet:-1","max-image-preview":"max-image-preview:large","max-video-preview":"max-video-preview:-1"},"canonical":"https:\/\/speedlogistik.com\/tr\/yakit-ucretleri-hakkinda\/","og_locale":"tr_TR","og_type":"article","og_title":"YAKIT \u00dcCRETLER\u0130 HAKKINDA: Ta\u015f\u0131mac\u0131l\u0131k hizmetleri i\u00e7in tarifeler.","og_description":"YAKIT \u00dcCRETLER\u0130 HAKKINDA: Ta\u015f\u0131mac\u0131l\u0131k hizmetleri i\u00e7in tarifeler.","og_url":"https:\/\/speedlogistik.com\/tr\/yakit-ucretleri-hakkinda\/","og_site_name":"speedlogistik.com","article_publisher":"https:\/\/www.facebook.com\/speedlogistik\/","article_modified_time":"2023-03-27T14:09:34+00:00","twitter_card":"summary_large_image","twitter_misc":{"Est. reading time":"3 minutes"},"schema":{"@context":"https:\/\/schema.org","@graph":[{"@type":"WebPage","@id":"https:\/\/speedlogistik.com\/tr\/yakit-ucretleri-hakkinda\/","url":"https:\/\/speedlogistik.com\/tr\/yakit-ucretleri-hakkinda\/","name":"YAKIT \u00dcCRETLER\u0130 HAKKINDA: Ta\u015f\u0131mac\u0131l\u0131k hizmetleri i\u00e7in tarifeler.","isPartOf":{"@id":"https:\/\/speedlogistik.com\/tr\/#website"},"datePublished":"2017-05-26T07:36:03+00:00","dateModified":"2023-03-27T14:09:34+00:00","description":"YAKIT \u00dcCRETLER\u0130 HAKKINDA: Ta\u015f\u0131mac\u0131l\u0131k hizmetleri i\u00e7in tarifeler.","breadcrumb":{"@id":"https:\/\/speedlogistik.com\/tr\/yakit-ucretleri-hakkinda\/#breadcrumb"},"inLanguage":"tr-TR","potentialAction":[{"@type":"ReadAction","target":["https:\/\/speedlogistik.com\/tr\/yakit-ucretleri-hakkinda\/"]}]},{"@type":"BreadcrumbList","@id":"https:\/\/speedlogistik.com\/tr\/yakit-ucretleri-hakkinda\/#breadcrumb","itemListElement":[{"@type":"ListItem","position":1,"name":"Home","item":"https:\/\/speedlogistik.com\/tr\/"},{"@type":"ListItem","position":2,"name":"YAKIT \u00dcCRETLER\u0130 HAKKINDA"}]},{"@type":"WebSite","@id":"https:\/\/speedlogistik.com\/tr\/#website","url":"https:\/\/speedlogistik.com\/tr\/","name":"speedlogistik.com","description":"Logistica e Distribuzione","publisher":{"@id":"https:\/\/speedlogistik.com\/tr\/#organization"},"potentialAction":[{"@type":"SearchAction","target":{"@type":"EntryPoint","urlTemplate":"https:\/\/speedlogistik.com\/tr\/?s={search_term_string}"},"query-input":{"@type":"PropertyValueSpecification","valueRequired":true,"valueName":"search_term_string"}}],"inLanguage":"tr-TR"},{"@type":"Organization","@id":"https:\/\/speedlogistik.com\/tr\/#organization","name":"SPEEDLOGISTIK","url":"https:\/\/speedlogistik.com\/tr\/","logo":{"@type":"ImageObject","inLanguage":"tr-TR","@id":"https:\/\/speedlogistik.com\/tr\/#\/schema\/logo\/image\/","url":"https:\/\/speedlogistik.com\/wp-content\/uploads\/2017\/04\/logoSpeedlogistikdefinitivoconfrecceescrittasotto.jpg","contentUrl":"https:\/\/speedlogistik.com\/wp-content\/uploads\/2017\/04\/logoSpeedlogistikdefinitivoconfrecceescrittasotto.jpg","width":557,"height":394,"caption":"SPEEDLOGISTIK"},"image":{"@id":"https:\/\/speedlogistik.com\/tr\/#\/schema\/logo\/image\/"},"sameAs":["https:\/\/www.facebook.com\/speedlogistik\/","https:\/\/www.linkedin.com\/company-beta\/11134127\/"]}]}},"_links":{"self":[{"href":"https:\/\/speedlogistik.com\/tr\/wp-json\/wp\/v2\/pages\/1434","targetHints":{"allow":["GET"]}}],"collection":[{"href":"https:\/\/speedlogistik.com\/tr\/wp-json\/wp\/v2\/pages"}],"about":[{"href":"https:\/\/speedlogistik.com\/tr\/wp-json\/wp\/v2\/types\/page"}],"author":[{"embeddable":true,"href":"https:\/\/speedlogistik.com\/tr\/wp-json\/wp\/v2\/users\/1"}],"replies":[{"embeddable":true,"href":"https:\/\/speedlogistik.com\/tr\/wp-json\/wp\/v2\/comments?post=1434"}],"version-history":[{"count":0,"href":"https:\/\/speedlogistik.com\/tr\/wp-json\/wp\/v2\/pages\/1434\/revisions"}],"wp:attachment":[{"href":"https:\/\/speedlogistik.com\/tr\/wp-json\/wp\/v2\/media?parent=1434"}],"curies":[{"name":"wp","href":"https:\/\/api.w.org\/{rel}","templated":true}]}}