{"id":1428,"date":"2017-04-12T17:55:44","date_gmt":"2017-04-12T15:55:44","guid":{"rendered":"https:\/\/speedlogistik.com\/intrastat-hizmetleri\/"},"modified":"2023-02-08T16:41:57","modified_gmt":"2023-02-08T15:41:57","slug":"intrastat-hizmetleri","status":"publish","type":"page","link":"https:\/\/speedlogistik.com\/tr\/intrastat-hizmetleri\/","title":{"rendered":"INTRASTAT HI\u0307ZMETLERI\u0307"},"content":{"rendered":"[et_pb_section fb_built=&#8221;1&#8243; fullwidth=&#8221;on&#8221; _builder_version=&#8221;4.16&#8243; global_colors_info=&#8221;{}&#8221;][et_pb_fullwidth_slider _builder_version=&#8221;4.16&#8243; custom_padding=&#8221;|||&#8221; custom_padding_tablet=&#8221;|||&#8221; custom_padding_phone=&#8221;|||&#8221; box_shadow_style=&#8221;preset6&#8243; box_shadow_blur=&#8221;10px&#8221; box_shadow_color=&#8221;rgba(0,0,0,0.1)&#8221; button_letter_spacing_hover=&#8221;0&#8243; remove_inner_shadow=&#8221;off&#8221; hide_content_on_mobile=&#8221;off&#8221; hide_cta_on_mobile=&#8221;off&#8221; show_inner_shadow=&#8221;on&#8221; global_colors_info=&#8221;{}&#8221; button_text_size__hover_enabled=&#8221;off&#8221; button_one_text_size__hover_enabled=&#8221;off&#8221; button_two_text_size__hover_enabled=&#8221;off&#8221; button_text_color__hover_enabled=&#8221;off&#8221; button_one_text_color__hover_enabled=&#8221;off&#8221; button_two_text_color__hover_enabled=&#8221;off&#8221; button_border_width__hover_enabled=&#8221;off&#8221; button_one_border_width__hover_enabled=&#8221;off&#8221; button_two_border_width__hover_enabled=&#8221;off&#8221; button_border_color__hover_enabled=&#8221;off&#8221; button_one_border_color__hover_enabled=&#8221;off&#8221; button_two_border_color__hover_enabled=&#8221;off&#8221; button_border_radius__hover_enabled=&#8221;off&#8221; button_one_border_radius__hover_enabled=&#8221;off&#8221; button_two_border_radius__hover_enabled=&#8221;off&#8221; button_letter_spacing__hover_enabled=&#8221;on&#8221; button_letter_spacing__hover=&#8221;0&#8243; button_one_letter_spacing__hover_enabled=&#8221;off&#8221; button_two_letter_spacing__hover_enabled=&#8221;off&#8221; button_bg_color__hover_enabled=&#8221;off&#8221; button_one_bg_color__hover_enabled=&#8221;off&#8221; button_two_bg_color__hover_enabled=&#8221;off&#8221;][et_pb_slide heading=&#8221;INTRASTAT HI\u0307ZMETLERI\u0307&#8221; use_bg_overlay=&#8221;off&#8221; use_text_overlay=&#8221;on&#8221; text_overlay_color=&#8221;rgba(0,101,166,0.77)&#8221; _builder_version=&#8221;4.16&#8243; header_font=&#8221;|on|||&#8221; header_font_size=&#8221;40&#8243; body_font=&#8221;||||&#8221; background_color=&#8221;#ffffff&#8221; background_image=&#8221;https:\/\/speedlogistik.com\/wp-content\/uploads\/2017\/04\/servizi_intrastat.jpg&#8221; background_repeat=&#8221;repeat&#8221; button_icon_placement=&#8221;right&#8221; button_on_hover=&#8221;on&#8221; header_font_size_tablet=&#8221;25&#8243; header_font_size_phone=&#8221;25&#8243; header_font_size_last_edited=&#8221;on|tablet&#8221; global_colors_info=&#8221;{}&#8221; sticky_transition=&#8221;on&#8221; button_text_size__hover_enabled=&#8221;off&#8221; button_one_text_size__hover_enabled=&#8221;off&#8221; button_two_text_size__hover_enabled=&#8221;off&#8221; button_text_color__hover_enabled=&#8221;off&#8221; button_one_text_color__hover_enabled=&#8221;off&#8221; button_two_text_color__hover_enabled=&#8221;off&#8221; button_border_width__hover_enabled=&#8221;off&#8221; button_one_border_width__hover_enabled=&#8221;off&#8221; button_two_border_width__hover_enabled=&#8221;off&#8221; button_border_color__hover_enabled=&#8221;off&#8221; button_one_border_color__hover_enabled=&#8221;off&#8221; button_two_border_color__hover_enabled=&#8221;off&#8221; button_border_radius__hover_enabled=&#8221;off&#8221; button_one_border_radius__hover_enabled=&#8221;off&#8221; button_two_border_radius__hover_enabled=&#8221;off&#8221; button_letter_spacing__hover_enabled=&#8221;off&#8221; button_one_letter_spacing__hover_enabled=&#8221;off&#8221; button_two_letter_spacing__hover_enabled=&#8221;off&#8221; button_bg_color__hover_enabled=&#8221;off&#8221; button_one_bg_color__hover_enabled=&#8221;off&#8221; button_two_bg_color__hover_enabled=&#8221;off&#8221;][\/et_pb_slide][\/et_pb_fullwidth_slider][\/et_pb_section][et_pb_section fb_built=&#8221;1&#8243; _builder_version=&#8221;4.16&#8243; custom_padding=&#8221;0px|0px|0px|0px&#8221; global_colors_info=&#8221;{}&#8221;][et_pb_row _builder_version=&#8221;4.16&#8243; background_size=&#8221;initial&#8221; background_position=&#8221;top_left&#8221; background_repeat=&#8221;repeat&#8221; custom_padding=&#8221;27px|0px|27px|0px&#8221; global_colors_info=&#8221;{}&#8221;][et_pb_column type=&#8221;4_4&#8243; _builder_version=&#8221;4.16&#8243; custom_padding=&#8221;|||&#8221; global_colors_info=&#8221;{}&#8221; custom_padding__hover=&#8221;|||&#8221;][et_pb_text admin_label=&#8221;SERVIZI INTRASTAT Testo&#8221; _builder_version=&#8221;4.16&#8243; background_size=&#8221;initial&#8221; background_position=&#8221;top_left&#8221; background_repeat=&#8221;repeat&#8221; text_orientation=&#8221;center&#8221; module_alignment=&#8221;center&#8221; border_style=&#8221;solid&#8221; global_colors_info=&#8221;{}&#8221;]\n<h2><span style=\"color: #e52b38;\">INTRASTAT HI\u0307ZMETLERI\u0307<\/span><\/h2>\n<p>INTRASTAT HIZMETLERI: G\u00fcncel g\u00fcmr\u00fck ve vergilendirme mevzuatlar\u0131na uygun olarak <span style=\"color: #0065a6;\"><strong>INTRASTAT<\/strong><\/span> kay\u0131t ve tan\u0131mlama hizmeti.<br \/>\n[\/et_pb_text][\/et_pb_column][\/et_pb_row][\/et_pb_section][et_pb_section fb_built=&#8221;1&#8243; _builder_version=&#8221;4.16&#8243; background_color=&#8221;#0065a6&#8243; global_colors_info=&#8221;{}&#8221;][et_pb_row _builder_version=&#8221;4.16&#8243; background_size=&#8221;initial&#8221; background_position=&#8221;top_left&#8221; background_repeat=&#8221;repeat&#8221; global_colors_info=&#8221;{}&#8221;][et_pb_column type=&#8221;4_4&#8243; _builder_version=&#8221;4.16&#8243; custom_padding=&#8221;|||&#8221; global_colors_info=&#8221;{}&#8221; custom_padding__hover=&#8221;|||&#8221;][et_pb_text admin_label=&#8221;I SERVIZI INTRASTAT comprendono Testo&#8221; _builder_version=&#8221;4.19.4&#8243; text_text_color=&#8221;#ffffff&#8221; header_text_color=&#8221;#ffffff&#8221; background_size=&#8221;initial&#8221; background_position=&#8221;top_left&#8221; background_repeat=&#8221;repeat&#8221; background_layout=&#8221;dark&#8221; hover_enabled=&#8221;0&#8243; global_colors_info=&#8221;{}&#8221; sticky_enabled=&#8221;0&#8243;]\n<h4><strong>INTRASTAT H\u0130ZMETLER\u0130 a\u015fa\u011f\u0131daki maddeleri kapsamaktad\u0131r:<\/strong><\/h4>\n<ul>\n<li><strong>Evraklar\u0131n e-mail, pdf veya matbu n\u00fcsha olarak merkez ofisimizce teslim al\u0131nmas\u0131.<\/strong><\/li>\n<li><strong>Mal ve\/veya hizmet s\u0131n\u0131fland\u0131rmas\u0131 amac\u0131yla fatura i\u00e7eri\u011fi incelemesi.<\/strong><\/li>\n<li><strong> Birle\u015ftirilmi\u015f terminoloji kodlar\u0131 tespiti (NC).<\/strong><\/li>\n<li><strong>Fatura ve veri kayd\u0131 i\u015flemleri.<\/strong><\/li>\n<li><strong> Evrak ve beyanname denetim hizmeti.<\/strong><\/li>\n<li><strong> Gerekli mod\u00fcllerin Maliye Bakanl\u0131\u011f\u0131\u2019na iletilmesi.<\/strong><\/li>\n<li><strong> Verilerin m\u00fc\u015fteriye iletilmesi.<\/strong><\/li>\n<li><strong>B\u00fct\u00fcn s\u00fcre\u00e7ler i\u00e7in ki\u015fiselle\u015ftirilmi\u015f destek hizmetleri.<\/strong><\/li>\n<\/ul>\n[\/et_pb_text][\/et_pb_column][\/et_pb_row][\/et_pb_section]\n","protected":false},"excerpt":{"rendered":"<p>INTRASTAT HI\u0307ZMETLERI\u0307 INTRASTAT HIZMETLERI: G\u00fcncel g\u00fcmr\u00fck ve vergilendirme mevzuatlar\u0131na uygun olarak INTRASTAT kay\u0131t ve tan\u0131mlama hizmeti. INTRASTAT H\u0130ZMETLER\u0130 a\u015fa\u011f\u0131daki maddeleri kapsamaktad\u0131r: Evraklar\u0131n e-mail, pdf veya matbu n\u00fcsha olarak merkez ofisimizce teslim al\u0131nmas\u0131. Mal ve\/veya hizmet s\u0131n\u0131fland\u0131rmas\u0131 amac\u0131yla fatura i\u00e7eri\u011fi incelemesi. Birle\u015ftirilmi\u015f terminoloji kodlar\u0131 tespiti (NC). Fatura ve veri kayd\u0131 i\u015flemleri. Evrak ve beyanname denetim hizmeti. [&hellip;]<\/p>\n","protected":false},"author":1,"featured_media":1234,"parent":0,"menu_order":0,"comment_status":"closed","ping_status":"closed","template":"","meta":{"_et_pb_use_builder":"on","_et_pb_old_content":"","_et_gb_content_width":"","footnotes":""},"class_list":["post-1428","page","type-page","status-publish","has-post-thumbnail","hentry"],"yoast_head":"<!-- This site is optimized with the Yoast SEO plugin v26.7 - https:\/\/yoast.com\/wordpress\/plugins\/seo\/ -->\n<title>INTRASTAT HIZMETLERI: Mevcut vergi ve g\u00fcmr\u00fck d\u00fczenlemeleriyle uyumludur.<\/title>\n<meta name=\"description\" content=\"INTRASTAT HIZMETLERI: G\u00fcncel g\u00fcmr\u00fck ve vergilendirme mevzuatlar\u0131na uygun olarak INTRASTAT kay\u0131t ve tan\u0131mlama hizmeti.\" \/>\n<meta name=\"robots\" content=\"index, follow, max-snippet:-1, max-image-preview:large, max-video-preview:-1\" \/>\n<link rel=\"canonical\" href=\"https:\/\/speedlogistik.com\/tr\/intrastat-hizmetleri\/\" \/>\n<meta property=\"og:locale\" content=\"tr_TR\" \/>\n<meta property=\"og:type\" content=\"article\" \/>\n<meta property=\"og:title\" content=\"INTRASTAT HIZMETLERI: Mevcut vergi ve g\u00fcmr\u00fck d\u00fczenlemeleriyle uyumludur.\" \/>\n<meta property=\"og:description\" content=\"INTRASTAT HIZMETLERI: G\u00fcncel g\u00fcmr\u00fck ve vergilendirme mevzuatlar\u0131na uygun olarak INTRASTAT kay\u0131t ve tan\u0131mlama hizmeti.\" \/>\n<meta property=\"og:url\" content=\"https:\/\/speedlogistik.com\/tr\/intrastat-hizmetleri\/\" \/>\n<meta property=\"og:site_name\" content=\"speedlogistik.com\" \/>\n<meta property=\"article:publisher\" content=\"https:\/\/www.facebook.com\/speedlogistik\/\" \/>\n<meta property=\"article:modified_time\" content=\"2023-02-08T15:41:57+00:00\" \/>\n<meta property=\"og:image\" content=\"https:\/\/speedlogistik.com\/wp-content\/uploads\/2017\/04\/servizi_intrastat.jpg\" \/>\n\t<meta property=\"og:image:width\" content=\"1536\" \/>\n\t<meta property=\"og:image:height\" content=\"768\" \/>\n\t<meta property=\"og:image:type\" content=\"image\/jpeg\" \/>\n<meta name=\"twitter:card\" content=\"summary_large_image\" \/>\n<meta name=\"twitter:label1\" content=\"Est. reading time\" \/>\n\t<meta name=\"twitter:data1\" content=\"4 minutes\" \/>\n<script type=\"application\/ld+json\" class=\"yoast-schema-graph\">{\"@context\":\"https:\/\/schema.org\",\"@graph\":[{\"@type\":\"WebPage\",\"@id\":\"https:\/\/speedlogistik.com\/tr\/intrastat-hizmetleri\/\",\"url\":\"https:\/\/speedlogistik.com\/tr\/intrastat-hizmetleri\/\",\"name\":\"INTRASTAT HIZMETLERI: Mevcut vergi ve g\u00fcmr\u00fck d\u00fczenlemeleriyle uyumludur.\",\"isPartOf\":{\"@id\":\"https:\/\/speedlogistik.com\/tr\/#website\"},\"primaryImageOfPage\":{\"@id\":\"https:\/\/speedlogistik.com\/tr\/intrastat-hizmetleri\/#primaryimage\"},\"image\":{\"@id\":\"https:\/\/speedlogistik.com\/tr\/intrastat-hizmetleri\/#primaryimage\"},\"thumbnailUrl\":\"https:\/\/speedlogistik.com\/wp-content\/uploads\/2017\/04\/servizi_intrastat.jpg\",\"datePublished\":\"2017-04-12T15:55:44+00:00\",\"dateModified\":\"2023-02-08T15:41:57+00:00\",\"description\":\"INTRASTAT HIZMETLERI: G\u00fcncel g\u00fcmr\u00fck ve vergilendirme mevzuatlar\u0131na uygun olarak INTRASTAT kay\u0131t ve tan\u0131mlama hizmeti.\",\"breadcrumb\":{\"@id\":\"https:\/\/speedlogistik.com\/tr\/intrastat-hizmetleri\/#breadcrumb\"},\"inLanguage\":\"tr-TR\",\"potentialAction\":[{\"@type\":\"ReadAction\",\"target\":[\"https:\/\/speedlogistik.com\/tr\/intrastat-hizmetleri\/\"]}]},{\"@type\":\"ImageObject\",\"inLanguage\":\"tr-TR\",\"@id\":\"https:\/\/speedlogistik.com\/tr\/intrastat-hizmetleri\/#primaryimage\",\"url\":\"https:\/\/speedlogistik.com\/wp-content\/uploads\/2017\/04\/servizi_intrastat.jpg\",\"contentUrl\":\"https:\/\/speedlogistik.com\/wp-content\/uploads\/2017\/04\/servizi_intrastat.jpg\",\"width\":1536,\"height\":768,\"caption\":\"SERVIZI INTRASTAT conformi alla normativa fiscale e doganale vigente.\"},{\"@type\":\"BreadcrumbList\",\"@id\":\"https:\/\/speedlogistik.com\/tr\/intrastat-hizmetleri\/#breadcrumb\",\"itemListElement\":[{\"@type\":\"ListItem\",\"position\":1,\"name\":\"Home\",\"item\":\"https:\/\/speedlogistik.com\/tr\/\"},{\"@type\":\"ListItem\",\"position\":2,\"name\":\"INTRASTAT HI\u0307ZMETLERI\u0307\"}]},{\"@type\":\"WebSite\",\"@id\":\"https:\/\/speedlogistik.com\/tr\/#website\",\"url\":\"https:\/\/speedlogistik.com\/tr\/\",\"name\":\"speedlogistik.com\",\"description\":\"Logistica e Distribuzione\",\"publisher\":{\"@id\":\"https:\/\/speedlogistik.com\/tr\/#organization\"},\"potentialAction\":[{\"@type\":\"SearchAction\",\"target\":{\"@type\":\"EntryPoint\",\"urlTemplate\":\"https:\/\/speedlogistik.com\/tr\/?s={search_term_string}\"},\"query-input\":{\"@type\":\"PropertyValueSpecification\",\"valueRequired\":true,\"valueName\":\"search_term_string\"}}],\"inLanguage\":\"tr-TR\"},{\"@type\":\"Organization\",\"@id\":\"https:\/\/speedlogistik.com\/tr\/#organization\",\"name\":\"SPEEDLOGISTIK\",\"url\":\"https:\/\/speedlogistik.com\/tr\/\",\"logo\":{\"@type\":\"ImageObject\",\"inLanguage\":\"tr-TR\",\"@id\":\"https:\/\/speedlogistik.com\/tr\/#\/schema\/logo\/image\/\",\"url\":\"https:\/\/speedlogistik.com\/wp-content\/uploads\/2017\/04\/logoSpeedlogistikdefinitivoconfrecceescrittasotto.jpg\",\"contentUrl\":\"https:\/\/speedlogistik.com\/wp-content\/uploads\/2017\/04\/logoSpeedlogistikdefinitivoconfrecceescrittasotto.jpg\",\"width\":557,\"height\":394,\"caption\":\"SPEEDLOGISTIK\"},\"image\":{\"@id\":\"https:\/\/speedlogistik.com\/tr\/#\/schema\/logo\/image\/\"},\"sameAs\":[\"https:\/\/www.facebook.com\/speedlogistik\/\",\"https:\/\/www.linkedin.com\/company-beta\/11134127\/\"]}]}<\/script>\n<!-- \/ Yoast SEO plugin. -->","yoast_head_json":{"title":"INTRASTAT HIZMETLERI: Mevcut vergi ve g\u00fcmr\u00fck d\u00fczenlemeleriyle uyumludur.","description":"INTRASTAT HIZMETLERI: G\u00fcncel g\u00fcmr\u00fck ve vergilendirme mevzuatlar\u0131na uygun olarak INTRASTAT kay\u0131t ve tan\u0131mlama hizmeti.","robots":{"index":"index","follow":"follow","max-snippet":"max-snippet:-1","max-image-preview":"max-image-preview:large","max-video-preview":"max-video-preview:-1"},"canonical":"https:\/\/speedlogistik.com\/tr\/intrastat-hizmetleri\/","og_locale":"tr_TR","og_type":"article","og_title":"INTRASTAT HIZMETLERI: Mevcut vergi ve g\u00fcmr\u00fck d\u00fczenlemeleriyle uyumludur.","og_description":"INTRASTAT HIZMETLERI: G\u00fcncel g\u00fcmr\u00fck ve vergilendirme mevzuatlar\u0131na uygun olarak INTRASTAT kay\u0131t ve tan\u0131mlama hizmeti.","og_url":"https:\/\/speedlogistik.com\/tr\/intrastat-hizmetleri\/","og_site_name":"speedlogistik.com","article_publisher":"https:\/\/www.facebook.com\/speedlogistik\/","article_modified_time":"2023-02-08T15:41:57+00:00","og_image":[{"width":1536,"height":768,"url":"https:\/\/speedlogistik.com\/wp-content\/uploads\/2017\/04\/servizi_intrastat.jpg","type":"image\/jpeg"}],"twitter_card":"summary_large_image","twitter_misc":{"Est. reading time":"4 minutes"},"schema":{"@context":"https:\/\/schema.org","@graph":[{"@type":"WebPage","@id":"https:\/\/speedlogistik.com\/tr\/intrastat-hizmetleri\/","url":"https:\/\/speedlogistik.com\/tr\/intrastat-hizmetleri\/","name":"INTRASTAT HIZMETLERI: Mevcut vergi ve g\u00fcmr\u00fck d\u00fczenlemeleriyle uyumludur.","isPartOf":{"@id":"https:\/\/speedlogistik.com\/tr\/#website"},"primaryImageOfPage":{"@id":"https:\/\/speedlogistik.com\/tr\/intrastat-hizmetleri\/#primaryimage"},"image":{"@id":"https:\/\/speedlogistik.com\/tr\/intrastat-hizmetleri\/#primaryimage"},"thumbnailUrl":"https:\/\/speedlogistik.com\/wp-content\/uploads\/2017\/04\/servizi_intrastat.jpg","datePublished":"2017-04-12T15:55:44+00:00","dateModified":"2023-02-08T15:41:57+00:00","description":"INTRASTAT HIZMETLERI: G\u00fcncel g\u00fcmr\u00fck ve vergilendirme mevzuatlar\u0131na uygun olarak INTRASTAT kay\u0131t ve tan\u0131mlama hizmeti.","breadcrumb":{"@id":"https:\/\/speedlogistik.com\/tr\/intrastat-hizmetleri\/#breadcrumb"},"inLanguage":"tr-TR","potentialAction":[{"@type":"ReadAction","target":["https:\/\/speedlogistik.com\/tr\/intrastat-hizmetleri\/"]}]},{"@type":"ImageObject","inLanguage":"tr-TR","@id":"https:\/\/speedlogistik.com\/tr\/intrastat-hizmetleri\/#primaryimage","url":"https:\/\/speedlogistik.com\/wp-content\/uploads\/2017\/04\/servizi_intrastat.jpg","contentUrl":"https:\/\/speedlogistik.com\/wp-content\/uploads\/2017\/04\/servizi_intrastat.jpg","width":1536,"height":768,"caption":"SERVIZI INTRASTAT conformi alla normativa fiscale e doganale vigente."},{"@type":"BreadcrumbList","@id":"https:\/\/speedlogistik.com\/tr\/intrastat-hizmetleri\/#breadcrumb","itemListElement":[{"@type":"ListItem","position":1,"name":"Home","item":"https:\/\/speedlogistik.com\/tr\/"},{"@type":"ListItem","position":2,"name":"INTRASTAT HI\u0307ZMETLERI\u0307"}]},{"@type":"WebSite","@id":"https:\/\/speedlogistik.com\/tr\/#website","url":"https:\/\/speedlogistik.com\/tr\/","name":"speedlogistik.com","description":"Logistica e Distribuzione","publisher":{"@id":"https:\/\/speedlogistik.com\/tr\/#organization"},"potentialAction":[{"@type":"SearchAction","target":{"@type":"EntryPoint","urlTemplate":"https:\/\/speedlogistik.com\/tr\/?s={search_term_string}"},"query-input":{"@type":"PropertyValueSpecification","valueRequired":true,"valueName":"search_term_string"}}],"inLanguage":"tr-TR"},{"@type":"Organization","@id":"https:\/\/speedlogistik.com\/tr\/#organization","name":"SPEEDLOGISTIK","url":"https:\/\/speedlogistik.com\/tr\/","logo":{"@type":"ImageObject","inLanguage":"tr-TR","@id":"https:\/\/speedlogistik.com\/tr\/#\/schema\/logo\/image\/","url":"https:\/\/speedlogistik.com\/wp-content\/uploads\/2017\/04\/logoSpeedlogistikdefinitivoconfrecceescrittasotto.jpg","contentUrl":"https:\/\/speedlogistik.com\/wp-content\/uploads\/2017\/04\/logoSpeedlogistikdefinitivoconfrecceescrittasotto.jpg","width":557,"height":394,"caption":"SPEEDLOGISTIK"},"image":{"@id":"https:\/\/speedlogistik.com\/tr\/#\/schema\/logo\/image\/"},"sameAs":["https:\/\/www.facebook.com\/speedlogistik\/","https:\/\/www.linkedin.com\/company-beta\/11134127\/"]}]}},"_links":{"self":[{"href":"https:\/\/speedlogistik.com\/tr\/wp-json\/wp\/v2\/pages\/1428","targetHints":{"allow":["GET"]}}],"collection":[{"href":"https:\/\/speedlogistik.com\/tr\/wp-json\/wp\/v2\/pages"}],"about":[{"href":"https:\/\/speedlogistik.com\/tr\/wp-json\/wp\/v2\/types\/page"}],"author":[{"embeddable":true,"href":"https:\/\/speedlogistik.com\/tr\/wp-json\/wp\/v2\/users\/1"}],"replies":[{"embeddable":true,"href":"https:\/\/speedlogistik.com\/tr\/wp-json\/wp\/v2\/comments?post=1428"}],"version-history":[{"count":0,"href":"https:\/\/speedlogistik.com\/tr\/wp-json\/wp\/v2\/pages\/1428\/revisions"}],"wp:featuredmedia":[{"embeddable":true,"href":"https:\/\/speedlogistik.com\/tr\/wp-json\/wp\/v2\/media\/1234"}],"wp:attachment":[{"href":"https:\/\/speedlogistik.com\/tr\/wp-json\/wp\/v2\/media?parent=1428"}],"curies":[{"name":"wp","href":"https:\/\/api.w.org\/{rel}","templated":true}]}}