{"id":1421,"date":"2017-04-12T17:54:51","date_gmt":"2017-04-12T15:54:51","guid":{"rendered":"https:\/\/speedlogistik.com\/operasyonel-destek-hizmetleri\/"},"modified":"2023-02-08T16:03:50","modified_gmt":"2023-02-08T15:03:50","slug":"operasyonel-destek-hizmetleri","status":"publish","type":"page","link":"https:\/\/speedlogistik.com\/tr\/operasyonel-destek-hizmetleri\/","title":{"rendered":"OPERASYONEL DESTEK H\u0130ZMETLER\u0130"},"content":{"rendered":"[et_pb_section fb_built=&#8221;1&#8243; fullwidth=&#8221;on&#8221; module_id=&#8221;1&#8243; _builder_version=&#8221;3.0.47&#8243;][et_pb_fullwidth_slider _builder_version=&#8221;3.0.53&#8243;][et_pb_slide heading=&#8221;OPERASYONEL DESTEK H\u0130ZMETLER\u0130&#8221; background_image=&#8221;https:\/\/speedlogistik.com\/wp-content\/uploads\/2017\/04\/001.jpg&#8221; background_repeat=&#8221;repeat&#8221; use_bg_overlay=&#8221;off&#8221; use_text_overlay=&#8221;on&#8221; text_overlay_color=&#8221;rgba(0,101,166,0.77)&#8221; _builder_version=&#8221;3.0.47&#8243; header_font=&#8221;|on|||&#8221; header_font_size=&#8221;40&#8243; header_font_size_tablet=&#8221;25&#8243; header_font_size_phone=&#8221;25&#8243; header_font_size_last_edited=&#8221;on|tablet&#8221; body_font=&#8221;||||&#8221; custom_button=&#8221;off&#8221; button_icon_placement=&#8221;right&#8221; button_on_hover=&#8221;on&#8221;][\/et_pb_slide][\/et_pb_fullwidth_slider][\/et_pb_section][et_pb_section fb_built=&#8221;1&#8243; custom_padding=&#8221;0px|0px|0px|0px&#8221; _builder_version=&#8221;3.0.47&#8243;][et_pb_row custom_padding=&#8221;27px|0px|27px|0px&#8221; _builder_version=&#8221;3.0.47&#8243; background_size=&#8221;initial&#8221; background_position=&#8221;top_left&#8221; background_repeat=&#8221;repeat&#8221;][et_pb_column type=&#8221;4_4&#8243; _builder_version=&#8221;3.0.47&#8243; parallax=&#8221;off&#8221; parallax_method=&#8221;on&#8221;][et_pb_text text_orientation=&#8221;center&#8221; admin_label=&#8221;SERVIZI DI SEGRETERIA Testo&#8221; _builder_version=&#8221;3.0.51&#8243; background_size=&#8221;initial&#8221; background_position=&#8221;top_left&#8221; background_repeat=&#8221;repeat&#8221;]\n<h2><span style=\"color: #e52b38;\">OPERASYONEL DESTEK H\u0130ZMETLER\u0130<\/span><span style=\"color: #e52b38;\"> <\/span><\/h2>\n<p>Destek ve <strong><span style=\"color: #0065a6;\">\u00d6N B\u00dcRO<\/span><\/strong> lojistik hizmetleri.<\/p>\n[\/et_pb_text][\/et_pb_column][\/et_pb_row][\/et_pb_section][et_pb_section fb_built=&#8221;1&#8243; background_color=&#8221;#0065a6&#8243; custom_padding=&#8221;0px|0px|0px|0px&#8221; _builder_version=&#8221;3.0.47&#8243;][et_pb_row _builder_version=&#8221;3.0.47&#8243; background_size=&#8221;initial&#8221; background_position=&#8221;top_left&#8221; background_repeat=&#8221;repeat&#8221;][et_pb_column type=&#8221;1_3&#8243; _builder_version=&#8221;3.0.47&#8243; parallax=&#8221;off&#8221; parallax_method=&#8221;on&#8221;][et_pb_toggle title=&#8221;\u0130dari Destek&#8221; closed_toggle_background_color=&#8221;#ffffff&#8221; closed_toggle_text_color=&#8221;#0065a6&#8243; icon_color=&#8221;#0065a6&#8243; admin_label=&#8221;Supporto Amministrativo Toggle&#8221; _builder_version=&#8221;3.0.64&#8243; title_font=&#8221;|on|||&#8221; title_text_color=&#8221;#0065a6&#8243; background_size=&#8221;initial&#8221; background_position=&#8221;top_left&#8221; background_repeat=&#8221;repeat&#8221;]\n<p style=\"text-align: justify;\">Nitelikli ve yetkin personelimiz taraf\u0131ndan haz\u0131rlanan, m\u00fc\u015fteri ile kararla\u015ft\u0131r\u0131lan bir idari plana ba\u011fl\u0131 olarak, b\u00fcro hizmetlerinden yararlanma imkan\u0131.<\/p>\n[\/et_pb_toggle][et_pb_toggle title=&#8221;M\u00fc\u015fteri Memnuniyeti&#8221; closed_toggle_background_color=&#8221;#ffffff&#8221; closed_toggle_text_color=&#8221;#0065a6&#8243; icon_color=&#8221;#0065a6&#8243; admin_label=&#8221;Custumer Care Toggle&#8221; _builder_version=&#8221;3.0.64&#8243; title_font=&#8221;|on|||&#8221; title_text_color=&#8221;#0065a6&#8243; background_size=&#8221;initial&#8221; background_position=&#8221;top_left&#8221; background_repeat=&#8221;repeat&#8221;]\n<ul>\n<li style=\"text-align: left;\">M\u00fc\u015fterilerimizle beraber geli\u015ftirdi\u011fimiz \u00e7\u00f6z\u00fcmleri uyguluyor ve bize g\u00fcvenerek emanet ettikleri \u00fcr\u00fcnleri hakk\u0131nda raporlamalar haz\u0131rl\u0131yoruz.<\/li>\n<li style=\"text-align: left;\">Yaln\u0131zca \u015firketinize tahsis edilmi\u015f M\u00fc\u015fteri Hizmetleri hesab\u0131na sahip e-posta adresi (<span style=\"color: #0065a6;\"><strong>VS.NOME@speedlogistik.com<\/strong><\/span>) b\u00f6ylece m\u00fc\u015fteri \u015firketimizin hizmetinden \u00f6nce &#8216;S\u0130Z\u0130N&#8217; lojisti\u011finizi alg\u0131lar.<\/li>\n<li style=\"text-align: left;\">M\u00fc\u015fterinizin t\u00fcm sipari\u015flerini \u201cSevkiyat Takibi\u201d raporlamas\u0131 ile e-posta olarak teslim alabilme olana\u011f\u0131.<\/li>\n<li style=\"text-align: left;\">M\u00fc\u015fteriniz\/tedarik\u00e7iniz ile a\u00e7\u0131lan t\u00fcm ileti\u015fimler operat\u00f6rlerimiz taraf\u0131ndan <a href=\"https:\/\/speedlogistik.com\/tr\/e-hizmet\/#1\"><strong><span style=\"color: #0065a6;\">CRM-K <\/span><\/strong><\/a> y\u00f6netimine (<span style=\"color: #e52b38;\"><strong>SPEEDLOGISTIK<\/strong><\/span> M\u00fc\u015fteri \u0130li\u015fkileri Y\u00f6netim) kaydedilir. B\u00f6ylece her etkile\u015fim ve bilgi her an elinizin alt\u0131nda olur.<\/li>\n<\/ul>\n[\/et_pb_toggle][\/et_pb_column][et_pb_column type=&#8221;1_3&#8243; _builder_version=&#8221;3.0.47&#8243; parallax=&#8221;off&#8221; parallax_method=&#8221;on&#8221;][et_pb_toggle title=&#8221;Evrak \u0130\u015fleme&#8221; closed_toggle_background_color=&#8221;#ffffff&#8221; closed_toggle_text_color=&#8221;#0065a6&#8243; icon_color=&#8221;#0065a6&#8243; admin_label=&#8221;Elaborazione Documenti Toggle&#8221; _builder_version=&#8221;3.0.64&#8243; title_font=&#8221;|on|||&#8221; title_text_color=&#8221;#0065a6&#8243; background_size=&#8221;initial&#8221; background_position=&#8221;top_left&#8221; background_repeat=&#8221;repeat&#8221;]\n<p style=\"text-align: justify;\">Nakliye ve muhasebe evraklar\u0131n\u0131n olu\u015fturulmas\u0131.<\/p>\n[\/et_pb_toggle][et_pb_toggle title=&#8221;Ofis Alan\u0131&#8221; closed_toggle_background_color=&#8221;#ffffff&#8221; closed_toggle_text_color=&#8221;#0065a6&#8243; icon_color=&#8221;#0065a6&#8243; admin_label=&#8221;Spazio Ufficio Toggle&#8221; _builder_version=&#8221;3.0.64&#8243; title_font=&#8221;|on|||&#8221; title_text_color=&#8221;#0065a6&#8243; background_size=&#8221;initial&#8221; background_position=&#8221;top_left&#8221; background_repeat=&#8221;repeat&#8221;]\n<p style=\"text-align: justify;\">M\u00fc\u015fterilerimize \u00f6zel toplant\u0131 ihtiya\u00e7lar\u0131 i\u00e7in toplant\u0131 alan\u0131.<\/p>\n[\/et_pb_toggle][\/et_pb_column][et_pb_column type=&#8221;1_3&#8243; _builder_version=&#8221;3.0.47&#8243; parallax=&#8221;off&#8221; parallax_method=&#8221;on&#8221;][et_pb_toggle title=&#8221;Fatura Hizmetleri&#8221; closed_toggle_background_color=&#8221;#ffffff&#8221; closed_toggle_text_color=&#8221;#0065a6&#8243; icon_color=&#8221;#0065a6&#8243; admin_label=&#8221;Fatturazione Toggle&#8221; _builder_version=&#8221;3.0.64&#8243; title_font=&#8221;|on|||&#8221; title_text_color=&#8221;#0065a6&#8243; background_size=&#8221;initial&#8221; background_position=&#8221;top_left&#8221; background_repeat=&#8221;repeat&#8221;]\n<ul>\n<li style=\"text-align: justify;\">Sizden gelen talimatlara g\u00f6re m\u00fc\u015fterilerinize \u00f6zel faturaland\u0131rma hizmeti.<\/li>\n<li style=\"text-align: justify;\">Tahsilat ve \u00f6deme hat\u0131rlatma deste\u011fi.<\/li>\n<\/ul>\n[\/et_pb_toggle][et_pb_toggle title=&#8221;Toplant\u0131 Odas\u0131&#8221; closed_toggle_background_color=&#8221;#ffffff&#8221; closed_toggle_text_color=&#8221;#0065a6&#8243; icon_color=&#8221;#0065a6&#8243; admin_label=&#8221;Sala Riunioni Toggle&#8221; _builder_version=&#8221;3.0.64&#8243; title_font=&#8221;|on|||&#8221; title_text_color=&#8221;#0065a6&#8243; background_size=&#8221;initial&#8221; background_position=&#8221;top_left&#8221; background_repeat=&#8221;repeat&#8221;]\n<p style=\"text-align: justify;\">Geni\u015f ve ayd\u0131nl\u0131k ofisimizde 12 ki\u015fiye kadar video projeksiyon donan\u0131ml\u0131 toplant\u0131 odas\u0131 kullan\u0131m imkan\u0131. Ayr\u0131ca \u00f6zel wi-fi ba\u011flant\u0131s\u0131 ve uzaktan konferans planlama imkan\u0131.<\/p>\n[\/et_pb_toggle][\/et_pb_column][\/et_pb_row][\/et_pb_section]\n","protected":false},"excerpt":{"rendered":"<p>OPERASYONEL DESTEK H\u0130ZMETLER\u0130 Destek ve \u00d6N B\u00dcRO lojistik hizmetleri. Nitelikli ve yetkin personelimiz taraf\u0131ndan haz\u0131rlanan, m\u00fc\u015fteri ile kararla\u015ft\u0131r\u0131lan bir idari plana ba\u011fl\u0131 olarak, b\u00fcro hizmetlerinden yararlanma imkan\u0131. M\u00fc\u015fterilerimizle beraber geli\u015ftirdi\u011fimiz \u00e7\u00f6z\u00fcmleri uyguluyor ve bize g\u00fcvenerek emanet ettikleri \u00fcr\u00fcnleri hakk\u0131nda raporlamalar haz\u0131rl\u0131yoruz. Yaln\u0131zca \u015firketinize tahsis edilmi\u015f M\u00fc\u015fteri Hizmetleri hesab\u0131na sahip e-posta adresi (VS.NOME@speedlogistik.com) b\u00f6ylece m\u00fc\u015fteri \u015firketimizin [&hellip;]<\/p>\n","protected":false},"author":1,"featured_media":1226,"parent":0,"menu_order":0,"comment_status":"closed","ping_status":"closed","template":"","meta":{"_et_pb_use_builder":"on","_et_pb_old_content":"","_et_gb_content_width":"","footnotes":""},"class_list":["post-1421","page","type-page","status-publish","has-post-thumbnail","hentry"],"yoast_head":"<!-- This site is optimized with the Yoast SEO plugin v26.7 - https:\/\/yoast.com\/wordpress\/plugins\/seo\/ -->\n<title>OPERASYONEL DESTEK H\u0130ZMETLER\u0130 - speedlogistik.com<\/title>\n<meta name=\"description\" content=\"OPERASYONEL DESTEK H\u0130ZMETLER\u0130: Nitelikli ve yetkin personelimiz taraf\u0131ndan \u00d6N OF\u0130S&#039;te idari destek ve lojistik hizmetleri.\" \/>\n<meta name=\"robots\" content=\"index, follow, max-snippet:-1, max-image-preview:large, max-video-preview:-1\" \/>\n<link rel=\"canonical\" href=\"https:\/\/speedlogistik.com\/tr\/operasyonel-destek-hizmetleri\/\" \/>\n<meta property=\"og:locale\" content=\"tr_TR\" \/>\n<meta property=\"og:type\" content=\"article\" \/>\n<meta property=\"og:title\" content=\"OPERASYONEL DESTEK H\u0130ZMETLER\u0130 - speedlogistik.com\" \/>\n<meta property=\"og:description\" content=\"OPERASYONEL DESTEK H\u0130ZMETLER\u0130: Nitelikli ve yetkin personelimiz taraf\u0131ndan \u00d6N OF\u0130S&#039;te idari destek ve lojistik hizmetleri.\" \/>\n<meta property=\"og:url\" content=\"https:\/\/speedlogistik.com\/tr\/operasyonel-destek-hizmetleri\/\" \/>\n<meta property=\"og:site_name\" content=\"speedlogistik.com\" \/>\n<meta property=\"article:publisher\" content=\"https:\/\/www.facebook.com\/speedlogistik\/\" \/>\n<meta property=\"article:modified_time\" content=\"2023-02-08T15:03:50+00:00\" \/>\n<meta property=\"og:image\" content=\"https:\/\/speedlogistik.com\/wp-content\/uploads\/2017\/04\/001.jpg\" \/>\n\t<meta property=\"og:image:width\" content=\"1783\" \/>\n\t<meta property=\"og:image:height\" content=\"787\" \/>\n\t<meta property=\"og:image:type\" content=\"image\/jpeg\" \/>\n<meta name=\"twitter:card\" content=\"summary_large_image\" \/>\n<meta name=\"twitter:label1\" content=\"Est. reading time\" \/>\n\t<meta name=\"twitter:data1\" content=\"4 minutes\" \/>\n<script type=\"application\/ld+json\" class=\"yoast-schema-graph\">{\"@context\":\"https:\/\/schema.org\",\"@graph\":[{\"@type\":\"WebPage\",\"@id\":\"https:\/\/speedlogistik.com\/tr\/operasyonel-destek-hizmetleri\/\",\"url\":\"https:\/\/speedlogistik.com\/tr\/operasyonel-destek-hizmetleri\/\",\"name\":\"OPERASYONEL DESTEK H\u0130ZMETLER\u0130 - speedlogistik.com\",\"isPartOf\":{\"@id\":\"https:\/\/speedlogistik.com\/tr\/#website\"},\"primaryImageOfPage\":{\"@id\":\"https:\/\/speedlogistik.com\/tr\/operasyonel-destek-hizmetleri\/#primaryimage\"},\"image\":{\"@id\":\"https:\/\/speedlogistik.com\/tr\/operasyonel-destek-hizmetleri\/#primaryimage\"},\"thumbnailUrl\":\"https:\/\/speedlogistik.com\/wp-content\/uploads\/2017\/04\/001.jpg\",\"datePublished\":\"2017-04-12T15:54:51+00:00\",\"dateModified\":\"2023-02-08T15:03:50+00:00\",\"description\":\"OPERASYONEL DESTEK H\u0130ZMETLER\u0130: Nitelikli ve yetkin personelimiz taraf\u0131ndan \u00d6N OF\u0130S'te idari destek ve lojistik hizmetleri.\",\"breadcrumb\":{\"@id\":\"https:\/\/speedlogistik.com\/tr\/operasyonel-destek-hizmetleri\/#breadcrumb\"},\"inLanguage\":\"tr-TR\",\"potentialAction\":[{\"@type\":\"ReadAction\",\"target\":[\"https:\/\/speedlogistik.com\/tr\/operasyonel-destek-hizmetleri\/\"]}]},{\"@type\":\"ImageObject\",\"inLanguage\":\"tr-TR\",\"@id\":\"https:\/\/speedlogistik.com\/tr\/operasyonel-destek-hizmetleri\/#primaryimage\",\"url\":\"https:\/\/speedlogistik.com\/wp-content\/uploads\/2017\/04\/001.jpg\",\"contentUrl\":\"https:\/\/speedlogistik.com\/wp-content\/uploads\/2017\/04\/001.jpg\",\"width\":1783,\"height\":787,\"caption\":\"SERVIZI DI SEGRETERIA: Supporto Amministrativo, Custumer Care, Elaborazione Documenti, Spazio Ufficio, Fatturazione, Sala Riunioni.\"},{\"@type\":\"BreadcrumbList\",\"@id\":\"https:\/\/speedlogistik.com\/tr\/operasyonel-destek-hizmetleri\/#breadcrumb\",\"itemListElement\":[{\"@type\":\"ListItem\",\"position\":1,\"name\":\"Home\",\"item\":\"https:\/\/speedlogistik.com\/tr\/\"},{\"@type\":\"ListItem\",\"position\":2,\"name\":\"OPERASYONEL DESTEK H\u0130ZMETLER\u0130\"}]},{\"@type\":\"WebSite\",\"@id\":\"https:\/\/speedlogistik.com\/tr\/#website\",\"url\":\"https:\/\/speedlogistik.com\/tr\/\",\"name\":\"speedlogistik.com\",\"description\":\"Logistica e Distribuzione\",\"publisher\":{\"@id\":\"https:\/\/speedlogistik.com\/tr\/#organization\"},\"potentialAction\":[{\"@type\":\"SearchAction\",\"target\":{\"@type\":\"EntryPoint\",\"urlTemplate\":\"https:\/\/speedlogistik.com\/tr\/?s={search_term_string}\"},\"query-input\":{\"@type\":\"PropertyValueSpecification\",\"valueRequired\":true,\"valueName\":\"search_term_string\"}}],\"inLanguage\":\"tr-TR\"},{\"@type\":\"Organization\",\"@id\":\"https:\/\/speedlogistik.com\/tr\/#organization\",\"name\":\"SPEEDLOGISTIK\",\"url\":\"https:\/\/speedlogistik.com\/tr\/\",\"logo\":{\"@type\":\"ImageObject\",\"inLanguage\":\"tr-TR\",\"@id\":\"https:\/\/speedlogistik.com\/tr\/#\/schema\/logo\/image\/\",\"url\":\"https:\/\/speedlogistik.com\/wp-content\/uploads\/2017\/04\/logoSpeedlogistikdefinitivoconfrecceescrittasotto.jpg\",\"contentUrl\":\"https:\/\/speedlogistik.com\/wp-content\/uploads\/2017\/04\/logoSpeedlogistikdefinitivoconfrecceescrittasotto.jpg\",\"width\":557,\"height\":394,\"caption\":\"SPEEDLOGISTIK\"},\"image\":{\"@id\":\"https:\/\/speedlogistik.com\/tr\/#\/schema\/logo\/image\/\"},\"sameAs\":[\"https:\/\/www.facebook.com\/speedlogistik\/\",\"https:\/\/www.linkedin.com\/company-beta\/11134127\/\"]}]}<\/script>\n<!-- \/ Yoast SEO plugin. -->","yoast_head_json":{"title":"OPERASYONEL DESTEK H\u0130ZMETLER\u0130 - speedlogistik.com","description":"OPERASYONEL DESTEK H\u0130ZMETLER\u0130: Nitelikli ve yetkin personelimiz taraf\u0131ndan \u00d6N OF\u0130S'te idari destek ve lojistik hizmetleri.","robots":{"index":"index","follow":"follow","max-snippet":"max-snippet:-1","max-image-preview":"max-image-preview:large","max-video-preview":"max-video-preview:-1"},"canonical":"https:\/\/speedlogistik.com\/tr\/operasyonel-destek-hizmetleri\/","og_locale":"tr_TR","og_type":"article","og_title":"OPERASYONEL DESTEK H\u0130ZMETLER\u0130 - speedlogistik.com","og_description":"OPERASYONEL DESTEK H\u0130ZMETLER\u0130: Nitelikli ve yetkin personelimiz taraf\u0131ndan \u00d6N OF\u0130S'te idari destek ve lojistik hizmetleri.","og_url":"https:\/\/speedlogistik.com\/tr\/operasyonel-destek-hizmetleri\/","og_site_name":"speedlogistik.com","article_publisher":"https:\/\/www.facebook.com\/speedlogistik\/","article_modified_time":"2023-02-08T15:03:50+00:00","og_image":[{"width":1783,"height":787,"url":"https:\/\/speedlogistik.com\/wp-content\/uploads\/2017\/04\/001.jpg","type":"image\/jpeg"}],"twitter_card":"summary_large_image","twitter_misc":{"Est. reading time":"4 minutes"},"schema":{"@context":"https:\/\/schema.org","@graph":[{"@type":"WebPage","@id":"https:\/\/speedlogistik.com\/tr\/operasyonel-destek-hizmetleri\/","url":"https:\/\/speedlogistik.com\/tr\/operasyonel-destek-hizmetleri\/","name":"OPERASYONEL DESTEK H\u0130ZMETLER\u0130 - speedlogistik.com","isPartOf":{"@id":"https:\/\/speedlogistik.com\/tr\/#website"},"primaryImageOfPage":{"@id":"https:\/\/speedlogistik.com\/tr\/operasyonel-destek-hizmetleri\/#primaryimage"},"image":{"@id":"https:\/\/speedlogistik.com\/tr\/operasyonel-destek-hizmetleri\/#primaryimage"},"thumbnailUrl":"https:\/\/speedlogistik.com\/wp-content\/uploads\/2017\/04\/001.jpg","datePublished":"2017-04-12T15:54:51+00:00","dateModified":"2023-02-08T15:03:50+00:00","description":"OPERASYONEL DESTEK H\u0130ZMETLER\u0130: Nitelikli ve yetkin personelimiz taraf\u0131ndan \u00d6N OF\u0130S'te idari destek ve lojistik hizmetleri.","breadcrumb":{"@id":"https:\/\/speedlogistik.com\/tr\/operasyonel-destek-hizmetleri\/#breadcrumb"},"inLanguage":"tr-TR","potentialAction":[{"@type":"ReadAction","target":["https:\/\/speedlogistik.com\/tr\/operasyonel-destek-hizmetleri\/"]}]},{"@type":"ImageObject","inLanguage":"tr-TR","@id":"https:\/\/speedlogistik.com\/tr\/operasyonel-destek-hizmetleri\/#primaryimage","url":"https:\/\/speedlogistik.com\/wp-content\/uploads\/2017\/04\/001.jpg","contentUrl":"https:\/\/speedlogistik.com\/wp-content\/uploads\/2017\/04\/001.jpg","width":1783,"height":787,"caption":"SERVIZI DI SEGRETERIA: Supporto Amministrativo, Custumer Care, Elaborazione Documenti, Spazio Ufficio, Fatturazione, Sala Riunioni."},{"@type":"BreadcrumbList","@id":"https:\/\/speedlogistik.com\/tr\/operasyonel-destek-hizmetleri\/#breadcrumb","itemListElement":[{"@type":"ListItem","position":1,"name":"Home","item":"https:\/\/speedlogistik.com\/tr\/"},{"@type":"ListItem","position":2,"name":"OPERASYONEL DESTEK H\u0130ZMETLER\u0130"}]},{"@type":"WebSite","@id":"https:\/\/speedlogistik.com\/tr\/#website","url":"https:\/\/speedlogistik.com\/tr\/","name":"speedlogistik.com","description":"Logistica e Distribuzione","publisher":{"@id":"https:\/\/speedlogistik.com\/tr\/#organization"},"potentialAction":[{"@type":"SearchAction","target":{"@type":"EntryPoint","urlTemplate":"https:\/\/speedlogistik.com\/tr\/?s={search_term_string}"},"query-input":{"@type":"PropertyValueSpecification","valueRequired":true,"valueName":"search_term_string"}}],"inLanguage":"tr-TR"},{"@type":"Organization","@id":"https:\/\/speedlogistik.com\/tr\/#organization","name":"SPEEDLOGISTIK","url":"https:\/\/speedlogistik.com\/tr\/","logo":{"@type":"ImageObject","inLanguage":"tr-TR","@id":"https:\/\/speedlogistik.com\/tr\/#\/schema\/logo\/image\/","url":"https:\/\/speedlogistik.com\/wp-content\/uploads\/2017\/04\/logoSpeedlogistikdefinitivoconfrecceescrittasotto.jpg","contentUrl":"https:\/\/speedlogistik.com\/wp-content\/uploads\/2017\/04\/logoSpeedlogistikdefinitivoconfrecceescrittasotto.jpg","width":557,"height":394,"caption":"SPEEDLOGISTIK"},"image":{"@id":"https:\/\/speedlogistik.com\/tr\/#\/schema\/logo\/image\/"},"sameAs":["https:\/\/www.facebook.com\/speedlogistik\/","https:\/\/www.linkedin.com\/company-beta\/11134127\/"]}]}},"_links":{"self":[{"href":"https:\/\/speedlogistik.com\/tr\/wp-json\/wp\/v2\/pages\/1421","targetHints":{"allow":["GET"]}}],"collection":[{"href":"https:\/\/speedlogistik.com\/tr\/wp-json\/wp\/v2\/pages"}],"about":[{"href":"https:\/\/speedlogistik.com\/tr\/wp-json\/wp\/v2\/types\/page"}],"author":[{"embeddable":true,"href":"https:\/\/speedlogistik.com\/tr\/wp-json\/wp\/v2\/users\/1"}],"replies":[{"embeddable":true,"href":"https:\/\/speedlogistik.com\/tr\/wp-json\/wp\/v2\/comments?post=1421"}],"version-history":[{"count":0,"href":"https:\/\/speedlogistik.com\/tr\/wp-json\/wp\/v2\/pages\/1421\/revisions"}],"wp:featuredmedia":[{"embeddable":true,"href":"https:\/\/speedlogistik.com\/tr\/wp-json\/wp\/v2\/media\/1226"}],"wp:attachment":[{"href":"https:\/\/speedlogistik.com\/tr\/wp-json\/wp\/v2\/media?parent=1421"}],"curies":[{"name":"wp","href":"https:\/\/api.w.org\/{rel}","templated":true}]}}