{"id":1408,"date":"2017-04-12T17:54:28","date_gmt":"2017-04-12T15:54:28","guid":{"rendered":"https:\/\/speedlogistik.com\/e-hizmet\/"},"modified":"2023-02-02T17:44:29","modified_gmt":"2023-02-02T16:44:29","slug":"e-hizmet","status":"publish","type":"page","link":"https:\/\/speedlogistik.com\/tr\/e-hizmet\/","title":{"rendered":"E-H\u0130ZMET"},"content":{"rendered":"[et_pb_section fb_built=&#8221;1&#8243; fullwidth=&#8221;on&#8221; module_id=&#8221;1&#8243; _builder_version=&#8221;4.16&#8243; global_colors_info=&#8221;{}&#8221;][et_pb_fullwidth_slider _builder_version=&#8221;4.16&#8243; custom_padding=&#8221;|||&#8221; custom_padding_tablet=&#8221;|||&#8221; custom_padding_phone=&#8221;|||&#8221; box_shadow_style=&#8221;preset6&#8243; box_shadow_blur=&#8221;10px&#8221; box_shadow_color=&#8221;rgba(0,0,0,0.1)&#8221; show_inner_shadow=&#8221;on&#8221; global_colors_info=&#8221;{}&#8221; button_text_size__hover_enabled=&#8221;off&#8221; button_one_text_size__hover_enabled=&#8221;off&#8221; button_two_text_size__hover_enabled=&#8221;off&#8221; button_text_color__hover_enabled=&#8221;off&#8221; button_one_text_color__hover_enabled=&#8221;off&#8221; button_two_text_color__hover_enabled=&#8221;off&#8221; button_border_width__hover_enabled=&#8221;off&#8221; button_one_border_width__hover_enabled=&#8221;off&#8221; button_two_border_width__hover_enabled=&#8221;off&#8221; button_border_color__hover_enabled=&#8221;off&#8221; button_one_border_color__hover_enabled=&#8221;off&#8221; button_two_border_color__hover_enabled=&#8221;off&#8221; button_border_radius__hover_enabled=&#8221;off&#8221; button_one_border_radius__hover_enabled=&#8221;off&#8221; button_two_border_radius__hover_enabled=&#8221;off&#8221; button_letter_spacing__hover_enabled=&#8221;off&#8221; button_one_letter_spacing__hover_enabled=&#8221;off&#8221; button_two_letter_spacing__hover_enabled=&#8221;off&#8221; button_bg_color__hover_enabled=&#8221;off&#8221; button_one_bg_color__hover_enabled=&#8221;off&#8221; button_two_bg_color__hover_enabled=&#8221;off&#8221;][et_pb_slide heading=&#8221;E-H\u0130ZMET&#8221; use_bg_overlay=&#8221;off&#8221; use_text_overlay=&#8221;on&#8221; text_overlay_color=&#8221;rgba(0,101,166,0.77)&#8221; _builder_version=&#8221;4.16&#8243; header_font=&#8221;|on|||&#8221; header_font_size=&#8221;40&#8243; body_font=&#8221;||||&#8221; background_color=&#8221;#ffffff&#8221; background_image=&#8221;https:\/\/speedlogistik.com\/wp-content\/uploads\/2017\/04\/e_service.jpg&#8221; background_repeat=&#8221;repeat&#8221; button_icon_placement=&#8221;right&#8221; button_on_hover=&#8221;on&#8221; header_font_size_tablet=&#8221;25&#8243; header_font_size_phone=&#8221;25&#8243; header_font_size_last_edited=&#8221;on|desktop&#8221; global_colors_info=&#8221;{}&#8221; button_text_size__hover_enabled=&#8221;off&#8221; button_one_text_size__hover_enabled=&#8221;off&#8221; button_two_text_size__hover_enabled=&#8221;off&#8221; button_text_color__hover_enabled=&#8221;off&#8221; button_one_text_color__hover_enabled=&#8221;off&#8221; button_two_text_color__hover_enabled=&#8221;off&#8221; button_border_width__hover_enabled=&#8221;off&#8221; button_one_border_width__hover_enabled=&#8221;off&#8221; button_two_border_width__hover_enabled=&#8221;off&#8221; button_border_color__hover_enabled=&#8221;off&#8221; button_one_border_color__hover_enabled=&#8221;off&#8221; button_two_border_color__hover_enabled=&#8221;off&#8221; button_border_radius__hover_enabled=&#8221;off&#8221; button_one_border_radius__hover_enabled=&#8221;off&#8221; button_two_border_radius__hover_enabled=&#8221;off&#8221; button_letter_spacing__hover_enabled=&#8221;off&#8221; button_one_letter_spacing__hover_enabled=&#8221;off&#8221; button_two_letter_spacing__hover_enabled=&#8221;off&#8221; button_bg_color__hover_enabled=&#8221;off&#8221; button_one_bg_color__hover_enabled=&#8221;off&#8221; button_two_bg_color__hover_enabled=&#8221;off&#8221; sticky_transition=&#8221;on&#8221;][\/et_pb_slide][\/et_pb_fullwidth_slider][\/et_pb_section][et_pb_section fb_built=&#8221;1&#8243; _builder_version=&#8221;4.16&#8243; custom_padding=&#8221;0px|0px|0px|0px&#8221; global_colors_info=&#8221;{}&#8221;][et_pb_row _builder_version=&#8221;4.16&#8243; background_size=&#8221;initial&#8221; background_position=&#8221;top_left&#8221; background_repeat=&#8221;repeat&#8221; custom_padding=&#8221;27px|0px|27px|0px&#8221; global_colors_info=&#8221;{}&#8221;][et_pb_column type=&#8221;4_4&#8243; _builder_version=&#8221;4.16&#8243; custom_padding=&#8221;|||&#8221; global_colors_info=&#8221;{}&#8221; custom_padding__hover=&#8221;|||&#8221;][et_pb_text admin_label=&#8221;E-SERVICE Testo&#8221; _builder_version=&#8221;4.16&#8243; background_size=&#8221;initial&#8221; background_position=&#8221;top_left&#8221; background_repeat=&#8221;repeat&#8221; text_orientation=&#8221;center&#8221; module_alignment=&#8221;center&#8221; global_colors_info=&#8221;{}&#8221;]\n<h2 style=\"text-align: center;\"><span style=\"color: #e52b38;\">E-HI\u0307ZMET <span style=\"color: #0065a6;\">KONTROL\u00dc VE Y\u00d6NETI\u0307MI\u0307<\/span><\/span><\/h2>\n<p style=\"text-align: justify;\">Hizmetimiz <strong><span style=\"color: #0065a6;\">E-H\u0130ZMET<\/span><\/strong> sa\u011flar <strong><span style=\"color: #0065a6;\">Kontrol ve Y\u00f6netim Ara\u00e7lar\u0131<\/span><\/strong> . <strong><span style=\"color: #0065a6;\">Lojistik Hizmetleri<\/span><\/strong>, <strong><span style=\"color: #0065a6;\">Nakliye<\/span><\/strong> e <strong><span style=\"color: #0065a6;\">Nakliye<\/span><\/strong>. D\u00fcnyan\u0131n neresinde olursan\u0131z olun, y\u0131l\u0131n 365 g\u00fcn\u00fc web sitemizin size ayr\u0131lan b\u00f6l\u00fcm\u00fcnden <span style=\"color: #0065a6;\"><strong>M\u00dc\u015eTER\u0130 ALANI<\/strong><\/span> na giri\u015f yaparak, a\u015fa\u011f\u0131daki hizmetlerimizden faydalanabilirsiniz:<\/p>\n[\/et_pb_text][\/et_pb_column][\/et_pb_row][\/et_pb_section][et_pb_section fb_built=&#8221;1&#8243; _builder_version=&#8221;4.16&#8243; background_color=&#8221;#0065a6&#8243; custom_padding=&#8221;0px|0px|0px|0px&#8221; global_colors_info=&#8221;{}&#8221;][et_pb_row column_structure=&#8221;1_3,1_3,1_3&#8243; _builder_version=&#8221;4.16&#8243; background_size=&#8221;initial&#8221; background_position=&#8221;top_left&#8221; background_repeat=&#8221;repeat&#8221; global_colors_info=&#8221;{}&#8221;][et_pb_column type=&#8221;1_3&#8243; _builder_version=&#8221;4.16&#8243; custom_padding=&#8221;|||&#8221; global_colors_info=&#8221;{}&#8221; custom_padding__hover=&#8221;|||&#8221;][et_pb_toggle title=&#8221;CRM-K &#8221; closed_toggle_text_color=&#8221;#0065a6&#8243; closed_toggle_background_color=&#8221;#ffffff&#8221; icon_color=&#8221;#0065a6&#8243; open_icon_color=&#8221;#0065a6&#8243; admin_label=&#8221;CRM-K Toggle&#8221; _builder_version=&#8221;4.19.4&#8243; title_text_color=&#8221;#0065a6&#8243; title_font=&#8221;|on|||&#8221; background_size=&#8221;initial&#8221; background_position=&#8221;top_left&#8221; background_repeat=&#8221;repeat&#8221; global_colors_info=&#8221;{}&#8221;]\n<p style=\"text-align: justify;\">Bu bir <strong><span style=\"color: #0065a6;\">M\u00fc\u015fteri \u0130li\u015fkileri Y\u00f6netimi <\/span><\/strong>. <strong><span style=\"color: #e52b38;\">Speedlogistik<\/span><\/strong>M\u00fc\u015fterinin ihtiya\u00e7lar\u0131na m\u00fckemmel bir \u015fekilde uyarlanabilen, t\u00fcm bilgileri kaydetmek ve m\u00fc\u015fteriyle ileti\u015fim kurmak ve hizmetlerle birle\u015ftirmek i\u00e7in <strong><span style=\"color: #0065a6;\">M\u00fc\u015fteri Hizmetleri<\/span><\/strong> \u015firketimiz taraf\u0131ndan sunulan hizmetler. Lojistik <strong><span style=\"color: #0065a6;\">\u00d6n B\u00fcro!<\/span><\/strong><\/p>\n[\/et_pb_toggle][et_pb_toggle title=&#8221;B2B Hizmetleri&#8221; closed_toggle_text_color=&#8221;#0065a6&#8243; icon_color=&#8221;#0065a6&#8243; open_icon_color=&#8221;#0065a6&#8243; admin_label=&#8221;Servizi B2B Toggle&#8221; _builder_version=&#8221;4.16&#8243; title_text_color=&#8221;#0065a6&#8243; title_font=&#8221;|on|||&#8221; background_size=&#8221;initial&#8221; background_position=&#8221;top_left&#8221; background_repeat=&#8221;repeat&#8221; global_colors_info=&#8221;{}&#8221;]\n<p style=\"text-align: justify;\">Hizmetler <strong><span style=\"color: #0065a6;\">B2B H\u0130ZMETLER<\/span><\/strong> hizmetler \u00f6zellikle acenteler, temsilciler veya son m\u00fc\u015fteriler i\u00e7in sat\u0131\u015flar\u0131 sonu\u00e7land\u0131rmak i\u00e7in kullan\u0131\u015fl\u0131d\u0131r <strong><span style=\"color: #0065a6;\">B2B<\/span><\/strong>Genellikle stoktaki mallardan veya iadelerden. <strong><span style=\"color: #e52b38;\">SPEEDLOGISTIK<\/span><\/strong>&#8216;in y\u00f6netim sistemleri; m\u00fc\u015fteri ile birlikte, pazarlanan \u00fcr\u00fcnlerin belirli verilerinin entegre halde kullan\u0131lmas\u0131n\u0131 sa\u011flar ve kullan\u0131c\u0131lara a\u015fa\u011f\u0131daki avantajlar\u0131 sunmay\u0131 hedefler:<\/p>\n<ul>\n<li style=\"text-align: justify;\">\u00dcr\u00fcn foto\u011fraf\u0131 da dahil olmak \u00fczere detayland\u0131rma metni ekleme imkan\u0131.<\/li>\n<li style=\"text-align: justify;\">Ger\u00e7ek zamanl\u0131 \u00fcr\u00fcn y\u00f6netimi ve g\u00f6r\u00fcnt\u00fcleme imkan\u0131.<\/li>\n<li style=\"text-align: justify;\">Sipari\u015f emri olu\u015fturma imkan\u0131.<\/li>\n<li style=\"text-align: justify;\">\u00dcr\u00fcn havuzundan belirlenen kalemleri iste\u011fe ba\u011fl\u0131 olarak sipari\u015fe d\u00f6n\u00fc\u015ft\u00fcrme imkan\u0131.<\/li>\n<li style=\"text-align: justify;\">\u0130statistiki verilerin olu\u015fturulmas\u0131 ve raporlanmas\u0131 imkan\u0131.<\/li>\n<\/ul>\n[\/et_pb_toggle][\/et_pb_column][et_pb_column type=&#8221;1_3&#8243; _builder_version=&#8221;4.16&#8243; custom_padding=&#8221;|||&#8221; global_colors_info=&#8221;{}&#8221; custom_padding__hover=&#8221;|||&#8221;][et_pb_toggle title=&#8221;On-Line Ma\u011faza&#8221; closed_toggle_text_color=&#8221;#0065a6&#8243; icon_color=&#8221;#0065a6&#8243; open_icon_color=&#8221;#0065a6&#8243; admin_label=&#8221;Magazzino On-Line Toggle&#8221; _builder_version=&#8221;4.16&#8243; title_text_color=&#8221;#0065a6&#8243; title_font=&#8221;|on|||&#8221; background_size=&#8221;initial&#8221; background_position=&#8221;top_left&#8221; background_repeat=&#8221;repeat&#8221; global_colors_info=&#8221;{}&#8221;]\n<p style=\"text-align: justify;\">D\u00fcnyan\u0131n neresinde olursan\u0131z olun, depomuz her \u015feyden \u00f6nce S\u0130Z\u0130N ma\u011fazan\u0131z. Bize emanet etti\u011finiz \u00fcr\u00fcnlerinizin ve di\u011fer t\u00fcm ticari e\u015fyalar\u0131n\u0131z\u0131n tam olarak nerede oldu\u011funu her an g\u00f6rebilecek, anl\u0131k olarak hangi depo alan\u0131nda, hangi palet veya rafta oldu\u011funu bileceksiniz. \u00dcr\u00fcn\u00fcn depoya ne zaman girdi\u011fini, ne zaman konumland\u0131r\u0131ld\u0131\u011f\u0131n\u0131, ta\u015f\u0131n\u0131p ta\u015f\u0131nmad\u0131\u011f\u0131n\u0131, paketlenip paketlenmedi\u011fini ve g\u00f6nderilip g\u00f6nderilmedi\u011fini g\u00f6rebileceksiniz. Ve m\u00fc\u015fterinizin var\u0131\u015f noktas\u0131na ula\u015ft\u0131\u011f\u0131nda, birka\u00e7 ay veya y\u0131l sonra bile, \u00fcr\u00fcn referans verilerini girerek, bu mal biriminin s\u00f6z konusu tedarik\u00e7iden 5 May\u0131s 2017 tarihinde saat 16:52&#8217;de lojisti\u011fe girdi\u011fini, 23 g\u00fcn boyunca 518 numaral\u0131 palete yerle\u015ftirildi\u011fini ve daha sonra 28 May\u0131s 2017 tarihinde i\u015flenip sevk edildi\u011fini bilebileceksiniz.<\/p>\n[\/et_pb_toggle][et_pb_toggle title=&#8221;B2C Hizmetleri \/ E-ticaret&#8221; closed_toggle_text_color=&#8221;#0065a6&#8243; icon_color=&#8221;#0065a6&#8243; open_icon_color=&#8221;#0065a6&#8243; admin_label=&#8221;Servizi B2C \/ E-commerce Toggle&#8221; _builder_version=&#8221;4.16&#8243; title_text_color=&#8221;#0065a6&#8243; title_font=&#8221;|on|||&#8221; background_size=&#8221;initial&#8221; background_position=&#8221;top_left&#8221; background_repeat=&#8221;repeat&#8221; global_colors_info=&#8221;{}&#8221;]\n<p style=\"text-align: justify;\"><strong><span style=\"color: #0065a6;\">B2C<\/span><\/strong> sistemleri, \u00fcr\u00fcnlerinin \u00e7evrimi\u00e7i sat\u0131\u015f\u0131n\u0131 \u00fcstlenmek veya geli\u015ftirmek isteyen \u015firketler i\u00e7in olu\u015fturulan ve a\u015fa\u011f\u0131daki avantajlardan yararlanmay\u0131 hedefleleyen sistemlerdir:<\/p>\n<ul>\n<li style=\"text-align: justify;\">On-line Ma\u011fazac\u0131l\u0131k.<\/li>\n<li style=\"text-align: justify;\">Sat\u0131\u015flar\u0131n\u0131z\u0131, lojistik ve nakliye hizmetleri ile entegre \u00e7al\u0131\u015fan bir internet sitesinin yard\u0131m\u0131yla ger\u00e7ekle\u015ftirme imkan\u0131.<\/li>\n<li style=\"text-align: justify;\">Kendi kendinize y\u00f6netebilece\u011finiz bir web sitesi ve sevkiyat portal\u0131n\u0131 kullanma se\u00e7ene\u011fi.<\/li>\n<li style=\"text-align: justify;\">E-ticaret m\u00fc\u015fteri platformundan m\u00fc\u015fteri ve sipari\u015f takibi.<\/li>\n<li style=\"text-align: justify;\">G\u00f6nderilerin <strong><span style=\"color: #0065a6;\">Takip<\/span><\/strong> numaralar\u0131 i\u00e7in kullan\u0131lan <strong><span style=\"color: #0065a6;\">PIN CODE<\/span><\/strong> sistemini kullanma imkan\u0131.<\/li>\n<\/ul>\n[\/et_pb_toggle][\/et_pb_column][et_pb_column type=&#8221;1_3&#8243; _builder_version=&#8221;4.16&#8243; custom_padding=&#8221;|||&#8221; global_colors_info=&#8221;{}&#8221; custom_padding__hover=&#8221;|||&#8221;][et_pb_toggle title=&#8221;Ara\u015ft\u0131rma, \u0130statistik, Envanterler Kullanimi &#8221; closed_toggle_text_color=&#8221;#0065a6&#8243; icon_color=&#8221;#0065a6&#8243; open_icon_color=&#8221;#0065a6&#8243; admin_label=&#8221;Ricerche, Statistiche e Inventari Toggle&#8221; _builder_version=&#8221;4.16&#8243; title_text_color=&#8221;#0065a6&#8243; title_font=&#8221;|on|||&#8221; title_font_size=&#8221;16px&#8221; background_size=&#8221;initial&#8221; background_position=&#8221;top_left&#8221; background_repeat=&#8221;repeat&#8221; global_colors_info=&#8221;{}&#8221;]\n<p style=\"text-align: justify;\">\u00c7e\u015fitli filtrelerle \u00fcr\u00fcn ara\u015ft\u0131rmas\u0131 yapma, verileri tahmin etme ve istatistik yapma imkan\u0131. Bir\u00e7ok formatta ger\u00e7ek zamanl\u0131 stok, mal durumu ve envanter takibi imkan\u0131.<\/p>\n[\/et_pb_toggle][et_pb_toggle title=&#8221;G\u00f6nderi Takibi&#8221; closed_toggle_text_color=&#8221;#0065a6&#8243; icon_color=&#8221;#0065a6&#8243; open_icon_color=&#8221;#0065a6&#8243; admin_label=&#8221;Tracking di spedizione Toggle&#8221; _builder_version=&#8221;4.16&#8243; title_text_color=&#8221;#0065a6&#8243; title_font=&#8221;|on|||&#8221; background_size=&#8221;initial&#8221; background_position=&#8221;top_left&#8221; background_repeat=&#8221;repeat&#8221; global_colors_info=&#8221;{}&#8221;]\n<p style=\"text-align: justify;\">Nihai al\u0131c\u0131ya olan mal teslimine kadar her a\u015famada sevkiyat durumunu do\u011frulama imkan\u0131.<\/p>\n[\/et_pb_toggle][\/et_pb_column][\/et_pb_row][\/et_pb_section]\n","protected":false},"excerpt":{"rendered":"<p>E-HI\u0307ZMET KONTROL\u00dc VE Y\u00d6NETI\u0307MI\u0307 Hizmetimiz E-H\u0130ZMET sa\u011flar Kontrol ve Y\u00f6netim Ara\u00e7lar\u0131 . Lojistik Hizmetleri, Nakliye e Nakliye. D\u00fcnyan\u0131n neresinde olursan\u0131z olun, y\u0131l\u0131n 365 g\u00fcn\u00fc web sitemizin size ayr\u0131lan b\u00f6l\u00fcm\u00fcnden M\u00dc\u015eTER\u0130 ALANI na giri\u015f yaparak, a\u015fa\u011f\u0131daki hizmetlerimizden faydalanabilirsiniz: Bu bir M\u00fc\u015fteri \u0130li\u015fkileri Y\u00f6netimi . SpeedlogistikM\u00fc\u015fterinin ihtiya\u00e7lar\u0131na m\u00fckemmel bir \u015fekilde uyarlanabilen, t\u00fcm bilgileri kaydetmek ve m\u00fc\u015fteriyle ileti\u015fim [&hellip;]<\/p>\n","protected":false},"author":1,"featured_media":1236,"parent":0,"menu_order":0,"comment_status":"closed","ping_status":"closed","template":"","meta":{"_et_pb_use_builder":"on","_et_pb_old_content":"","_et_gb_content_width":"","footnotes":""},"class_list":["post-1408","page","type-page","status-publish","has-post-thumbnail","hentry"],"yoast_head":"<!-- This site is optimized with the Yoast SEO plugin v26.7 - https:\/\/yoast.com\/wordpress\/plugins\/seo\/ -->\n<title>E-HI\u0307ZMET KONTROL\u00dc<\/title>\n<meta name=\"description\" content=\"E-SERVICE hizmetimiz Lojistik, Nakliye ve Nakliye Hizmetleri i\u00e7in Kontrol ve Y\u00f6netim Ara\u00e7lar\u0131 sa\u011flar.\" \/>\n<meta name=\"robots\" content=\"index, follow, max-snippet:-1, max-image-preview:large, max-video-preview:-1\" \/>\n<link rel=\"canonical\" href=\"https:\/\/speedlogistik.com\/tr\/e-hizmet\/\" \/>\n<meta property=\"og:locale\" content=\"tr_TR\" \/>\n<meta property=\"og:type\" content=\"article\" \/>\n<meta property=\"og:title\" content=\"E-HI\u0307ZMET KONTROL\u00dc\" \/>\n<meta property=\"og:description\" content=\"E-SERVICE hizmetimiz Lojistik, Nakliye ve Nakliye Hizmetleri i\u00e7in Kontrol ve Y\u00f6netim Ara\u00e7lar\u0131 sa\u011flar.\" \/>\n<meta property=\"og:url\" content=\"https:\/\/speedlogistik.com\/tr\/e-hizmet\/\" \/>\n<meta property=\"og:site_name\" content=\"speedlogistik.com\" \/>\n<meta property=\"article:publisher\" content=\"https:\/\/www.facebook.com\/speedlogistik\/\" \/>\n<meta property=\"article:modified_time\" content=\"2023-02-02T16:44:29+00:00\" \/>\n<meta property=\"og:image\" content=\"https:\/\/speedlogistik.com\/wp-content\/uploads\/2017\/04\/e_service.jpg\" \/>\n\t<meta property=\"og:image:width\" content=\"1536\" \/>\n\t<meta property=\"og:image:height\" content=\"768\" \/>\n\t<meta property=\"og:image:type\" content=\"image\/jpeg\" \/>\n<meta name=\"twitter:card\" content=\"summary_large_image\" \/>\n<meta name=\"twitter:label1\" content=\"Est. reading time\" \/>\n\t<meta name=\"twitter:data1\" content=\"7 minutes\" \/>\n<script type=\"application\/ld+json\" class=\"yoast-schema-graph\">{\"@context\":\"https:\/\/schema.org\",\"@graph\":[{\"@type\":\"WebPage\",\"@id\":\"https:\/\/speedlogistik.com\/tr\/e-hizmet\/\",\"url\":\"https:\/\/speedlogistik.com\/tr\/e-hizmet\/\",\"name\":\"E-HI\u0307ZMET KONTROL\u00dc\",\"isPartOf\":{\"@id\":\"https:\/\/speedlogistik.com\/tr\/#website\"},\"primaryImageOfPage\":{\"@id\":\"https:\/\/speedlogistik.com\/tr\/e-hizmet\/#primaryimage\"},\"image\":{\"@id\":\"https:\/\/speedlogistik.com\/tr\/e-hizmet\/#primaryimage\"},\"thumbnailUrl\":\"https:\/\/speedlogistik.com\/wp-content\/uploads\/2017\/04\/e_service.jpg\",\"datePublished\":\"2017-04-12T15:54:28+00:00\",\"dateModified\":\"2023-02-02T16:44:29+00:00\",\"description\":\"E-SERVICE hizmetimiz Lojistik, Nakliye ve Nakliye Hizmetleri i\u00e7in Kontrol ve Y\u00f6netim Ara\u00e7lar\u0131 sa\u011flar.\",\"breadcrumb\":{\"@id\":\"https:\/\/speedlogistik.com\/tr\/e-hizmet\/#breadcrumb\"},\"inLanguage\":\"tr-TR\",\"potentialAction\":[{\"@type\":\"ReadAction\",\"target\":[\"https:\/\/speedlogistik.com\/tr\/e-hizmet\/\"]}]},{\"@type\":\"ImageObject\",\"inLanguage\":\"tr-TR\",\"@id\":\"https:\/\/speedlogistik.com\/tr\/e-hizmet\/#primaryimage\",\"url\":\"https:\/\/speedlogistik.com\/wp-content\/uploads\/2017\/04\/e_service.jpg\",\"contentUrl\":\"https:\/\/speedlogistik.com\/wp-content\/uploads\/2017\/04\/e_service.jpg\",\"width\":1536,\"height\":768,\"caption\":\"Il nostro servizio di E-SERVICE fornisce Strumenti di Controllo e Gestione dei Servizi di Logistica, Trasporto e Spedizione.\"},{\"@type\":\"BreadcrumbList\",\"@id\":\"https:\/\/speedlogistik.com\/tr\/e-hizmet\/#breadcrumb\",\"itemListElement\":[{\"@type\":\"ListItem\",\"position\":1,\"name\":\"Home\",\"item\":\"https:\/\/speedlogistik.com\/tr\/\"},{\"@type\":\"ListItem\",\"position\":2,\"name\":\"E-H\u0130ZMET\"}]},{\"@type\":\"WebSite\",\"@id\":\"https:\/\/speedlogistik.com\/tr\/#website\",\"url\":\"https:\/\/speedlogistik.com\/tr\/\",\"name\":\"speedlogistik.com\",\"description\":\"Logistica e Distribuzione\",\"publisher\":{\"@id\":\"https:\/\/speedlogistik.com\/tr\/#organization\"},\"potentialAction\":[{\"@type\":\"SearchAction\",\"target\":{\"@type\":\"EntryPoint\",\"urlTemplate\":\"https:\/\/speedlogistik.com\/tr\/?s={search_term_string}\"},\"query-input\":{\"@type\":\"PropertyValueSpecification\",\"valueRequired\":true,\"valueName\":\"search_term_string\"}}],\"inLanguage\":\"tr-TR\"},{\"@type\":\"Organization\",\"@id\":\"https:\/\/speedlogistik.com\/tr\/#organization\",\"name\":\"SPEEDLOGISTIK\",\"url\":\"https:\/\/speedlogistik.com\/tr\/\",\"logo\":{\"@type\":\"ImageObject\",\"inLanguage\":\"tr-TR\",\"@id\":\"https:\/\/speedlogistik.com\/tr\/#\/schema\/logo\/image\/\",\"url\":\"https:\/\/speedlogistik.com\/wp-content\/uploads\/2017\/04\/logoSpeedlogistikdefinitivoconfrecceescrittasotto.jpg\",\"contentUrl\":\"https:\/\/speedlogistik.com\/wp-content\/uploads\/2017\/04\/logoSpeedlogistikdefinitivoconfrecceescrittasotto.jpg\",\"width\":557,\"height\":394,\"caption\":\"SPEEDLOGISTIK\"},\"image\":{\"@id\":\"https:\/\/speedlogistik.com\/tr\/#\/schema\/logo\/image\/\"},\"sameAs\":[\"https:\/\/www.facebook.com\/speedlogistik\/\",\"https:\/\/www.linkedin.com\/company-beta\/11134127\/\"]}]}<\/script>\n<!-- \/ Yoast SEO plugin. -->","yoast_head_json":{"title":"E-HI\u0307ZMET KONTROL\u00dc","description":"E-SERVICE hizmetimiz Lojistik, Nakliye ve Nakliye Hizmetleri i\u00e7in Kontrol ve Y\u00f6netim Ara\u00e7lar\u0131 sa\u011flar.","robots":{"index":"index","follow":"follow","max-snippet":"max-snippet:-1","max-image-preview":"max-image-preview:large","max-video-preview":"max-video-preview:-1"},"canonical":"https:\/\/speedlogistik.com\/tr\/e-hizmet\/","og_locale":"tr_TR","og_type":"article","og_title":"E-HI\u0307ZMET KONTROL\u00dc","og_description":"E-SERVICE hizmetimiz Lojistik, Nakliye ve Nakliye Hizmetleri i\u00e7in Kontrol ve Y\u00f6netim Ara\u00e7lar\u0131 sa\u011flar.","og_url":"https:\/\/speedlogistik.com\/tr\/e-hizmet\/","og_site_name":"speedlogistik.com","article_publisher":"https:\/\/www.facebook.com\/speedlogistik\/","article_modified_time":"2023-02-02T16:44:29+00:00","og_image":[{"width":1536,"height":768,"url":"https:\/\/speedlogistik.com\/wp-content\/uploads\/2017\/04\/e_service.jpg","type":"image\/jpeg"}],"twitter_card":"summary_large_image","twitter_misc":{"Est. reading time":"7 minutes"},"schema":{"@context":"https:\/\/schema.org","@graph":[{"@type":"WebPage","@id":"https:\/\/speedlogistik.com\/tr\/e-hizmet\/","url":"https:\/\/speedlogistik.com\/tr\/e-hizmet\/","name":"E-HI\u0307ZMET KONTROL\u00dc","isPartOf":{"@id":"https:\/\/speedlogistik.com\/tr\/#website"},"primaryImageOfPage":{"@id":"https:\/\/speedlogistik.com\/tr\/e-hizmet\/#primaryimage"},"image":{"@id":"https:\/\/speedlogistik.com\/tr\/e-hizmet\/#primaryimage"},"thumbnailUrl":"https:\/\/speedlogistik.com\/wp-content\/uploads\/2017\/04\/e_service.jpg","datePublished":"2017-04-12T15:54:28+00:00","dateModified":"2023-02-02T16:44:29+00:00","description":"E-SERVICE hizmetimiz Lojistik, Nakliye ve Nakliye Hizmetleri i\u00e7in Kontrol ve Y\u00f6netim Ara\u00e7lar\u0131 sa\u011flar.","breadcrumb":{"@id":"https:\/\/speedlogistik.com\/tr\/e-hizmet\/#breadcrumb"},"inLanguage":"tr-TR","potentialAction":[{"@type":"ReadAction","target":["https:\/\/speedlogistik.com\/tr\/e-hizmet\/"]}]},{"@type":"ImageObject","inLanguage":"tr-TR","@id":"https:\/\/speedlogistik.com\/tr\/e-hizmet\/#primaryimage","url":"https:\/\/speedlogistik.com\/wp-content\/uploads\/2017\/04\/e_service.jpg","contentUrl":"https:\/\/speedlogistik.com\/wp-content\/uploads\/2017\/04\/e_service.jpg","width":1536,"height":768,"caption":"Il nostro servizio di E-SERVICE fornisce Strumenti di Controllo e Gestione dei Servizi di Logistica, Trasporto e Spedizione."},{"@type":"BreadcrumbList","@id":"https:\/\/speedlogistik.com\/tr\/e-hizmet\/#breadcrumb","itemListElement":[{"@type":"ListItem","position":1,"name":"Home","item":"https:\/\/speedlogistik.com\/tr\/"},{"@type":"ListItem","position":2,"name":"E-H\u0130ZMET"}]},{"@type":"WebSite","@id":"https:\/\/speedlogistik.com\/tr\/#website","url":"https:\/\/speedlogistik.com\/tr\/","name":"speedlogistik.com","description":"Logistica e Distribuzione","publisher":{"@id":"https:\/\/speedlogistik.com\/tr\/#organization"},"potentialAction":[{"@type":"SearchAction","target":{"@type":"EntryPoint","urlTemplate":"https:\/\/speedlogistik.com\/tr\/?s={search_term_string}"},"query-input":{"@type":"PropertyValueSpecification","valueRequired":true,"valueName":"search_term_string"}}],"inLanguage":"tr-TR"},{"@type":"Organization","@id":"https:\/\/speedlogistik.com\/tr\/#organization","name":"SPEEDLOGISTIK","url":"https:\/\/speedlogistik.com\/tr\/","logo":{"@type":"ImageObject","inLanguage":"tr-TR","@id":"https:\/\/speedlogistik.com\/tr\/#\/schema\/logo\/image\/","url":"https:\/\/speedlogistik.com\/wp-content\/uploads\/2017\/04\/logoSpeedlogistikdefinitivoconfrecceescrittasotto.jpg","contentUrl":"https:\/\/speedlogistik.com\/wp-content\/uploads\/2017\/04\/logoSpeedlogistikdefinitivoconfrecceescrittasotto.jpg","width":557,"height":394,"caption":"SPEEDLOGISTIK"},"image":{"@id":"https:\/\/speedlogistik.com\/tr\/#\/schema\/logo\/image\/"},"sameAs":["https:\/\/www.facebook.com\/speedlogistik\/","https:\/\/www.linkedin.com\/company-beta\/11134127\/"]}]}},"_links":{"self":[{"href":"https:\/\/speedlogistik.com\/tr\/wp-json\/wp\/v2\/pages\/1408","targetHints":{"allow":["GET"]}}],"collection":[{"href":"https:\/\/speedlogistik.com\/tr\/wp-json\/wp\/v2\/pages"}],"about":[{"href":"https:\/\/speedlogistik.com\/tr\/wp-json\/wp\/v2\/types\/page"}],"author":[{"embeddable":true,"href":"https:\/\/speedlogistik.com\/tr\/wp-json\/wp\/v2\/users\/1"}],"replies":[{"embeddable":true,"href":"https:\/\/speedlogistik.com\/tr\/wp-json\/wp\/v2\/comments?post=1408"}],"version-history":[{"count":0,"href":"https:\/\/speedlogistik.com\/tr\/wp-json\/wp\/v2\/pages\/1408\/revisions"}],"wp:featuredmedia":[{"embeddable":true,"href":"https:\/\/speedlogistik.com\/tr\/wp-json\/wp\/v2\/media\/1236"}],"wp:attachment":[{"href":"https:\/\/speedlogistik.com\/tr\/wp-json\/wp\/v2\/media?parent=1408"}],"curies":[{"name":"wp","href":"https:\/\/api.w.org\/{rel}","templated":true}]}}