{"id":1399,"date":"2017-04-12T17:51:45","date_gmt":"2017-04-12T15:51:45","guid":{"rendered":"https:\/\/speedlogistik.com\/wms-depo-yonetimi\/"},"modified":"2023-02-02T17:26:32","modified_gmt":"2023-02-02T16:26:32","slug":"wms-depo-yonetimi","status":"publish","type":"page","link":"https:\/\/speedlogistik.com\/tr\/wms-depo-yonetimi\/","title":{"rendered":"WMS DEPO Y\u00d6NET\u0130M\u0130"},"content":{"rendered":"[et_pb_section fb_built=&#8221;1&#8243; fullwidth=&#8221;on&#8221; _builder_version=&#8221;4.16&#8243; global_colors_info=&#8221;{}&#8221;][et_pb_fullwidth_slider _builder_version=&#8221;4.16&#8243; custom_padding=&#8221;|||&#8221; custom_padding_tablet=&#8221;|||&#8221; custom_padding_phone=&#8221;|||&#8221; box_shadow_style=&#8221;preset6&#8243; box_shadow_blur=&#8221;10px&#8221; box_shadow_color=&#8221;rgba(0,0,0,0.1)&#8221; show_inner_shadow=&#8221;on&#8221; global_colors_info=&#8221;{}&#8221; button_text_size__hover_enabled=&#8221;off&#8221; button_one_text_size__hover_enabled=&#8221;off&#8221; button_two_text_size__hover_enabled=&#8221;off&#8221; button_text_color__hover_enabled=&#8221;off&#8221; button_one_text_color__hover_enabled=&#8221;off&#8221; button_two_text_color__hover_enabled=&#8221;off&#8221; button_border_width__hover_enabled=&#8221;off&#8221; button_one_border_width__hover_enabled=&#8221;off&#8221; button_two_border_width__hover_enabled=&#8221;off&#8221; button_border_color__hover_enabled=&#8221;off&#8221; button_one_border_color__hover_enabled=&#8221;off&#8221; button_two_border_color__hover_enabled=&#8221;off&#8221; button_border_radius__hover_enabled=&#8221;off&#8221; button_one_border_radius__hover_enabled=&#8221;off&#8221; button_two_border_radius__hover_enabled=&#8221;off&#8221; button_letter_spacing__hover_enabled=&#8221;off&#8221; button_one_letter_spacing__hover_enabled=&#8221;off&#8221; button_two_letter_spacing__hover_enabled=&#8221;off&#8221; button_bg_color__hover_enabled=&#8221;off&#8221; button_one_bg_color__hover_enabled=&#8221;off&#8221; button_two_bg_color__hover_enabled=&#8221;off&#8221;][et_pb_slide heading=&#8221;WMS DEPO Y\u00d6NET\u0130M\u0130&#8221; use_bg_overlay=&#8221;off&#8221; use_text_overlay=&#8221;on&#8221; text_overlay_color=&#8221;rgba(0,101,166,0.77)&#8221; _builder_version=&#8221;4.16&#8243; header_font=&#8221;|on|||&#8221; header_font_size=&#8221;40&#8243; body_font=&#8221;||||&#8221; background_color=&#8221;#ffffff&#8221; background_image=&#8221;https:\/\/speedlogistik.com\/wp-content\/uploads\/2017\/04\/003.jpg&#8221; background_repeat=&#8221;repeat&#8221; button_icon_placement=&#8221;right&#8221; button_on_hover=&#8221;on&#8221; header_font_size_tablet=&#8221;25&#8243; header_font_size_phone=&#8221;25&#8243; header_font_size_last_edited=&#8221;on|phone&#8221; global_colors_info=&#8221;{}&#8221; sticky_transition=&#8221;on&#8221; button_text_size__hover_enabled=&#8221;off&#8221; button_one_text_size__hover_enabled=&#8221;off&#8221; button_two_text_size__hover_enabled=&#8221;off&#8221; button_text_color__hover_enabled=&#8221;off&#8221; button_one_text_color__hover_enabled=&#8221;off&#8221; button_two_text_color__hover_enabled=&#8221;off&#8221; button_border_width__hover_enabled=&#8221;off&#8221; button_one_border_width__hover_enabled=&#8221;off&#8221; button_two_border_width__hover_enabled=&#8221;off&#8221; button_border_color__hover_enabled=&#8221;off&#8221; button_one_border_color__hover_enabled=&#8221;off&#8221; button_two_border_color__hover_enabled=&#8221;off&#8221; button_border_radius__hover_enabled=&#8221;off&#8221; button_one_border_radius__hover_enabled=&#8221;off&#8221; button_two_border_radius__hover_enabled=&#8221;off&#8221; button_letter_spacing__hover_enabled=&#8221;off&#8221; button_one_letter_spacing__hover_enabled=&#8221;off&#8221; button_two_letter_spacing__hover_enabled=&#8221;off&#8221; button_bg_color__hover_enabled=&#8221;off&#8221; button_one_bg_color__hover_enabled=&#8221;off&#8221; button_two_bg_color__hover_enabled=&#8221;off&#8221;][\/et_pb_slide][\/et_pb_fullwidth_slider][\/et_pb_section][et_pb_section fb_built=&#8221;1&#8243; _builder_version=&#8221;4.16&#8243; custom_padding=&#8221;0px|0px|0px|0px&#8221; global_colors_info=&#8221;{}&#8221;][et_pb_row _builder_version=&#8221;4.16&#8243; background_size=&#8221;initial&#8221; background_position=&#8221;top_left&#8221; background_repeat=&#8221;repeat&#8221; custom_padding=&#8221;27px|0px|27px|0px&#8221; global_colors_info=&#8221;{}&#8221;][et_pb_column type=&#8221;4_4&#8243; _builder_version=&#8221;4.16&#8243; custom_padding=&#8221;|||&#8221; global_colors_info=&#8221;{}&#8221; custom_padding__hover=&#8221;|||&#8221;][et_pb_text admin_label=&#8221;GESTIONE WMS E LAVORAZIONI ACCESSORIE Testo&#8221; _builder_version=&#8221;4.16&#8243; background_size=&#8221;initial&#8221; background_position=&#8221;top_left&#8221; background_repeat=&#8221;repeat&#8221; text_orientation=&#8221;justified&#8221; global_colors_info=&#8221;{}&#8221;]\n<h2 style=\"text-align: center;\"><span style=\"color: #e52b38;\">DEPO <\/span><span style=\"color: #0065a6;\">VE \u00dcR\u00dcN B\u0130LE\u015eENLER\u0130 H\u0130ZMET\u0130<\/span><\/h2>\n<p style=\"text-align: justify;\">WMS Y\u00f6netimi: <em><strong><span style=\"color: #e52b38;\">SPEEDLOGISTIK<\/span><\/strong><\/em> , <strong><span style=\"color: #0065a6;\">Depo Y\u00f6netim Sistemieri<\/span><\/strong> sayesinde, karma\u015f\u0131k sistem optimizasyonlar\u0131na entegre olabilir, sistem operasyonu ile hem birincil depoyu hem de miktar ve depolama y\u00f6netimi gibi y\u00f6netim i\u015flevlerini kullanabilirsiniz. Y\u00fcksek kalibrede sundu\u011fumuz programlama sayesinde, y\u00f6netimsel eforu ve maliyetleri minimumda tutmak i\u00e7in m\u00fc\u015fterilerimizin ihtiya\u00e7lar\u0131na en uygun sistemi birlikte olu\u015fturuyoruz.<\/p>\n[\/et_pb_text][\/et_pb_column][\/et_pb_row][\/et_pb_section][et_pb_section fb_built=&#8221;1&#8243; _builder_version=&#8221;4.16&#8243; background_color=&#8221;#0065a6&#8243; custom_padding=&#8221;0px|0px|0px|0px&#8221; global_colors_info=&#8221;{}&#8221;][et_pb_row _builder_version=&#8221;4.16&#8243; background_size=&#8221;initial&#8221; background_position=&#8221;top_left&#8221; background_repeat=&#8221;repeat&#8221; global_colors_info=&#8221;{}&#8221; column_structure=&#8221;1_3,1_3,1_3&#8243;][et_pb_column type=&#8221;1_3&#8243; _builder_version=&#8221;4.16&#8243; custom_padding=&#8221;|||&#8221; global_colors_info=&#8221;{}&#8221; custom_padding__hover=&#8221;|||&#8221;][et_pb_toggle title=&#8221;Depozito \u00d6zellikleri&#8221; closed_toggle_text_color=&#8221;#0065a6&#8243; closed_toggle_background_color=&#8221;#ffffff&#8221; icon_color=&#8221;#0065a6&#8243; open_icon_color=&#8221;#0065a6&#8243; admin_label=&#8221;Caratteristiche del Deposito Toggle&#8221; _builder_version=&#8221;4.16&#8243; title_text_color=&#8221;#0065a6&#8243; title_font=&#8221;|on|||&#8221; background_size=&#8221;initial&#8221; background_position=&#8221;top_left&#8221; background_repeat=&#8221;repeat&#8221; global_colors_info=&#8221;{}&#8221;]\n<p style=\"text-align: justify;\">\u00dcr\u00fcnleriniz, miktar \u00fczerinde anla\u015fmaya var\u0131lana kadar haritalanm\u0131\u015f \u00f6zel alanlarda depoya yerle\u015ftirilir. Kendi \u00fcr\u00fcnleriniz i\u00e7in <span style=\"color: #0065a6;\"><b>\u00d6zel Alan <\/b><\/span> talep etme imkan\u0131 da ayr\u0131ca hizmetlerimiz aras\u0131nda sunulmaktad\u0131r. Raflar, e\u015fya asans\u00f6r\u00fc, s\u0131cakl\u0131k ve nem kontrol\u00fcnde so\u011fuk hava ile donat\u0131lm\u0131\u015f depo, elle\u00e7leme ara\u00e7lar\u0131 sayesinde farkl\u0131 \u00fcr\u00fcn t\u00fcrlerini en profesyonel \u015fekilde i\u015fleme al\u0131yourz Depomuzu <span style=\"color: #0065a6;\"><b>HACCP<\/b><\/span> sistemi ve <b><span style=\"color: #0065a6;\">Ha\u015fere Kontrol\u00fc<\/span><\/b> prosed\u00fcrleriyle kontrol alt\u0131nda tutuyor, \u00fcr\u00fcnlerinizi titizlikle koruyor ve muhafaza ediyoruz.<\/p>\n[\/et_pb_toggle][et_pb_toggle title=&#8221;Stok ve Periyodik Envanter Sayimi Y\u00f6netimi&#8221; closed_toggle_text_color=&#8221;#0065a6&#8243; icon_color=&#8221;#0065a6&#8243; open_icon_color=&#8221;#0065a6&#8243; admin_label=&#8221;Gestione Scorte e Inventari Periodici Toggle&#8221; _builder_version=&#8221;4.16&#8243; title_text_color=&#8221;#0065a6&#8243; title_font=&#8221;|on|||&#8221; background_size=&#8221;initial&#8221; background_position=&#8221;top_left&#8221; background_repeat=&#8221;repeat&#8221; global_colors_info=&#8221;{}&#8221;]\n<p style=\"text-align: justify;\"><strong><span style=\"color: #0065a6;\">FIFO<\/span><\/strong> (ilk giren, ilk \u00e7\u0131kar), <strong><span style=\"color: #0065a6;\">LIFO<\/span><\/strong> (son giren, il \u00e7\u0131kar), <strong><span style=\"color: #0065a6;\">FEFO<\/span><\/strong> (son kullanma tarihi ge\u00e7en \u00fcr\u00fcn, ilk \u00e7\u0131kan) y\u00f6ntemleri ile depo stok y\u00f6netimi. \u00c7e\u015fitli m\u00fc\u015fteri gereksinimlerine g\u00f6re ger\u00e7ek zamanl\u0131 envanter y\u00f6netimi imkan\u0131.<\/p>\n[\/et_pb_toggle][\/et_pb_column][et_pb_column type=&#8221;1_3&#8243; _builder_version=&#8221;4.16&#8243; custom_padding=&#8221;|||&#8221; global_colors_info=&#8221;{}&#8221; custom_padding__hover=&#8221;|||&#8221;][et_pb_toggle title=&#8221;Karantina B\u00f6lgesi&#8221; closed_toggle_text_color=&#8221;#0065a6&#8243; icon_color=&#8221;#0065a6&#8243; open_icon_color=&#8221;#0065a6&#8243; admin_label=&#8221;Area di Quarantena Toggle&#8221; _builder_version=&#8221;4.16&#8243; title_text_color=&#8221;#0065a6&#8243; title_font=&#8221;|on|||&#8221; background_size=&#8221;initial&#8221; background_position=&#8221;top_left&#8221; background_repeat=&#8221;repeat&#8221; global_colors_info=&#8221;{}&#8221;]\n<p style=\"text-align: justify;\">Karantina b\u00f6lgesi i\u00e7in uygunsuz \u00fcr\u00fcn y\u00f6netimi.<\/p>\n[\/et_pb_toggle][et_pb_toggle title=&#8221;Sipari\u015f ve Sat\u0131\u015f Sonras\u0131 Operasyon Y\u00f6netimi.&#8221; closed_toggle_text_color=&#8221;#0065a6&#8243; icon_color=&#8221;#0065a6&#8243; open_icon_color=&#8221;#0065a6&#8243; admin_label=&#8221;Gestione Riassortimenti e Stock-Post Vendita Toggle&#8221; _builder_version=&#8221;4.16&#8243; title_text_color=&#8221;#0065a6&#8243; title_font=&#8221;|on|||&#8221; background_size=&#8221;initial&#8221; background_position=&#8221;top_left&#8221; background_repeat=&#8221;repeat&#8221; global_colors_info=&#8221;{}&#8221;]\n<p style=\"text-align: justify;\">\u00d6zel depo y\u00f6netim sistemleri ile \u00fcretim lansmanlar\u0131 ve stok i\u00e7in ayr\u0131lm\u0131\u015f depolama imkanlar\u0131. M\u00fc\u015fterilerimizin ve temsilcilerinin \u00e7evrimi\u00e7i olarak deponun stok durumunu an\u0131nda do\u011frulayabilme imkan\u0131. Sezonluk sipari\u015flerde depo y\u00f6netimine <strong><span style=\"color: #0065a6;\">A&#8217;dan Z&#8217;<\/span><\/strong> ye hakimiyet imkan\u0131.<\/p>\n[\/et_pb_toggle][\/et_pb_column][et_pb_column type=&#8221;1_3&#8243; _builder_version=&#8221;4.16&#8243; custom_padding=&#8221;|||&#8221; global_colors_info=&#8221;{}&#8221; custom_padding__hover=&#8221;|||&#8221;][et_pb_toggle title=&#8221;Elle\u00e7leme ve \u00dcr\u00fcn Bile\u015fenleri&#8221; closed_toggle_text_color=&#8221;#0065a6&#8243; icon_color=&#8221;#0065a6&#8243; open_icon_color=&#8221;#0065a6&#8243; admin_label=&#8221;Lavorazioni Accessorie Toggle&#8221; _builder_version=&#8221;4.16&#8243; title_text_color=&#8221;#0065a6&#8243; title_font=&#8221;|on|||&#8221; background_size=&#8221;initial&#8221; background_position=&#8221;top_left&#8221; background_repeat=&#8221;repeat&#8221; global_colors_info=&#8221;{}&#8221;]\n<ul>\n<li>\u00dcr\u00fcn montaj\u0131 ve paketleme.<\/li>\n<li>N\u00f6tr veya \u00f6zelle\u015ftirilmi\u015f \u00e7emberleme hizmetleri.<\/li>\n<li>Mallar\u0131n g\u00fcvenli\u011fini ve\/veya stabilitesini art\u0131rmak i\u00e7in selofan sarg\u0131.<\/li>\n<li>M\u00fc\u015fteri ile anla\u015f\u0131lan bile\u015fenlerin uygulanmas\u0131 ve son dokunu\u015flar\u0131n yap\u0131lmas\u0131.<\/li>\n<\/ul>\n[\/et_pb_toggle][et_pb_toggle title=&#8221;\u00d6zgun I\u015faretleme Sistemi Ile \u00dcr\u00fcn ve Miktar Kontrol\u00fc&#8221; closed_toggle_text_color=&#8221;#0065a6&#8243; icon_color=&#8221;#0065a6&#8243; open_icon_color=&#8221;#0065a6&#8243; admin_label=&#8221;Gestione Prodotti a \u201cSeriale Unico\u201d-Controllo Matricolare Toggle&#8221; _builder_version=&#8221;4.16&#8243; title_text_color=&#8221;#0065a6&#8243; title_font=&#8221;|on|||&#8221; title_font_size=&#8221;16px&#8221; background_size=&#8221;initial&#8221; background_position=&#8221;top_left&#8221; background_repeat=&#8221;repeat&#8221; global_colors_info=&#8221;{}&#8221;]\n<p style=\"text-align: justify;\">M\u00fc\u015fterilerimizin \u00f6zel gereksinimlerine dayal\u0131 mal lojisti\u011fi y\u00f6netimi: palete, kutuya (karton), tek birime, hedefe, \u00f6\u011feye, boyuta, de\u011fi\u015fkene, referansa, \u00fcretim partisine veya son teslim tarihine g\u00f6re i\u015fleme alabilme imkan\u0131. T\u00fcm lojistik i\u015flem d\u00f6ng\u00fcs\u00fc, \u00fcr\u00fcn tan\u0131mlamas\u0131 i\u00e7in &#8220;<b><span style=\"color: #0065a6;\">Tek Seri Numaras\u0131<\/span><\/b>&#8220;<b> <\/b>veya &#8220;<span style=\"color: #0065a6;\"><b>\u00d6zg\u00fcn \u0130\u015faretleme Sistemi<\/b><\/span>&#8221; ile takip alt\u0131ndad\u0131r. Her bir par\u00e7a ayr\u0131 ayr\u0131 de\u011ferlendirilir ve m\u00fckemmel bir \u015fekilde izlenebilir.<\/p>\n[\/et_pb_toggle][\/et_pb_column][\/et_pb_row][et_pb_row _builder_version=&#8221;4.16&#8243; background_size=&#8221;initial&#8221; background_position=&#8221;top_left&#8221; background_repeat=&#8221;repeat&#8221; global_colors_info=&#8221;{}&#8221; column_structure=&#8221;1_3,1_3,1_3&#8243;][et_pb_column type=&#8221;1_3&#8243; _builder_version=&#8221;4.16&#8243; custom_padding=&#8221;|||&#8221; global_colors_info=&#8221;{}&#8221; custom_padding__hover=&#8221;|||&#8221;][et_pb_image src=&#8221;https:\/\/speedlogistik.com\/wp-content\/uploads\/2017\/04\/004-1.jpg&#8221; align_tablet=&#8221;center&#8221; align_last_edited=&#8221;on|desktop&#8221; _builder_version=&#8221;4.16&#8243; animation=&#8221;off&#8221; global_colors_info=&#8221;{}&#8221; align_phone=&#8221;center&#8221;][\/et_pb_image][\/et_pb_column][et_pb_column type=&#8221;1_3&#8243; _builder_version=&#8221;4.16&#8243; custom_padding=&#8221;|||&#8221; global_colors_info=&#8221;{}&#8221; custom_padding__hover=&#8221;|||&#8221;][et_pb_image src=&#8221;https:\/\/speedlogistik.com\/wp-content\/uploads\/2017\/04\/005-1.jpg&#8221; align_tablet=&#8221;center&#8221; align_last_edited=&#8221;on|desktop&#8221; _builder_version=&#8221;4.16&#8243; animation=&#8221;off&#8221; global_colors_info=&#8221;{}&#8221; align_phone=&#8221;center&#8221;][\/et_pb_image][\/et_pb_column][et_pb_column type=&#8221;1_3&#8243; _builder_version=&#8221;4.16&#8243; custom_padding=&#8221;|||&#8221; global_colors_info=&#8221;{}&#8221; custom_padding__hover=&#8221;|||&#8221;][et_pb_image src=&#8221;https:\/\/speedlogistik.com\/wp-content\/uploads\/2017\/04\/007.jpg&#8221; align_tablet=&#8221;center&#8221; align_last_edited=&#8221;on|desktop&#8221; _builder_version=&#8221;4.16&#8243; animation=&#8221;off&#8221; global_colors_info=&#8221;{}&#8221; align_phone=&#8221;center&#8221;][\/et_pb_image][\/et_pb_column][\/et_pb_row][\/et_pb_section]\n","protected":false},"excerpt":{"rendered":"<p>DEPO VE \u00dcR\u00dcN B\u0130LE\u015eENLER\u0130 H\u0130ZMET\u0130 WMS Y\u00f6netimi: SPEEDLOGISTIK , Depo Y\u00f6netim Sistemieri sayesinde, karma\u015f\u0131k sistem optimizasyonlar\u0131na entegre olabilir, sistem operasyonu ile hem birincil depoyu hem de miktar ve depolama y\u00f6netimi gibi y\u00f6netim i\u015flevlerini kullanabilirsiniz. Y\u00fcksek kalibrede sundu\u011fumuz programlama sayesinde, y\u00f6netimsel eforu ve maliyetleri minimumda tutmak i\u00e7in m\u00fc\u015fterilerimizin ihtiya\u00e7lar\u0131na en uygun sistemi birlikte olu\u015fturuyoruz. \u00dcr\u00fcnleriniz, miktar [&hellip;]<\/p>\n","protected":false},"author":1,"featured_media":1222,"parent":0,"menu_order":0,"comment_status":"closed","ping_status":"closed","template":"","meta":{"_et_pb_use_builder":"on","_et_pb_old_content":"","_et_gb_content_width":"","footnotes":""},"class_list":["post-1399","page","type-page","status-publish","has-post-thumbnail","hentry"],"yoast_head":"<!-- This site is optimized with the Yoast SEO plugin v26.7 - https:\/\/yoast.com\/wordpress\/plugins\/seo\/ -->\n<title>DEPO VE \u00dcR\u00dcN B\u0130LE\u015eENLER\u0130 H\u0130ZMET\u0130<\/title>\n<meta name=\"description\" content=\"WMS Y\u00d6NET\u0130M\u0130: SPEEDLOGISTIK&#039;in Depo Y\u00f6netim Sistemi, karma\u015f\u0131k depo ve da\u011f\u0131t\u0131m sistemlerinin y\u00f6netimini ve kontrol\u00fcn\u00fc i\u00e7erir\" \/>\n<meta name=\"robots\" content=\"index, follow, max-snippet:-1, max-image-preview:large, max-video-preview:-1\" \/>\n<link rel=\"canonical\" href=\"https:\/\/speedlogistik.com\/tr\/wms-depo-yonetimi\/\" \/>\n<meta property=\"og:locale\" content=\"tr_TR\" \/>\n<meta property=\"og:type\" content=\"article\" \/>\n<meta property=\"og:title\" content=\"DEPO VE \u00dcR\u00dcN B\u0130LE\u015eENLER\u0130 H\u0130ZMET\u0130\" \/>\n<meta property=\"og:description\" content=\"WMS Y\u00d6NET\u0130M\u0130: SPEEDLOGISTIK&#039;in Depo Y\u00f6netim Sistemi, karma\u015f\u0131k depo ve da\u011f\u0131t\u0131m sistemlerinin y\u00f6netimini ve kontrol\u00fcn\u00fc i\u00e7erir\" \/>\n<meta property=\"og:url\" content=\"https:\/\/speedlogistik.com\/tr\/wms-depo-yonetimi\/\" \/>\n<meta property=\"og:site_name\" content=\"speedlogistik.com\" \/>\n<meta property=\"article:publisher\" content=\"https:\/\/www.facebook.com\/speedlogistik\/\" \/>\n<meta property=\"article:modified_time\" content=\"2023-02-02T16:26:32+00:00\" \/>\n<meta property=\"og:image\" content=\"https:\/\/speedlogistik.com\/wp-content\/uploads\/2017\/04\/005-1.jpg\" \/>\n\t<meta property=\"og:image:width\" content=\"438\" \/>\n\t<meta property=\"og:image:height\" content=\"292\" \/>\n\t<meta property=\"og:image:type\" content=\"image\/jpeg\" \/>\n<meta name=\"twitter:card\" content=\"summary_large_image\" \/>\n<meta name=\"twitter:label1\" content=\"Est. reading time\" \/>\n\t<meta name=\"twitter:data1\" content=\"7 minutes\" \/>\n<script type=\"application\/ld+json\" class=\"yoast-schema-graph\">{\"@context\":\"https:\/\/schema.org\",\"@graph\":[{\"@type\":\"WebPage\",\"@id\":\"https:\/\/speedlogistik.com\/tr\/wms-depo-yonetimi\/\",\"url\":\"https:\/\/speedlogistik.com\/tr\/wms-depo-yonetimi\/\",\"name\":\"DEPO VE \u00dcR\u00dcN B\u0130LE\u015eENLER\u0130 H\u0130ZMET\u0130\",\"isPartOf\":{\"@id\":\"https:\/\/speedlogistik.com\/tr\/#website\"},\"primaryImageOfPage\":{\"@id\":\"https:\/\/speedlogistik.com\/tr\/wms-depo-yonetimi\/#primaryimage\"},\"image\":{\"@id\":\"https:\/\/speedlogistik.com\/tr\/wms-depo-yonetimi\/#primaryimage\"},\"thumbnailUrl\":\"https:\/\/speedlogistik.com\/wp-content\/uploads\/2017\/04\/005-1.jpg\",\"datePublished\":\"2017-04-12T15:51:45+00:00\",\"dateModified\":\"2023-02-02T16:26:32+00:00\",\"description\":\"WMS Y\u00d6NET\u0130M\u0130: SPEEDLOGISTIK'in Depo Y\u00f6netim Sistemi, karma\u015f\u0131k depo ve da\u011f\u0131t\u0131m sistemlerinin y\u00f6netimini ve kontrol\u00fcn\u00fc i\u00e7erir\",\"breadcrumb\":{\"@id\":\"https:\/\/speedlogistik.com\/tr\/wms-depo-yonetimi\/#breadcrumb\"},\"inLanguage\":\"tr-TR\",\"potentialAction\":[{\"@type\":\"ReadAction\",\"target\":[\"https:\/\/speedlogistik.com\/tr\/wms-depo-yonetimi\/\"]}]},{\"@type\":\"ImageObject\",\"inLanguage\":\"tr-TR\",\"@id\":\"https:\/\/speedlogistik.com\/tr\/wms-depo-yonetimi\/#primaryimage\",\"url\":\"https:\/\/speedlogistik.com\/wp-content\/uploads\/2017\/04\/005-1.jpg\",\"contentUrl\":\"https:\/\/speedlogistik.com\/wp-content\/uploads\/2017\/04\/005-1.jpg\",\"width\":438,\"height\":292,\"caption\":\"GESTIONE WMS E LAVORAZIONI ACCESSORIE\"},{\"@type\":\"BreadcrumbList\",\"@id\":\"https:\/\/speedlogistik.com\/tr\/wms-depo-yonetimi\/#breadcrumb\",\"itemListElement\":[{\"@type\":\"ListItem\",\"position\":1,\"name\":\"Home\",\"item\":\"https:\/\/speedlogistik.com\/tr\/\"},{\"@type\":\"ListItem\",\"position\":2,\"name\":\"WMS DEPO Y\u00d6NET\u0130M\u0130\"}]},{\"@type\":\"WebSite\",\"@id\":\"https:\/\/speedlogistik.com\/tr\/#website\",\"url\":\"https:\/\/speedlogistik.com\/tr\/\",\"name\":\"speedlogistik.com\",\"description\":\"Logistica e Distribuzione\",\"publisher\":{\"@id\":\"https:\/\/speedlogistik.com\/tr\/#organization\"},\"potentialAction\":[{\"@type\":\"SearchAction\",\"target\":{\"@type\":\"EntryPoint\",\"urlTemplate\":\"https:\/\/speedlogistik.com\/tr\/?s={search_term_string}\"},\"query-input\":{\"@type\":\"PropertyValueSpecification\",\"valueRequired\":true,\"valueName\":\"search_term_string\"}}],\"inLanguage\":\"tr-TR\"},{\"@type\":\"Organization\",\"@id\":\"https:\/\/speedlogistik.com\/tr\/#organization\",\"name\":\"SPEEDLOGISTIK\",\"url\":\"https:\/\/speedlogistik.com\/tr\/\",\"logo\":{\"@type\":\"ImageObject\",\"inLanguage\":\"tr-TR\",\"@id\":\"https:\/\/speedlogistik.com\/tr\/#\/schema\/logo\/image\/\",\"url\":\"https:\/\/speedlogistik.com\/wp-content\/uploads\/2017\/04\/logoSpeedlogistikdefinitivoconfrecceescrittasotto.jpg\",\"contentUrl\":\"https:\/\/speedlogistik.com\/wp-content\/uploads\/2017\/04\/logoSpeedlogistikdefinitivoconfrecceescrittasotto.jpg\",\"width\":557,\"height\":394,\"caption\":\"SPEEDLOGISTIK\"},\"image\":{\"@id\":\"https:\/\/speedlogistik.com\/tr\/#\/schema\/logo\/image\/\"},\"sameAs\":[\"https:\/\/www.facebook.com\/speedlogistik\/\",\"https:\/\/www.linkedin.com\/company-beta\/11134127\/\"]}]}<\/script>\n<!-- \/ Yoast SEO plugin. -->","yoast_head_json":{"title":"DEPO VE \u00dcR\u00dcN B\u0130LE\u015eENLER\u0130 H\u0130ZMET\u0130","description":"WMS Y\u00d6NET\u0130M\u0130: SPEEDLOGISTIK'in Depo Y\u00f6netim Sistemi, karma\u015f\u0131k depo ve da\u011f\u0131t\u0131m sistemlerinin y\u00f6netimini ve kontrol\u00fcn\u00fc i\u00e7erir","robots":{"index":"index","follow":"follow","max-snippet":"max-snippet:-1","max-image-preview":"max-image-preview:large","max-video-preview":"max-video-preview:-1"},"canonical":"https:\/\/speedlogistik.com\/tr\/wms-depo-yonetimi\/","og_locale":"tr_TR","og_type":"article","og_title":"DEPO VE \u00dcR\u00dcN B\u0130LE\u015eENLER\u0130 H\u0130ZMET\u0130","og_description":"WMS Y\u00d6NET\u0130M\u0130: SPEEDLOGISTIK'in Depo Y\u00f6netim Sistemi, karma\u015f\u0131k depo ve da\u011f\u0131t\u0131m sistemlerinin y\u00f6netimini ve kontrol\u00fcn\u00fc i\u00e7erir","og_url":"https:\/\/speedlogistik.com\/tr\/wms-depo-yonetimi\/","og_site_name":"speedlogistik.com","article_publisher":"https:\/\/www.facebook.com\/speedlogistik\/","article_modified_time":"2023-02-02T16:26:32+00:00","og_image":[{"width":438,"height":292,"url":"https:\/\/speedlogistik.com\/wp-content\/uploads\/2017\/04\/005-1.jpg","type":"image\/jpeg"}],"twitter_card":"summary_large_image","twitter_misc":{"Est. reading time":"7 minutes"},"schema":{"@context":"https:\/\/schema.org","@graph":[{"@type":"WebPage","@id":"https:\/\/speedlogistik.com\/tr\/wms-depo-yonetimi\/","url":"https:\/\/speedlogistik.com\/tr\/wms-depo-yonetimi\/","name":"DEPO VE \u00dcR\u00dcN B\u0130LE\u015eENLER\u0130 H\u0130ZMET\u0130","isPartOf":{"@id":"https:\/\/speedlogistik.com\/tr\/#website"},"primaryImageOfPage":{"@id":"https:\/\/speedlogistik.com\/tr\/wms-depo-yonetimi\/#primaryimage"},"image":{"@id":"https:\/\/speedlogistik.com\/tr\/wms-depo-yonetimi\/#primaryimage"},"thumbnailUrl":"https:\/\/speedlogistik.com\/wp-content\/uploads\/2017\/04\/005-1.jpg","datePublished":"2017-04-12T15:51:45+00:00","dateModified":"2023-02-02T16:26:32+00:00","description":"WMS Y\u00d6NET\u0130M\u0130: SPEEDLOGISTIK'in Depo Y\u00f6netim Sistemi, karma\u015f\u0131k depo ve da\u011f\u0131t\u0131m sistemlerinin y\u00f6netimini ve kontrol\u00fcn\u00fc i\u00e7erir","breadcrumb":{"@id":"https:\/\/speedlogistik.com\/tr\/wms-depo-yonetimi\/#breadcrumb"},"inLanguage":"tr-TR","potentialAction":[{"@type":"ReadAction","target":["https:\/\/speedlogistik.com\/tr\/wms-depo-yonetimi\/"]}]},{"@type":"ImageObject","inLanguage":"tr-TR","@id":"https:\/\/speedlogistik.com\/tr\/wms-depo-yonetimi\/#primaryimage","url":"https:\/\/speedlogistik.com\/wp-content\/uploads\/2017\/04\/005-1.jpg","contentUrl":"https:\/\/speedlogistik.com\/wp-content\/uploads\/2017\/04\/005-1.jpg","width":438,"height":292,"caption":"GESTIONE WMS E LAVORAZIONI ACCESSORIE"},{"@type":"BreadcrumbList","@id":"https:\/\/speedlogistik.com\/tr\/wms-depo-yonetimi\/#breadcrumb","itemListElement":[{"@type":"ListItem","position":1,"name":"Home","item":"https:\/\/speedlogistik.com\/tr\/"},{"@type":"ListItem","position":2,"name":"WMS DEPO Y\u00d6NET\u0130M\u0130"}]},{"@type":"WebSite","@id":"https:\/\/speedlogistik.com\/tr\/#website","url":"https:\/\/speedlogistik.com\/tr\/","name":"speedlogistik.com","description":"Logistica e Distribuzione","publisher":{"@id":"https:\/\/speedlogistik.com\/tr\/#organization"},"potentialAction":[{"@type":"SearchAction","target":{"@type":"EntryPoint","urlTemplate":"https:\/\/speedlogistik.com\/tr\/?s={search_term_string}"},"query-input":{"@type":"PropertyValueSpecification","valueRequired":true,"valueName":"search_term_string"}}],"inLanguage":"tr-TR"},{"@type":"Organization","@id":"https:\/\/speedlogistik.com\/tr\/#organization","name":"SPEEDLOGISTIK","url":"https:\/\/speedlogistik.com\/tr\/","logo":{"@type":"ImageObject","inLanguage":"tr-TR","@id":"https:\/\/speedlogistik.com\/tr\/#\/schema\/logo\/image\/","url":"https:\/\/speedlogistik.com\/wp-content\/uploads\/2017\/04\/logoSpeedlogistikdefinitivoconfrecceescrittasotto.jpg","contentUrl":"https:\/\/speedlogistik.com\/wp-content\/uploads\/2017\/04\/logoSpeedlogistikdefinitivoconfrecceescrittasotto.jpg","width":557,"height":394,"caption":"SPEEDLOGISTIK"},"image":{"@id":"https:\/\/speedlogistik.com\/tr\/#\/schema\/logo\/image\/"},"sameAs":["https:\/\/www.facebook.com\/speedlogistik\/","https:\/\/www.linkedin.com\/company-beta\/11134127\/"]}]}},"_links":{"self":[{"href":"https:\/\/speedlogistik.com\/tr\/wp-json\/wp\/v2\/pages\/1399","targetHints":{"allow":["GET"]}}],"collection":[{"href":"https:\/\/speedlogistik.com\/tr\/wp-json\/wp\/v2\/pages"}],"about":[{"href":"https:\/\/speedlogistik.com\/tr\/wp-json\/wp\/v2\/types\/page"}],"author":[{"embeddable":true,"href":"https:\/\/speedlogistik.com\/tr\/wp-json\/wp\/v2\/users\/1"}],"replies":[{"embeddable":true,"href":"https:\/\/speedlogistik.com\/tr\/wp-json\/wp\/v2\/comments?post=1399"}],"version-history":[{"count":0,"href":"https:\/\/speedlogistik.com\/tr\/wp-json\/wp\/v2\/pages\/1399\/revisions"}],"wp:featuredmedia":[{"embeddable":true,"href":"https:\/\/speedlogistik.com\/tr\/wp-json\/wp\/v2\/media\/1222"}],"wp:attachment":[{"href":"https:\/\/speedlogistik.com\/tr\/wp-json\/wp\/v2\/media?parent=1399"}],"curies":[{"name":"wp","href":"https:\/\/api.w.org\/{rel}","templated":true}]}}