{"id":1542,"date":"2017-05-26T09:36:03","date_gmt":"2017-05-26T07:36:03","guid":{"rendered":"https:\/\/speedlogistik.com\/fuel-surcharge-2\/"},"modified":"2023-03-27T16:09:34","modified_gmt":"2023-03-27T14:09:34","slug":"fuel-surcharge-2","status":"publish","type":"page","link":"https:\/\/speedlogistik.com\/en\/fuel-surcharge-2\/","title":{"rendered":"FUEL SURCHARGE"},"content":{"rendered":"[et_pb_section fb_built=&#8221;1&#8243; fullwidth=&#8221;on&#8221; _builder_version=&#8221;3.0.74&#8243; background_color=&#8221;#0065a6&#8243; transparent_background=&#8221;off&#8221;][et_pb_fullwidth_header title=&#8221;FUEL SURCHARGE&#8221; text_orientation=&#8221;center&#8221; admin_label=&#8221;FUEL SURCHARGE Intestazione a Larghezza Piena&#8221; _builder_version=&#8221;3.16&#8243; title_font_size=&#8221;40px&#8221; title_font_size_tablet=&#8221;25px&#8221; title_font_size_last_edited=&#8221;on|tablet&#8221; background_color=&#8221;rgba(255, 255, 255, 0)&#8221; button_one_letter_spacing_hover=&#8221;0&#8243; button_two_letter_spacing_hover=&#8221;0&#8243; button_one_text_size__hover_enabled=&#8221;off&#8221; button_two_text_size__hover_enabled=&#8221;off&#8221; button_one_text_color__hover_enabled=&#8221;off&#8221; button_two_text_color__hover_enabled=&#8221;off&#8221; button_one_border_width__hover_enabled=&#8221;off&#8221; button_two_border_width__hover_enabled=&#8221;off&#8221; button_one_border_color__hover_enabled=&#8221;off&#8221; button_two_border_color__hover_enabled=&#8221;off&#8221; button_one_border_radius__hover_enabled=&#8221;off&#8221; button_two_border_radius__hover_enabled=&#8221;off&#8221; button_one_letter_spacing__hover_enabled=&#8221;on&#8221; button_one_letter_spacing__hover=&#8221;0&#8243; button_two_letter_spacing__hover_enabled=&#8221;on&#8221; button_two_letter_spacing__hover=&#8221;0&#8243; button_one_bg_color__hover_enabled=&#8221;off&#8221; button_two_bg_color__hover_enabled=&#8221;off&#8221;][\/et_pb_fullwidth_header][\/et_pb_section][et_pb_section fb_built=&#8221;1&#8243; admin_label=&#8221;section&#8221; _builder_version=&#8221;3.0.47&#8243;][et_pb_row admin_label=&#8221;row&#8221; _builder_version=&#8221;3.0.47&#8243; background_size=&#8221;initial&#8221; background_position=&#8221;top_left&#8221; background_repeat=&#8221;repeat&#8221;][et_pb_column type=&#8221;4_4&#8243; _builder_version=&#8221;3.0.47&#8243; parallax=&#8221;off&#8221; parallax_method=&#8221;on&#8221;][et_pb_text _builder_version=&#8221;3.19.4&#8243; background_size=&#8221;initial&#8221; background_position=&#8221;top_left&#8221; background_repeat=&#8221;repeat&#8221; text_orientation=&#8221;justified&#8221; use_border_color=&#8221;off&#8221; border_color=&#8221;#ffffff&#8221; border_style=&#8221;solid&#8221;]\n<p><strong>FUEL ADJUSTMENT ITALY<\/strong><br \/> The transport services terms in Italy are subject to the adjustment on the gas oil costs in consideration of the average monthly price increase compared to value of the same at the indicate date on the transport contract stipulated by the customer. The index is calculated by reference to the fuel average monthly cost based on the data given from the Ministry of Economic Development.. <a href=\"https:\/\/dgsaie.mise.gov.it\/prezzi_carburanti_mensili.php\" target=\"_blank\" rel=\"noopener noreferrer\"><strong>CLICK HERE.<\/strong><\/a><\/p>\n<p><strong>FUEL SURCHARGE UE<\/strong><br \/> The terrestrial transport services terms in Europe are subject to adaptation on the gas oil cost based on the indicated values from the principal european source of price measurement of the Diesel fuel as reported on the Oil Bulletin of the European Commission Directorate General for Energy and Transport. The index is calculated on the basis of the data pubblication dates, referring to the Diesel fuel cost of the previous two months (example: the monthly average fuel price of January will be used to determine the fuel surcharge rate to apply in March). <strong><a href=\"https:\/\/energy.ec.europa.eu\/data-and-analysis\/weekly-oil-bulletin_en\" target=\"_blank\" rel=\"noopener noreferrer\">CLICK HERE.<\/a><\/strong><\/p>\n<p><strong>AVIONIC FUEL SURCHARGE<\/strong><br \/> The air transport rates are subject to a targeted supplement based on U.S Gulf Coast Jet Fuel Prices communicated from the US Department of energy for the previous month of two months the fuel adjustment. The Fuel Surcharge is monthly updated and is applied from the first day of the month. Please contact the shipment office to get clarifications or updates concerning the application of this supplement. Hava ta\u015f\u0131mac\u0131l\u0131\u011f\u0131 \u00fccretleri, yak\u0131t ayarlamas\u0131n\u0131n \u00f6nceki iki ay\u0131 i\u00e7in ABD Enerji Bakanl\u0131\u011f\u0131&#8217;ndan bildirilen &#8220;ABD K\u00f6rfez <strong><a href=\"https:\/\/www.eia.gov\/dnav\/pet\/pet_pri_spt_s1_m.htm\" target=\"_blank\" rel=\"noopener noreferrer\">CLICK HERE.<\/a><\/strong><\/p>\n[\/et_pb_text][\/et_pb_column][\/et_pb_row][\/et_pb_section][et_pb_section fb_built=&#8221;1&#8243; fullwidth=&#8221;on&#8221; _builder_version=&#8221;3.0.74&#8243; background_color=&#8221;#0065a6&#8243; transparent_background=&#8221;off&#8221;][et_pb_fullwidth_header admin_label=&#8221;MODULO SEPARATORE Intestazione a Larghezza Piena&#8221; _builder_version=&#8221;3.16&#8243; background_color=&#8221;rgba(255, 255, 255, 0)&#8221; background_layout=&#8221;light&#8221; button_one_letter_spacing_hover=&#8221;0&#8243; button_two_letter_spacing_hover=&#8221;0&#8243; button_one_text_size__hover_enabled=&#8221;off&#8221; button_two_text_size__hover_enabled=&#8221;off&#8221; button_one_text_color__hover_enabled=&#8221;off&#8221; button_two_text_color__hover_enabled=&#8221;off&#8221; button_one_border_width__hover_enabled=&#8221;off&#8221; button_two_border_width__hover_enabled=&#8221;off&#8221; button_one_border_color__hover_enabled=&#8221;off&#8221; button_two_border_color__hover_enabled=&#8221;off&#8221; button_one_border_radius__hover_enabled=&#8221;off&#8221; button_two_border_radius__hover_enabled=&#8221;off&#8221; button_one_letter_spacing__hover_enabled=&#8221;on&#8221; button_one_letter_spacing__hover=&#8221;0&#8243; button_two_letter_spacing__hover_enabled=&#8221;on&#8221; button_two_letter_spacing__hover=&#8221;0&#8243; button_one_bg_color__hover_enabled=&#8221;off&#8221; button_two_bg_color__hover_enabled=&#8221;off&#8221;][\/et_pb_fullwidth_header][\/et_pb_section]\n","protected":false},"excerpt":{"rendered":"<p>FUEL ADJUSTMENT ITALY The transport services terms in Italy are subject to the adjustment on the gas oil costs in consideration of the average monthly price increase compared to value of the same at the indicate date on the transport contract stipulated by the customer. The index is calculated by reference to the fuel average [&hellip;]<\/p>\n","protected":false},"author":1,"featured_media":0,"parent":0,"menu_order":0,"comment_status":"closed","ping_status":"closed","template":"","meta":{"_et_pb_use_builder":"on","_et_pb_old_content":"","_et_gb_content_width":"","footnotes":""},"class_list":["post-1542","page","type-page","status-publish","hentry"],"yoast_head":"<!-- This site is optimized with the Yoast SEO plugin v26.7 - https:\/\/yoast.com\/wordpress\/plugins\/seo\/ -->\n<title>FUEL SURCHARGE: Rates for transportation services.<\/title>\n<meta name=\"description\" content=\"FUEL SURCHARGE: Rates for transportation services.\" \/>\n<meta name=\"robots\" content=\"index, follow, max-snippet:-1, max-image-preview:large, max-video-preview:-1\" \/>\n<link rel=\"canonical\" href=\"https:\/\/speedlogistik.com\/en\/fuel-surcharge-2\/\" \/>\n<meta property=\"og:locale\" content=\"en_US\" \/>\n<meta property=\"og:type\" content=\"article\" \/>\n<meta property=\"og:title\" content=\"FUEL SURCHARGE: Rates for transportation services.\" \/>\n<meta property=\"og:description\" content=\"FUEL SURCHARGE: Rates for transportation services.\" \/>\n<meta property=\"og:url\" content=\"https:\/\/speedlogistik.com\/en\/fuel-surcharge-2\/\" \/>\n<meta property=\"og:site_name\" content=\"speedlogistik.com\" \/>\n<meta property=\"article:publisher\" content=\"https:\/\/www.facebook.com\/speedlogistik\/\" \/>\n<meta property=\"article:modified_time\" content=\"2023-03-27T14:09:34+00:00\" \/>\n<meta name=\"twitter:card\" content=\"summary_large_image\" \/>\n<meta name=\"twitter:label1\" content=\"Est. reading time\" \/>\n\t<meta name=\"twitter:data1\" content=\"3 minutes\" \/>\n<script type=\"application\/ld+json\" class=\"yoast-schema-graph\">{\"@context\":\"https:\/\/schema.org\",\"@graph\":[{\"@type\":\"WebPage\",\"@id\":\"https:\/\/speedlogistik.com\/en\/fuel-surcharge-2\/\",\"url\":\"https:\/\/speedlogistik.com\/en\/fuel-surcharge-2\/\",\"name\":\"FUEL SURCHARGE: Rates for transportation services.\",\"isPartOf\":{\"@id\":\"https:\/\/speedlogistik.com\/en\/#website\"},\"datePublished\":\"2017-05-26T07:36:03+00:00\",\"dateModified\":\"2023-03-27T14:09:34+00:00\",\"description\":\"FUEL SURCHARGE: Rates for transportation services.\",\"breadcrumb\":{\"@id\":\"https:\/\/speedlogistik.com\/en\/fuel-surcharge-2\/#breadcrumb\"},\"inLanguage\":\"en-US\",\"potentialAction\":[{\"@type\":\"ReadAction\",\"target\":[\"https:\/\/speedlogistik.com\/en\/fuel-surcharge-2\/\"]}]},{\"@type\":\"BreadcrumbList\",\"@id\":\"https:\/\/speedlogistik.com\/en\/fuel-surcharge-2\/#breadcrumb\",\"itemListElement\":[{\"@type\":\"ListItem\",\"position\":1,\"name\":\"Home\",\"item\":\"https:\/\/speedlogistik.com\/en\/\"},{\"@type\":\"ListItem\",\"position\":2,\"name\":\"FUEL SURCHARGE\"}]},{\"@type\":\"WebSite\",\"@id\":\"https:\/\/speedlogistik.com\/en\/#website\",\"url\":\"https:\/\/speedlogistik.com\/en\/\",\"name\":\"speedlogistik.com\",\"description\":\"Logistica e Distribuzione\",\"publisher\":{\"@id\":\"https:\/\/speedlogistik.com\/en\/#organization\"},\"potentialAction\":[{\"@type\":\"SearchAction\",\"target\":{\"@type\":\"EntryPoint\",\"urlTemplate\":\"https:\/\/speedlogistik.com\/en\/?s={search_term_string}\"},\"query-input\":{\"@type\":\"PropertyValueSpecification\",\"valueRequired\":true,\"valueName\":\"search_term_string\"}}],\"inLanguage\":\"en-US\"},{\"@type\":\"Organization\",\"@id\":\"https:\/\/speedlogistik.com\/en\/#organization\",\"name\":\"SPEEDLOGISTIK\",\"url\":\"https:\/\/speedlogistik.com\/en\/\",\"logo\":{\"@type\":\"ImageObject\",\"inLanguage\":\"en-US\",\"@id\":\"https:\/\/speedlogistik.com\/en\/#\/schema\/logo\/image\/\",\"url\":\"https:\/\/speedlogistik.com\/wp-content\/uploads\/2017\/04\/logoSpeedlogistikdefinitivoconfrecceescrittasotto.jpg\",\"contentUrl\":\"https:\/\/speedlogistik.com\/wp-content\/uploads\/2017\/04\/logoSpeedlogistikdefinitivoconfrecceescrittasotto.jpg\",\"width\":557,\"height\":394,\"caption\":\"SPEEDLOGISTIK\"},\"image\":{\"@id\":\"https:\/\/speedlogistik.com\/en\/#\/schema\/logo\/image\/\"},\"sameAs\":[\"https:\/\/www.facebook.com\/speedlogistik\/\",\"https:\/\/www.linkedin.com\/company-beta\/11134127\/\"]}]}<\/script>\n<!-- \/ Yoast SEO plugin. -->","yoast_head_json":{"title":"FUEL SURCHARGE: Rates for transportation services.","description":"FUEL SURCHARGE: Rates for transportation services.","robots":{"index":"index","follow":"follow","max-snippet":"max-snippet:-1","max-image-preview":"max-image-preview:large","max-video-preview":"max-video-preview:-1"},"canonical":"https:\/\/speedlogistik.com\/en\/fuel-surcharge-2\/","og_locale":"en_US","og_type":"article","og_title":"FUEL SURCHARGE: Rates for transportation services.","og_description":"FUEL SURCHARGE: Rates for transportation services.","og_url":"https:\/\/speedlogistik.com\/en\/fuel-surcharge-2\/","og_site_name":"speedlogistik.com","article_publisher":"https:\/\/www.facebook.com\/speedlogistik\/","article_modified_time":"2023-03-27T14:09:34+00:00","twitter_card":"summary_large_image","twitter_misc":{"Est. reading time":"3 minutes"},"schema":{"@context":"https:\/\/schema.org","@graph":[{"@type":"WebPage","@id":"https:\/\/speedlogistik.com\/en\/fuel-surcharge-2\/","url":"https:\/\/speedlogistik.com\/en\/fuel-surcharge-2\/","name":"FUEL SURCHARGE: Rates for transportation services.","isPartOf":{"@id":"https:\/\/speedlogistik.com\/en\/#website"},"datePublished":"2017-05-26T07:36:03+00:00","dateModified":"2023-03-27T14:09:34+00:00","description":"FUEL SURCHARGE: Rates for transportation services.","breadcrumb":{"@id":"https:\/\/speedlogistik.com\/en\/fuel-surcharge-2\/#breadcrumb"},"inLanguage":"en-US","potentialAction":[{"@type":"ReadAction","target":["https:\/\/speedlogistik.com\/en\/fuel-surcharge-2\/"]}]},{"@type":"BreadcrumbList","@id":"https:\/\/speedlogistik.com\/en\/fuel-surcharge-2\/#breadcrumb","itemListElement":[{"@type":"ListItem","position":1,"name":"Home","item":"https:\/\/speedlogistik.com\/en\/"},{"@type":"ListItem","position":2,"name":"FUEL SURCHARGE"}]},{"@type":"WebSite","@id":"https:\/\/speedlogistik.com\/en\/#website","url":"https:\/\/speedlogistik.com\/en\/","name":"speedlogistik.com","description":"Logistica e Distribuzione","publisher":{"@id":"https:\/\/speedlogistik.com\/en\/#organization"},"potentialAction":[{"@type":"SearchAction","target":{"@type":"EntryPoint","urlTemplate":"https:\/\/speedlogistik.com\/en\/?s={search_term_string}"},"query-input":{"@type":"PropertyValueSpecification","valueRequired":true,"valueName":"search_term_string"}}],"inLanguage":"en-US"},{"@type":"Organization","@id":"https:\/\/speedlogistik.com\/en\/#organization","name":"SPEEDLOGISTIK","url":"https:\/\/speedlogistik.com\/en\/","logo":{"@type":"ImageObject","inLanguage":"en-US","@id":"https:\/\/speedlogistik.com\/en\/#\/schema\/logo\/image\/","url":"https:\/\/speedlogistik.com\/wp-content\/uploads\/2017\/04\/logoSpeedlogistikdefinitivoconfrecceescrittasotto.jpg","contentUrl":"https:\/\/speedlogistik.com\/wp-content\/uploads\/2017\/04\/logoSpeedlogistikdefinitivoconfrecceescrittasotto.jpg","width":557,"height":394,"caption":"SPEEDLOGISTIK"},"image":{"@id":"https:\/\/speedlogistik.com\/en\/#\/schema\/logo\/image\/"},"sameAs":["https:\/\/www.facebook.com\/speedlogistik\/","https:\/\/www.linkedin.com\/company-beta\/11134127\/"]}]}},"_links":{"self":[{"href":"https:\/\/speedlogistik.com\/en\/wp-json\/wp\/v2\/pages\/1542","targetHints":{"allow":["GET"]}}],"collection":[{"href":"https:\/\/speedlogistik.com\/en\/wp-json\/wp\/v2\/pages"}],"about":[{"href":"https:\/\/speedlogistik.com\/en\/wp-json\/wp\/v2\/types\/page"}],"author":[{"embeddable":true,"href":"https:\/\/speedlogistik.com\/en\/wp-json\/wp\/v2\/users\/1"}],"replies":[{"embeddable":true,"href":"https:\/\/speedlogistik.com\/en\/wp-json\/wp\/v2\/comments?post=1542"}],"version-history":[{"count":0,"href":"https:\/\/speedlogistik.com\/en\/wp-json\/wp\/v2\/pages\/1542\/revisions"}],"wp:attachment":[{"href":"https:\/\/speedlogistik.com\/en\/wp-json\/wp\/v2\/media?parent=1542"}],"curies":[{"name":"wp","href":"https:\/\/api.w.org\/{rel}","templated":true}]}}